{"id":574,"date":"2026-04-17T14:38:10","date_gmt":"2026-04-17T14:38:10","guid":{"rendered":"https:\/\/gocsach.azdigi.shop\/?post_type=product&#038;p=574"},"modified":"2026-04-19T08:50:21","modified_gmt":"2026-04-19T08:50:21","slug":"sach-cuon-theo-chieu-gio-margaret-mitchell","status":"publish","type":"product","link":"https:\/\/gocsach.azdigi.shop\/?product=sach-cuon-theo-chieu-gio-margaret-mitchell","title":{"rendered":"Cu\u1ed1n Theo Chi\u1ec1u Gi\u00f3"},"content":{"rendered":"<p data-path-to-node=\"7\"><b data-path-to-node=\"7\" data-index-in-node=\"0\">Cu\u1ed1n Theo Chi\u1ec1u Gi\u00f3 &#8211; B\u1ea3n anh h\u00f9ng ca b\u1ea5t di\u1ec7t v\u1ec1 t\u00ecnh y\u00eau v\u00e0 ngh\u1ecb l\u1ef1c<\/b><\/p>\n<p data-path-to-node=\"8\"><b data-path-to-node=\"8\" data-index-in-node=\"0\">Cu\u1ed1n Theo Chi\u1ec1u Gi\u00f3<\/b> kh\u00f4ng ch\u1ec9 l\u00e0 m\u1ed9t trong nh\u1eefng cu\u1ed1n ti\u1ec3u thuy\u1ebft b\u00e1n ch\u1ea1y nh\u1ea5t m\u1ecdi th\u1eddi \u0111\u1ea1i m\u00e0 c\u00f2n l\u00e0 bi\u1ec3u t\u01b0\u1ee3ng c\u1ee7a tinh th\u1ea7n qu\u1eadt c\u01b0\u1eddng. Qua h\u00ecnh t\u01b0\u1ee3ng Scarlett O&#8217;Hara, t\u00e1c gi\u1ea3 <b data-path-to-node=\"8\" data-index-in-node=\"180\">Margaret Mitchell<\/b> \u0111\u00e3 v\u1ebd n\u00ean m\u1ed9t b\u1ee9c tranh r\u1ef1c r\u1ee1 v\u00e0 kh\u1ed1c li\u1ec7t v\u1ec1 mi\u1ec1n Nam n\u01b0\u1edbc M\u1ef9 th\u1eddi n\u1ed9i chi\u1ebfn. T\u1ea1i G\u00f3c S\u00e1ch, ch\u00fang t\u00f4i mang \u0111\u1ebfn nh\u1eefng phi\u00ean b\u1ea3n t\u00e1i b\u1ea3n c\u00f3 thi\u1ebft k\u1ebf tinh t\u1ebf, x\u1ee9ng \u0111\u00e1ng c\u00f3 m\u1eb7t trong t\u1ee7 s\u00e1ch c\u1ee7a m\u1ecdi gia \u0111\u00ecnh.<\/p>\n<h3 data-path-to-node=\"12\">S\u1ee9c s\u1ed1ng m\u00e3nh li\u1ec7t c\u1ee7a ki\u1ec7t t\u00e1c Cu\u1ed1n Theo Chi\u1ec1u Gi\u00f3 Margaret Mitchell<\/h3>\n<p data-path-to-node=\"13\">H\u01a1n 80 n\u0103m k\u1ec3 t\u1eeb khi ra m\u1eaft, c\u00e2u chuy\u1ec7n v\u1ec1 n\u00e0ng Scarlett v\u00e0 ch\u00e0ng Rhett Butler v\u1eabn ch\u01b0a bao gi\u1edd th\u00f4i h\u1ea5p d\u1eabn. <b data-path-to-node=\"13\" data-index-in-node=\"110\">Cu\u1ed1n Theo Chi\u1ec1u Gi\u00f3 Margaret Mitchell<\/b> l\u00e0 b\u00e0i h\u1ecdc v\u1ec1 c\u00e1ch \u0111\u1ed1i m\u1eb7t v\u1edbi ngh\u1ecbch c\u1ea3nh, v\u1ec1 c\u00e1i gi\u00e1 c\u1ee7a s\u1ef1 tr\u01b0\u1edfng th\u00e0nh v\u00e0 l\u1eddi h\u1ee9a h\u1eb9n \u0111\u1ea7y hy v\u1ecdng: <i data-path-to-node=\"13\" data-index-in-node=\"251\">&#8220;Sau t\u1ea5t c\u1ea3, ng\u00e0y mai l\u00e0 m\u1ed9t ng\u00e0y m\u1edbi&#8221;<\/i>.<\/p>\n<h3 data-path-to-node=\"14\">C\u00e1c l\u1ef1a ch\u1ecdn bi\u1ebfn th\u1ec3 t\u00e1i b\u1ea3n t\u1ea1i G\u00f3c S\u00e1ch<\/h3>\n<p data-path-to-node=\"15\">V\u00ec \u0111\u00e2y l\u00e0 b\u1ed9 ti\u1ec3u thuy\u1ebft kh\u00e1 d\u00e0y (th\u01b0\u1eddng chia l\u00e0m 2 t\u1eadp), G\u00f3c S\u00e1ch cung c\u1ea5p c\u00e1c l\u1ef1a ch\u1ecdn bi\u1ebfn th\u1ec3 \u0111\u1ec3 b\u1ea1n d\u1ec5 d\u00e0ng l\u1ef1a ch\u1ecdn theo nhu c\u1ea7u:<\/p>\n<ul data-path-to-node=\"16\">\n<li>\n<p data-path-to-node=\"16,0,0\"><b data-path-to-node=\"16,0,0\" data-index-in-node=\"0\">B\u1ea3n T\u00e1i B\u1ea3n B\u00eca M\u1ec1m :<\/b> Ph\u00f9 h\u1ee3p cho nh\u1eefng ai mu\u1ed1n tr\u1ea3i nghi\u1ec7m n\u1ed9i dung v\u1edbi m\u1ee9c gi\u00e1 h\u1ee3p l\u00fd. Thi\u1ebft k\u1ebf b\u00eca hi\u1ec7n \u0111\u1ea1i, t\u1ed1i gi\u1ea3n nh\u01b0ng v\u1eabn gi\u1eef \u0111\u01b0\u1ee3c n\u00e9t c\u1ed5 \u0111i\u1ec3n c\u1ee7a t\u00e1c ph\u1ea9m.<\/p>\n<\/li>\n<li>\n<p data-path-to-node=\"16,1,0\"><b data-path-to-node=\"16,1,0\" data-index-in-node=\"0\">B\u1ea3n T\u00e1i B\u1ea3n B\u00eca C\u1ee9ng:<\/b> \u0110\u00e2y l\u00e0 phi\u00ean b\u1ea3n cao c\u1ea5p th\u01b0\u1eddng bao g\u1ed3m 2 t\u1eadp trong m\u1ed9t Boxset (h\u1ed9p \u0111\u1ef1ng) sang tr\u1ecdng. B\u00eca \u0111\u01b0\u1ee3c gia c\u00f4ng c\u1ea7u k\u1ef3, \u00e9p kim tinh x\u1ea3o, s\u1eed d\u1ee5ng ch\u1ea5t li\u1ec7u gi\u1ea5y ch\u1ed1ng l\u00f3a cao c\u1ea5p. \u0110\u00e2y l\u00e0 l\u1ef1a ch\u1ecdn h\u00e0ng \u0111\u1ea7u \u0111\u1ec3 l\u00e0m qu\u00e0 t\u1eb7ng ho\u1eb7c s\u01b0u t\u1ea7m l\u00e2u d\u00e0i.<\/p>\n<\/li>\n<\/ul>\n<h3 data-path-to-node=\"17\">\u00a0T\u1ea1i sao b\u1ea1n n\u00ean s\u1edf h\u1eefu Cu\u1ed1n Theo Chi\u1ec1u Gi\u00f3 t\u1ea1i G\u00f3c S\u00e1ch?<\/h3>\n<ol start=\"1\" data-path-to-node=\"18\">\n<li>\n<p data-path-to-node=\"18,0,0\"><b data-path-to-node=\"18,0,0\" data-index-in-node=\"0\">D\u1ecbch thu\u1eadt ch\u1ea5t l\u01b0\u1ee3ng:<\/b> Ch\u00fang t\u00f4i l\u1ef1a ch\u1ecdn nh\u1eefng b\u1ea3n d\u1ecbch kinh \u0111i\u1ec3n, truy\u1ec1n t\u1ea3i tr\u1ecdn v\u1eb9n tinh th\u1ea7n v\u00e0 s\u1ef1 hoa m\u1ef9 c\u1ee7a nguy\u00ean t\u00e1c.<\/p>\n<\/li>\n<li>\n<p data-path-to-node=\"18,1,0\"><b data-path-to-node=\"18,1,0\" data-index-in-node=\"0\">\u0110\u00f3ng g\u00f3i sang v\u00e0 t\u1ed1i gi\u1ea3n:<\/b> S\u00e1ch \u0111\u01b0\u1ee3c b\u1ecdc b\u1ea3o v\u1ec7 k\u1ef9 l\u01b0\u1ee1ng, \u0111\u1ea3m b\u1ea3o 2 t\u1eadp s\u00e1ch \u0111\u1ebfn tay b\u1ea1n lu\u00f4n ho\u00e0n h\u1ea3o, kh\u00f4ng m\u00f3p m\u00e9o g\u00f3c b\u00eca.<\/p>\n<\/li>\n<li>\n<p data-path-to-node=\"18,2,0\"><b data-path-to-node=\"18,2,0\" data-index-in-node=\"0\">H\u1ed7 tr\u1ee3 tr\u1ecdn \u0111\u1eddi:<\/b> \u0110\u1ed9i ng\u0169 G\u00f3c S\u00e1ch s\u1eb5n s\u00e0ng t\u01b0 v\u1ea5n v\u1ec1 s\u1ef1 kh\u00e1c bi\u1ec7t gi\u1eefa c\u00e1c phi\u00ean b\u1ea3n t\u00e1i b\u1ea3n \u0111\u1ec3 b\u1ea1n c\u00f3 l\u1ef1a ch\u1ecdn \u01b0ng \u00fd nh\u1ea5t.<\/p>\n<\/li>\n<\/ol>\n","protected":false},"excerpt":{"rendered":"<p data-path-to-node=\"7\"><b data-path-to-node=\"7\" data-index-in-node=\"0\">Cu\u1ed1n Theo Chi\u1ec1u Gi\u00f3 &#8211; B\u1ea3n anh h\u00f9ng ca b\u1ea5t di\u1ec7t v\u1ec1 t\u00ecnh y\u00eau v\u00e0 ngh\u1ecb l\u1ef1c<\/b><\/p>\n<p data-path-to-node=\"8\"><b data-path-to-node=\"8\" data-index-in-node=\"0\">Cu\u1ed1n Theo Chi\u1ec1u Gi\u00f3<\/b> kh\u00f4ng ch\u1ec9 l\u00e0 m\u1ed9t trong nh\u1eefng cu\u1ed1n ti\u1ec3u thuy\u1ebft b\u00e1n ch\u1ea1y nh\u1ea5t m\u1ecdi th\u1eddi \u0111\u1ea1i m\u00e0 c\u00f2n l\u00e0 bi\u1ec3u t\u01b0\u1ee3ng c\u1ee7a tinh th\u1ea7n qu\u1eadt c\u01b0\u1eddng. Qua h\u00ecnh t\u01b0\u1ee3ng Scarlett O&#8217;Hara, t\u00e1c gi\u1ea3 <b data-path-to-node=\"8\" data-index-in-node=\"180\">Margaret Mitchell<\/b> \u0111\u00e3 v\u1ebd n\u00ean m\u1ed9t b\u1ee9c tranh r\u1ef1c r\u1ee1 v\u00e0 kh\u1ed1c li\u1ec7t v\u1ec1 mi\u1ec1n Nam n\u01b0\u1edbc M\u1ef9 th\u1eddi n\u1ed9i chi\u1ebfn. T\u1ea1i G\u00f3c S\u00e1ch, ch\u00fang t\u00f4i mang \u0111\u1ebfn nh\u1eefng phi\u00ean b\u1ea3n t\u00e1i b\u1ea3n c\u00f3 thi\u1ebft k\u1ebf tinh t\u1ebf, x\u1ee9ng \u0111\u00e1ng c\u00f3 m\u1eb7t trong t\u1ee7 s\u00e1ch c\u1ee7a m\u1ecdi gia \u0111\u00ecnh.<\/p>\n<ul data-path-to-node=\"9\">\n<li>\n<p data-path-to-node=\"9,0,0\"><b data-path-to-node=\"9,0,0\" data-index-in-node=\"0\">T\u00e1c gi\u1ea3:<\/b> Margaret Mitchell.<\/p>\n<\/li>\n<li>\n<p data-path-to-node=\"9,1,0\"><b data-path-to-node=\"9,1,0\" data-index-in-node=\"0\">Th\u1ec3 lo\u1ea1i:<\/b> V\u0103n h\u1ecdc kinh \u0111i\u1ec3n \/ L\u00e3ng m\u1ea1n \/ L\u1ecbch s\u1eed.<\/p>\n<\/li>\n<li>\n<p data-path-to-node=\"9,2,0\"><b data-path-to-node=\"9,2,0\" data-index-in-node=\"0\">D\u1ecbch gi\u1ea3:<\/b> D\u01b0\u01a1ng T\u01b0\u1eddng (ho\u1eb7c c\u00e1c d\u1ecbch gi\u1ea3 uy t\u00edn kh\u00e1c).<\/p>\n<\/li>\n<\/ul>\n","protected":false},"featured_media":577,"comment_status":"open","ping_status":"closed","template":"","meta":[],"product_brand":[],"product_cat":[32,31,18],"product_tag":[],"class_list":{"0":"post-574","1":"product","2":"type-product","3":"status-publish","4":"has-post-thumbnail","6":"product_cat-sach-moi","7":"product_cat-sale-off","8":"product_cat-van-hoc","10":"first","11":"instock","12":"sale","13":"shipping-taxable","14":"purchasable","15":"product-type-variable"},"yoast_head":"<!-- This site is optimized with the Yoast SEO plugin v26.9 - https:\/\/yoast.com\/product\/yoast-seo-wordpress\/ -->\n<title>Cu\u1ed1n Theo Chi\u1ec1u Gi\u00f3 - Margaret Mitchell (B\u1ea3n T\u00e1i B\u1ea3n) | G\u00f3c S\u00e1ch<\/title>\n<meta name=\"description\" content=\"Mua ngay s\u00e1ch Cu\u1ed1n Theo Chi\u1ec1u Gi\u00f3 Margaret Mitchell ch\u00ednh h\u00e3ng t\u1ea1i G\u00f3c S\u00e1ch. \u0110\u1ea7y \u0111\u1ee7 c\u00e1c b\u1ea3n t\u00e1i b\u1ea3n b\u00eca c\u1ee9ng sang tr\u1ecdng, d\u1ecbch gi\u1ea3 uy t\u00edn. Giao nhanh!\" \/>\n<meta name=\"robots\" content=\"index, follow, max-snippet:-1, max-image-preview:large, max-video-preview:-1\" \/>\n<link rel=\"canonical\" href=\"https:\/\/gocsach.azdigi.shop\/?product=sach-cuon-theo-chieu-gio-margaret-mitchell\" \/>\n<meta property=\"og:locale\" content=\"vi_VN\" \/>\n<meta property=\"og:type\" content=\"article\" \/>\n<meta property=\"og:title\" content=\"Cu\u1ed1n Theo Chi\u1ec1u Gi\u00f3 - Margaret Mitchell (B\u1ea3n T\u00e1i B\u1ea3n) | G\u00f3c S\u00e1ch\" \/>\n<meta property=\"og:description\" content=\"Mua ngay s\u00e1ch Cu\u1ed1n Theo Chi\u1ec1u Gi\u00f3 Margaret Mitchell ch\u00ednh h\u00e3ng t\u1ea1i G\u00f3c S\u00e1ch. \u0110\u1ea7y \u0111\u1ee7 c\u00e1c b\u1ea3n t\u00e1i b\u1ea3n b\u00eca c\u1ee9ng sang tr\u1ecdng, d\u1ecbch gi\u1ea3 uy t\u00edn. Giao nhanh!\" \/>\n<meta property=\"og:url\" content=\"https:\/\/gocsach.azdigi.shop\/?product=sach-cuon-theo-chieu-gio-margaret-mitchell\" \/>\n<meta property=\"og:site_name\" content=\"G\u00f3c s\u00e1ch\" \/>\n<meta property=\"article:modified_time\" content=\"2026-04-19T08:50:21+00:00\" \/>\n<meta property=\"og:image\" content=\"https:\/\/gocsach.azdigi.shop\/wp-content\/uploads\/2026\/04\/905.jpg\" \/>\n\t<meta property=\"og:image:width\" content=\"600\" \/>\n\t<meta property=\"og:image:height\" content=\"900\" \/>\n\t<meta property=\"og:image:type\" content=\"image\/jpeg\" \/>\n<meta name=\"twitter:card\" content=\"summary_large_image\" \/>\n<meta name=\"twitter:label1\" content=\"\u01af\u1edbc t\u00ednh th\u1eddi gian \u0111\u1ecdc\" \/>\n\t<meta name=\"twitter:data1\" content=\"3 ph\u00fat\" \/>\n<script type=\"application\/ld+json\" class=\"yoast-schema-graph\">{\"@context\":\"https:\/\/schema.org\",\"@graph\":[{\"@type\":\"WebPage\",\"@id\":\"https:\/\/gocsach.azdigi.shop\/?product=sach-cuon-theo-chieu-gio-margaret-mitchell\",\"url\":\"https:\/\/gocsach.azdigi.shop\/?product=sach-cuon-theo-chieu-gio-margaret-mitchell\",\"name\":\"Cu\u1ed1n Theo Chi\u1ec1u Gi\u00f3 - Margaret Mitchell (B\u1ea3n T\u00e1i B\u1ea3n) | G\u00f3c S\u00e1ch\",\"isPartOf\":{\"@id\":\"https:\/\/gocsach.azdigi.shop\/#website\"},\"primaryImageOfPage\":{\"@id\":\"https:\/\/gocsach.azdigi.shop\/?product=sach-cuon-theo-chieu-gio-margaret-mitchell#primaryimage\"},\"image\":{\"@id\":\"https:\/\/gocsach.azdigi.shop\/?product=sach-cuon-theo-chieu-gio-margaret-mitchell#primaryimage\"},\"thumbnailUrl\":\"https:\/\/gocsach.azdigi.shop\/wp-content\/uploads\/2026\/04\/905.jpg\",\"datePublished\":\"2026-04-17T14:38:10+00:00\",\"dateModified\":\"2026-04-19T08:50:21+00:00\",\"description\":\"Mua ngay s\u00e1ch Cu\u1ed1n Theo Chi\u1ec1u Gi\u00f3 Margaret Mitchell ch\u00ednh h\u00e3ng t\u1ea1i G\u00f3c S\u00e1ch. \u0110\u1ea7y \u0111\u1ee7 c\u00e1c b\u1ea3n t\u00e1i b\u1ea3n b\u00eca c\u1ee9ng sang tr\u1ecdng, d\u1ecbch gi\u1ea3 uy t\u00edn. Giao nhanh!\",\"breadcrumb\":{\"@id\":\"https:\/\/gocsach.azdigi.shop\/?product=sach-cuon-theo-chieu-gio-margaret-mitchell#breadcrumb\"},\"inLanguage\":\"vi\",\"potentialAction\":[{\"@type\":\"ReadAction\",\"target\":[\"https:\/\/gocsach.azdigi.shop\/?product=sach-cuon-theo-chieu-gio-margaret-mitchell\"]}]},{\"@type\":\"ImageObject\",\"inLanguage\":\"vi\",\"@id\":\"https:\/\/gocsach.azdigi.shop\/?product=sach-cuon-theo-chieu-gio-margaret-mitchell#primaryimage\",\"url\":\"https:\/\/gocsach.azdigi.shop\/wp-content\/uploads\/2026\/04\/905.jpg\",\"contentUrl\":\"https:\/\/gocsach.azdigi.shop\/wp-content\/uploads\/2026\/04\/905.jpg\",\"width\":600,\"height\":900},{\"@type\":\"BreadcrumbList\",\"@id\":\"https:\/\/gocsach.azdigi.shop\/?product=sach-cuon-theo-chieu-gio-margaret-mitchell#breadcrumb\",\"itemListElement\":[{\"@type\":\"ListItem\",\"position\":1,\"name\":\"Trang ch\u1ee7\",\"item\":\"https:\/\/gocsach.azdigi.shop\/\"},{\"@type\":\"ListItem\",\"position\":2,\"name\":\"C\u1eeda h\u00e0ng\",\"item\":\"https:\/\/gocsach.azdigi.shop\/?page_id=146\"},{\"@type\":\"ListItem\",\"position\":3,\"name\":\"Cu\u1ed1n Theo Chi\u1ec1u Gi\u00f3\"}]},{\"@type\":\"WebSite\",\"@id\":\"https:\/\/gocsach.azdigi.shop\/#website\",\"url\":\"https:\/\/gocsach.azdigi.shop\/\",\"name\":\"G\u00f3c s\u00e1ch\",\"description\":\"\",\"potentialAction\":[{\"@type\":\"SearchAction\",\"target\":{\"@type\":\"EntryPoint\",\"urlTemplate\":\"https:\/\/gocsach.azdigi.shop\/?s={search_term_string}\"},\"query-input\":{\"@type\":\"PropertyValueSpecification\",\"valueRequired\":true,\"valueName\":\"search_term_string\"}}],\"inLanguage\":\"vi\"}]}<\/script>\n<!-- \/ Yoast SEO plugin. -->","yoast_head_json":{"title":"Cu\u1ed1n Theo Chi\u1ec1u Gi\u00f3 - Margaret Mitchell (B\u1ea3n T\u00e1i B\u1ea3n) | G\u00f3c S\u00e1ch","description":"Mua ngay s\u00e1ch Cu\u1ed1n Theo Chi\u1ec1u Gi\u00f3 Margaret Mitchell ch\u00ednh h\u00e3ng t\u1ea1i G\u00f3c S\u00e1ch. \u0110\u1ea7y \u0111\u1ee7 c\u00e1c b\u1ea3n t\u00e1i b\u1ea3n b\u00eca c\u1ee9ng sang tr\u1ecdng, d\u1ecbch gi\u1ea3 uy t\u00edn. Giao nhanh!","robots":{"index":"index","follow":"follow","max-snippet":"max-snippet:-1","max-image-preview":"max-image-preview:large","max-video-preview":"max-video-preview:-1"},"canonical":"https:\/\/gocsach.azdigi.shop\/?product=sach-cuon-theo-chieu-gio-margaret-mitchell","og_locale":"vi_VN","og_type":"article","og_title":"Cu\u1ed1n Theo Chi\u1ec1u Gi\u00f3 - Margaret Mitchell (B\u1ea3n T\u00e1i B\u1ea3n) | G\u00f3c S\u00e1ch","og_description":"Mua ngay s\u00e1ch Cu\u1ed1n Theo Chi\u1ec1u Gi\u00f3 Margaret Mitchell ch\u00ednh h\u00e3ng t\u1ea1i G\u00f3c S\u00e1ch. \u0110\u1ea7y \u0111\u1ee7 c\u00e1c b\u1ea3n t\u00e1i b\u1ea3n b\u00eca c\u1ee9ng sang tr\u1ecdng, d\u1ecbch gi\u1ea3 uy t\u00edn. Giao nhanh!","og_url":"https:\/\/gocsach.azdigi.shop\/?product=sach-cuon-theo-chieu-gio-margaret-mitchell","og_site_name":"G\u00f3c s\u00e1ch","article_modified_time":"2026-04-19T08:50:21+00:00","og_image":[{"width":600,"height":900,"url":"https:\/\/gocsach.azdigi.shop\/wp-content\/uploads\/2026\/04\/905.jpg","type":"image\/jpeg"}],"twitter_card":"summary_large_image","twitter_misc":{"\u01af\u1edbc t\u00ednh th\u1eddi gian \u0111\u1ecdc":"3 ph\u00fat"},"schema":{"@context":"https:\/\/schema.org","@graph":[{"@type":"WebPage","@id":"https:\/\/gocsach.azdigi.shop\/?product=sach-cuon-theo-chieu-gio-margaret-mitchell","url":"https:\/\/gocsach.azdigi.shop\/?product=sach-cuon-theo-chieu-gio-margaret-mitchell","name":"Cu\u1ed1n Theo Chi\u1ec1u Gi\u00f3 - Margaret Mitchell (B\u1ea3n T\u00e1i B\u1ea3n) | G\u00f3c S\u00e1ch","isPartOf":{"@id":"https:\/\/gocsach.azdigi.shop\/#website"},"primaryImageOfPage":{"@id":"https:\/\/gocsach.azdigi.shop\/?product=sach-cuon-theo-chieu-gio-margaret-mitchell#primaryimage"},"image":{"@id":"https:\/\/gocsach.azdigi.shop\/?product=sach-cuon-theo-chieu-gio-margaret-mitchell#primaryimage"},"thumbnailUrl":"https:\/\/gocsach.azdigi.shop\/wp-content\/uploads\/2026\/04\/905.jpg","datePublished":"2026-04-17T14:38:10+00:00","dateModified":"2026-04-19T08:50:21+00:00","description":"Mua ngay s\u00e1ch Cu\u1ed1n Theo Chi\u1ec1u Gi\u00f3 Margaret Mitchell ch\u00ednh h\u00e3ng t\u1ea1i G\u00f3c S\u00e1ch. \u0110\u1ea7y \u0111\u1ee7 c\u00e1c b\u1ea3n t\u00e1i b\u1ea3n b\u00eca c\u1ee9ng sang tr\u1ecdng, d\u1ecbch gi\u1ea3 uy t\u00edn. Giao nhanh!","breadcrumb":{"@id":"https:\/\/gocsach.azdigi.shop\/?product=sach-cuon-theo-chieu-gio-margaret-mitchell#breadcrumb"},"inLanguage":"vi","potentialAction":[{"@type":"ReadAction","target":["https:\/\/gocsach.azdigi.shop\/?product=sach-cuon-theo-chieu-gio-margaret-mitchell"]}]},{"@type":"ImageObject","inLanguage":"vi","@id":"https:\/\/gocsach.azdigi.shop\/?product=sach-cuon-theo-chieu-gio-margaret-mitchell#primaryimage","url":"https:\/\/gocsach.azdigi.shop\/wp-content\/uploads\/2026\/04\/905.jpg","contentUrl":"https:\/\/gocsach.azdigi.shop\/wp-content\/uploads\/2026\/04\/905.jpg","width":600,"height":900},{"@type":"BreadcrumbList","@id":"https:\/\/gocsach.azdigi.shop\/?product=sach-cuon-theo-chieu-gio-margaret-mitchell#breadcrumb","itemListElement":[{"@type":"ListItem","position":1,"name":"Trang ch\u1ee7","item":"https:\/\/gocsach.azdigi.shop\/"},{"@type":"ListItem","position":2,"name":"C\u1eeda h\u00e0ng","item":"https:\/\/gocsach.azdigi.shop\/?page_id=146"},{"@type":"ListItem","position":3,"name":"Cu\u1ed1n Theo Chi\u1ec1u Gi\u00f3"}]},{"@type":"WebSite","@id":"https:\/\/gocsach.azdigi.shop\/#website","url":"https:\/\/gocsach.azdigi.shop\/","name":"G\u00f3c s\u00e1ch","description":"","potentialAction":[{"@type":"SearchAction","target":{"@type":"EntryPoint","urlTemplate":"https:\/\/gocsach.azdigi.shop\/?s={search_term_string}"},"query-input":{"@type":"PropertyValueSpecification","valueRequired":true,"valueName":"search_term_string"}}],"inLanguage":"vi"}]}},"_links":{"self":[{"href":"https:\/\/gocsach.azdigi.shop\/index.php?rest_route=\/wp\/v2\/product\/574","targetHints":{"allow":["GET"]}}],"collection":[{"href":"https:\/\/gocsach.azdigi.shop\/index.php?rest_route=\/wp\/v2\/product"}],"about":[{"href":"https:\/\/gocsach.azdigi.shop\/index.php?rest_route=\/wp\/v2\/types\/product"}],"replies":[{"embeddable":true,"href":"https:\/\/gocsach.azdigi.shop\/index.php?rest_route=%2Fwp%2Fv2%2Fcomments&post=574"}],"wp:featuredmedia":[{"embeddable":true,"href":"https:\/\/gocsach.azdigi.shop\/index.php?rest_route=\/wp\/v2\/media\/577"}],"wp:attachment":[{"href":"https:\/\/gocsach.azdigi.shop\/index.php?rest_route=%2Fwp%2Fv2%2Fmedia&parent=574"}],"wp:term":[{"taxonomy":"product_brand","embeddable":true,"href":"https:\/\/gocsach.azdigi.shop\/index.php?rest_route=%2Fwp%2Fv2%2Fproduct_brand&post=574"},{"taxonomy":"product_cat","embeddable":true,"href":"https:\/\/gocsach.azdigi.shop\/index.php?rest_route=%2Fwp%2Fv2%2Fproduct_cat&post=574"},{"taxonomy":"product_tag","embeddable":true,"href":"https:\/\/gocsach.azdigi.shop\/index.php?rest_route=%2Fwp%2Fv2%2Fproduct_tag&post=574"}],"curies":[{"name":"wp","href":"https:\/\/api.w.org\/{rel}","templated":true}]}}