{"id":368,"date":"2026-04-11T18:24:46","date_gmt":"2026-04-11T18:24:46","guid":{"rendered":"https:\/\/gocsach.azdigi.shop\/?post_type=product&#038;p=368"},"modified":"2026-04-15T07:08:48","modified_gmt":"2026-04-15T07:08:48","slug":"de-men-phieu-luu-ky-to-hoai","status":"publish","type":"product","link":"https:\/\/gocsach.azdigi.shop\/?product=de-men-phieu-luu-ky-to-hoai","title":{"rendered":"D\u1ebf M\u00e8n Phi\u00eau L\u01b0u K\u00fd"},"content":{"rendered":"<h1 data-path-to-node=\"7\"><b data-path-to-node=\"7\" data-index-in-node=\"0\">D\u1ebf M\u00e8n Phi\u00eau L\u01b0u K\u00fd &#8211; Ki\u1ec7t t\u00e1c v\u0103n h\u1ecdc thi\u1ebfu nhi c\u1ee7a nh\u00e0 v\u0103n T\u00f4 Ho\u00e0i<\/b><\/h1>\n<p data-path-to-node=\"8\">T\u00e1c ph\u1ea9m l\u00e0 h\u00e0nh tr\u00ecnh tr\u01b0\u1edfng th\u00e0nh \u0111\u1ea7y th\u00fa v\u1ecb nh\u01b0ng c\u0169ng kh\u00f4ng k\u00e9m ph\u1ea7n gian nan c\u1ee7a ch\u00fa D\u1ebf M\u00e8n b\u1ed3ng b\u1ed9t. V\u1edbi nh\u1eefng b\u00e0i h\u1ecdc s\u00e2u s\u1eafc v\u1ec1 t\u00ecnh b\u1ea1n, l\u00f2ng t\u1ed1t v\u00e0 s\u1ef1 t\u1ef1 tin, <b data-path-to-node=\"8\" data-index-in-node=\"169\">D\u1ebf M\u00e8n Phi\u00eau L\u01b0u K\u00fd<\/b> \u0111\u00e3 tr\u1edf th\u00e0nh cu\u1ed1n s\u00e1ch g\u1ed1i \u0111\u1ea7u gi\u01b0\u1eddng c\u1ee7a nhi\u1ec1u th\u1ebf h\u1ec7 tr\u1ebb em Vi\u1ec7t Nam v\u00e0 \u0111\u01b0\u1ee3c d\u1ecbch ra h\u01a1n 40 th\u1ee9 ti\u1ebfng tr\u00ean th\u1ebf gi\u1edbi.<\/p>\n<h2 data-path-to-node=\"12\">H\u00e0nh tr\u00ecnh phi\u00eau l\u01b0u v\u01b0\u1ee3t th\u1eddi gian c\u1ee7a D\u1ebf M\u00e8n<\/h2>\n<p data-path-to-node=\"13\">Trong cu\u1ed1n s\u00e1ch <b data-path-to-node=\"13\" data-index-in-node=\"16\">D\u1ebf M\u00e8n Phi\u00eau L\u01b0u K\u00fd T\u00f4 Ho\u00e0i<\/b>, \u0111\u1ed9c gi\u1ea3 s\u1ebd \u0111\u01b0\u1ee3c theo ch\u00e2n M\u00e8n \u0111i qua nh\u1eefng v\u00f9ng \u0111\u1ea5t m\u1edbi, g\u1eb7p g\u1ee1 nh\u1eefng ng\u01b0\u1eddi b\u1ea1n nh\u01b0 D\u1ebf Cho\u1eaft, Nh\u00e0 Tr\u00f2, hay anh em D\u1ebf Tr\u0169i. M\u1ed7i ch\u1eb7ng \u0111\u01b0\u1eddng l\u00e0 m\u1ed9t b\u00e0i h\u1ecdc \u0111\u1eaft gi\u00e1 gi\u00fap M\u00e8n t\u1eeb m\u1ed9t k\u1ebb ki\u00eau ng\u1ea1o, h\u1ed1ng h\u00e1ch tr\u1edf th\u00e0nh m\u1ed9t ng\u01b0\u1eddi ngh\u0129a hi\u1ec7p, bi\u1ebft tr\u00e2n tr\u1ecdng gi\u00e1 tr\u1ecb c\u1ee7a s\u1ef1 h\u00f2a b\u00ecnh v\u00e0 t\u00ecnh th\u00e2n h\u1eefu.<\/p>\n<h3 data-path-to-node=\"14\">\u00a0C\u00e1c phi\u00ean b\u1ea3n t\u00e1i b\u1ea3n \u0111\u1eb7c s\u1eafc t\u1ea1i G\u00f3c S\u00e1ch<\/h3>\n<p data-path-to-node=\"15\">\u0110\u1ec3 \u0111\u00e1p \u1ee9ng nhu c\u1ea7u \u0111\u1ecdc v\u00e0 s\u01b0u t\u1ea7m, G\u00f3c S\u00e1ch cung c\u1ea5p c\u00e1c bi\u1ebfn th\u1ec3 t\u00e1i b\u1ea3n v\u1edbi ch\u1ea5t l\u01b0\u1ee3ng in \u1ea5n cao c\u1ea5p:<\/p>\n<ul data-path-to-node=\"16\">\n<li>\n<p data-path-to-node=\"16,0,0\"><b data-path-to-node=\"16,0,0\" data-index-in-node=\"0\">B\u1ea3n t\u00e1i b\u1ea3n ph\u1ed5 th\u00f4ng:<\/b> Thi\u1ebft k\u1ebf nh\u1ecf g\u1ecdn, b\u00eca m\u1ec1m b\u1ec1n b\u1ec9, ph\u00f9 h\u1ee3p cho c\u00e1c b\u1ea1n nh\u1ecf mang theo \u0111\u1ecdc h\u1eb1ng ng\u00e0y.<\/p>\n<\/li>\n<\/ul>\n<h3 data-path-to-node=\"17\">T\u1ea1i sao n\u00ean mua D\u1ebf M\u00e8n Phi\u00eau L\u01b0u K\u00fd t\u1ea1i G\u00f3c S\u00e1ch?<\/h3>\n<p data-path-to-node=\"18\">Ch\u00fang t\u00f4i hi\u1ec3u r\u1eb1ng m\u1ed7i cu\u1ed1n s\u00e1ch l\u00e0 m\u1ed9t ng\u01b0\u1eddi b\u1ea1n. V\u00ec v\u1eady, <b data-path-to-node=\"18\" data-index-in-node=\"60\">G\u00f3c S\u00e1ch<\/b> lu\u00f4n cam k\u1ebft:<\/p>\n<ol start=\"1\" data-path-to-node=\"19\">\n<li>\n<p data-path-to-node=\"19,0,0\"><b data-path-to-node=\"19,0,0\" data-index-in-node=\"0\">Ch\u1ea5t l\u01b0\u1ee3ng b\u1ea3n in:<\/b> S\u00e1ch ch\u00ednh h\u00e3ng t\u1eeb NXB Kim \u0110\u1ed3ng, gi\u1ea5y in cao c\u1ea5p, b\u1ea3o v\u1ec7 m\u1eaft tr\u1ebb em.<\/p>\n<\/li>\n<li>\n<p data-path-to-node=\"19,1,0\"><b data-path-to-node=\"19,1,0\" data-index-in-node=\"0\">\u0110\u00f3ng g\u00f3i tinh t\u1ebf:<\/b> S\u00e1ch \u0111\u01b0\u1ee3c b\u1ecdc m\u00e0ng co v\u00e0 h\u1ed9p carton c\u1ee9ng c\u00e1p \u0111\u1ec3 tr\u00e1nh m\u00f3p m\u00e9o g\u00f3c trong qu\u00e1 tr\u00ecnh v\u1eadn chuy\u1ec3n.<\/p>\n<\/li>\n<li>\n<p data-path-to-node=\"19,2,0\"><b data-path-to-node=\"19,2,0\" data-index-in-node=\"0\">D\u1ecbch v\u1ee5 t\u1eadn t\u00e2m:<\/b> T\u01b0 v\u1ea5n nhi\u1ec7t t\u00ecnh \u0111\u1ec3 b\u1ea1n ch\u1ecdn \u0111\u01b0\u1ee3c phi\u00ean b\u1ea3n t\u00e1i b\u1ea3n \u01b0ng \u00fd nh\u1ea5t.<\/p>\n<\/li>\n<\/ol>\n","protected":false},"excerpt":{"rendered":"<p data-path-to-node=\"7\"><b data-path-to-node=\"7\" data-index-in-node=\"0\">D\u1ebf M\u00e8n Phi\u00eau L\u01b0u K\u00fd &#8211; Ki\u1ec7t t\u00e1c v\u0103n h\u1ecdc thi\u1ebfu nhi c\u1ee7a nh\u00e0 v\u0103n T\u00f4 Ho\u00e0i<\/b><\/p>\n<p data-path-to-node=\"8\">T\u00e1c ph\u1ea9m l\u00e0 h\u00e0nh tr\u00ecnh tr\u01b0\u1edfng th\u00e0nh \u0111\u1ea7y th\u00fa v\u1ecb nh\u01b0ng c\u0169ng kh\u00f4ng k\u00e9m ph\u1ea7n gian nan c\u1ee7a ch\u00fa D\u1ebf M\u00e8n b\u1ed3ng b\u1ed9t. V\u1edbi nh\u1eefng b\u00e0i h\u1ecdc s\u00e2u s\u1eafc v\u1ec1 t\u00ecnh b\u1ea1n, l\u00f2ng t\u1ed1t v\u00e0 s\u1ef1 t\u1ef1 tin, <b data-path-to-node=\"8\" data-index-in-node=\"169\">D\u1ebf M\u00e8n Phi\u00eau L\u01b0u K\u00fd<\/b> \u0111\u00e3 tr\u1edf th\u00e0nh cu\u1ed1n s\u00e1ch g\u1ed1i \u0111\u1ea7u gi\u01b0\u1eddng c\u1ee7a nhi\u1ec1u th\u1ebf h\u1ec7 tr\u1ebb em Vi\u1ec7t Nam v\u00e0 \u0111\u01b0\u1ee3c d\u1ecbch ra h\u01a1n 40 th\u1ee9 ti\u1ebfng tr\u00ean th\u1ebf gi\u1edbi.<\/p>\n<ul data-path-to-node=\"9\">\n<li>\n<p data-path-to-node=\"9,0,0\"><b data-path-to-node=\"9,0,0\" data-index-in-node=\"0\">T\u00e1c gi\u1ea3:<\/b> T\u00f4 Ho\u00e0i.<\/p>\n<\/li>\n<li>\n<p data-path-to-node=\"9,1,0\"><b data-path-to-node=\"9,1,0\" data-index-in-node=\"0\">Th\u1ec3 lo\u1ea1i:<\/b> V\u0103n h\u1ecdc thi\u1ebfu nhi \/ Phi\u00eau l\u01b0u.<\/p>\n<\/li>\n<li>\n<p data-path-to-node=\"9,2,0\"><b data-path-to-node=\"9,2,0\" data-index-in-node=\"0\">Phi\u00ean b\u1ea3n:<\/b> T\u00e1i b\u1ea3n m\u1edbi nh\u1ea5t<\/p>\n<\/li>\n<\/ul>\n","protected":false},"featured_media":371,"comment_status":"open","ping_status":"closed","template":"","meta":[],"product_brand":[],"product_cat":[32,20],"product_tag":[],"class_list":{"0":"post-368","1":"product","2":"type-product","3":"status-publish","4":"has-post-thumbnail","6":"product_cat-sach-moi","7":"product_cat-thieu-nhi","9":"first","10":"instock","11":"shipping-taxable","12":"purchasable","13":"product-type-variable"},"yoast_head":"<!-- This site is optimized with the Yoast SEO plugin v26.9 - https:\/\/yoast.com\/product\/yoast-seo-wordpress\/ -->\n<title>D\u1ebf M\u00e8n Phi\u00eau L\u01b0u K\u00fd - T\u00f4 Ho\u00e0i ( T\u00e1i B\u1ea3n M\u1edbi Nh\u1ea5t) | G\u00f3c S\u00e1ch<\/title>\n<meta name=\"description\" content=\"Mua ngay D\u1ebf M\u00e8n Phi\u00eau L\u01b0u K\u00fd T\u00f4 Ho\u00e0i t\u1ea1i G\u00f3c S\u00e1ch. \u0110\u1ea7y \u0111\u1ee7 c\u00e1c phi\u00ean b\u1ea3n t\u00e1i b\u1ea3n m\u1edbi nh\u1ea5t, b\u1ea3n k\u1ef7 ni\u1ec7m b\u00eca c\u1ee9ng v\u00e0 minh h\u1ecda m\u00e0u \u0111\u1eb7c s\u1eafc. Giao h\u00e0ng nhanh\" \/>\n<meta name=\"robots\" content=\"index, follow, max-snippet:-1, max-image-preview:large, max-video-preview:-1\" \/>\n<link rel=\"canonical\" href=\"https:\/\/gocsach.azdigi.shop\/?product=de-men-phieu-luu-ky-to-hoai\" \/>\n<meta property=\"og:locale\" content=\"vi_VN\" \/>\n<meta property=\"og:type\" content=\"article\" \/>\n<meta property=\"og:title\" content=\"D\u1ebf M\u00e8n Phi\u00eau L\u01b0u K\u00fd - T\u00f4 Ho\u00e0i ( T\u00e1i B\u1ea3n M\u1edbi Nh\u1ea5t) | G\u00f3c S\u00e1ch\" \/>\n<meta property=\"og:description\" content=\"Mua ngay D\u1ebf M\u00e8n Phi\u00eau L\u01b0u K\u00fd T\u00f4 Ho\u00e0i t\u1ea1i G\u00f3c S\u00e1ch. \u0110\u1ea7y \u0111\u1ee7 c\u00e1c phi\u00ean b\u1ea3n t\u00e1i b\u1ea3n m\u1edbi nh\u1ea5t, b\u1ea3n k\u1ef7 ni\u1ec7m b\u00eca c\u1ee9ng v\u00e0 minh h\u1ecda m\u00e0u \u0111\u1eb7c s\u1eafc. Giao h\u00e0ng nhanh\" \/>\n<meta property=\"og:url\" content=\"https:\/\/gocsach.azdigi.shop\/?product=de-men-phieu-luu-ky-to-hoai\" \/>\n<meta property=\"og:site_name\" content=\"G\u00f3c s\u00e1ch\" \/>\n<meta property=\"article:modified_time\" content=\"2026-04-15T07:08:48+00:00\" \/>\n<meta property=\"og:image\" content=\"https:\/\/gocsach.azdigi.shop\/wp-content\/uploads\/2026\/04\/250.jpg\" \/>\n\t<meta property=\"og:image:width\" content=\"480\" \/>\n\t<meta property=\"og:image:height\" content=\"480\" \/>\n\t<meta property=\"og:image:type\" content=\"image\/jpeg\" \/>\n<meta name=\"twitter:card\" content=\"summary_large_image\" \/>\n<meta name=\"twitter:label1\" content=\"\u01af\u1edbc t\u00ednh th\u1eddi gian \u0111\u1ecdc\" \/>\n\t<meta name=\"twitter:data1\" content=\"2 ph\u00fat\" \/>\n<script type=\"application\/ld+json\" class=\"yoast-schema-graph\">{\"@context\":\"https:\/\/schema.org\",\"@graph\":[{\"@type\":\"WebPage\",\"@id\":\"https:\/\/gocsach.azdigi.shop\/?product=de-men-phieu-luu-ky-to-hoai\",\"url\":\"https:\/\/gocsach.azdigi.shop\/?product=de-men-phieu-luu-ky-to-hoai\",\"name\":\"D\u1ebf M\u00e8n Phi\u00eau L\u01b0u K\u00fd - T\u00f4 Ho\u00e0i ( T\u00e1i B\u1ea3n M\u1edbi Nh\u1ea5t) | G\u00f3c S\u00e1ch\",\"isPartOf\":{\"@id\":\"https:\/\/gocsach.azdigi.shop\/#website\"},\"primaryImageOfPage\":{\"@id\":\"https:\/\/gocsach.azdigi.shop\/?product=de-men-phieu-luu-ky-to-hoai#primaryimage\"},\"image\":{\"@id\":\"https:\/\/gocsach.azdigi.shop\/?product=de-men-phieu-luu-ky-to-hoai#primaryimage\"},\"thumbnailUrl\":\"https:\/\/gocsach.azdigi.shop\/wp-content\/uploads\/2026\/04\/250.jpg\",\"datePublished\":\"2026-04-11T18:24:46+00:00\",\"dateModified\":\"2026-04-15T07:08:48+00:00\",\"description\":\"Mua ngay D\u1ebf M\u00e8n Phi\u00eau L\u01b0u K\u00fd T\u00f4 Ho\u00e0i t\u1ea1i G\u00f3c S\u00e1ch. \u0110\u1ea7y \u0111\u1ee7 c\u00e1c phi\u00ean b\u1ea3n t\u00e1i b\u1ea3n m\u1edbi nh\u1ea5t, b\u1ea3n k\u1ef7 ni\u1ec7m b\u00eca c\u1ee9ng v\u00e0 minh h\u1ecda m\u00e0u \u0111\u1eb7c s\u1eafc. Giao h\u00e0ng nhanh\",\"breadcrumb\":{\"@id\":\"https:\/\/gocsach.azdigi.shop\/?product=de-men-phieu-luu-ky-to-hoai#breadcrumb\"},\"inLanguage\":\"vi\",\"potentialAction\":[{\"@type\":\"ReadAction\",\"target\":[\"https:\/\/gocsach.azdigi.shop\/?product=de-men-phieu-luu-ky-to-hoai\"]}]},{\"@type\":\"ImageObject\",\"inLanguage\":\"vi\",\"@id\":\"https:\/\/gocsach.azdigi.shop\/?product=de-men-phieu-luu-ky-to-hoai#primaryimage\",\"url\":\"https:\/\/gocsach.azdigi.shop\/wp-content\/uploads\/2026\/04\/250.jpg\",\"contentUrl\":\"https:\/\/gocsach.azdigi.shop\/wp-content\/uploads\/2026\/04\/250.jpg\",\"width\":480,\"height\":480},{\"@type\":\"BreadcrumbList\",\"@id\":\"https:\/\/gocsach.azdigi.shop\/?product=de-men-phieu-luu-ky-to-hoai#breadcrumb\",\"itemListElement\":[{\"@type\":\"ListItem\",\"position\":1,\"name\":\"Trang ch\u1ee7\",\"item\":\"https:\/\/gocsach.azdigi.shop\/\"},{\"@type\":\"ListItem\",\"position\":2,\"name\":\"C\u1eeda h\u00e0ng\",\"item\":\"https:\/\/gocsach.azdigi.shop\/?page_id=146\"},{\"@type\":\"ListItem\",\"position\":3,\"name\":\"D\u1ebf M\u00e8n Phi\u00eau L\u01b0u K\u00fd\"}]},{\"@type\":\"WebSite\",\"@id\":\"https:\/\/gocsach.azdigi.shop\/#website\",\"url\":\"https:\/\/gocsach.azdigi.shop\/\",\"name\":\"G\u00f3c s\u00e1ch\",\"description\":\"\",\"potentialAction\":[{\"@type\":\"SearchAction\",\"target\":{\"@type\":\"EntryPoint\",\"urlTemplate\":\"https:\/\/gocsach.azdigi.shop\/?s={search_term_string}\"},\"query-input\":{\"@type\":\"PropertyValueSpecification\",\"valueRequired\":true,\"valueName\":\"search_term_string\"}}],\"inLanguage\":\"vi\"}]}<\/script>\n<!-- \/ Yoast SEO plugin. -->","yoast_head_json":{"title":"D\u1ebf M\u00e8n Phi\u00eau L\u01b0u K\u00fd - T\u00f4 Ho\u00e0i ( T\u00e1i B\u1ea3n M\u1edbi Nh\u1ea5t) | G\u00f3c S\u00e1ch","description":"Mua ngay D\u1ebf M\u00e8n Phi\u00eau L\u01b0u K\u00fd T\u00f4 Ho\u00e0i t\u1ea1i G\u00f3c S\u00e1ch. \u0110\u1ea7y \u0111\u1ee7 c\u00e1c phi\u00ean b\u1ea3n t\u00e1i b\u1ea3n m\u1edbi nh\u1ea5t, b\u1ea3n k\u1ef7 ni\u1ec7m b\u00eca c\u1ee9ng v\u00e0 minh h\u1ecda m\u00e0u \u0111\u1eb7c s\u1eafc. Giao h\u00e0ng nhanh","robots":{"index":"index","follow":"follow","max-snippet":"max-snippet:-1","max-image-preview":"max-image-preview:large","max-video-preview":"max-video-preview:-1"},"canonical":"https:\/\/gocsach.azdigi.shop\/?product=de-men-phieu-luu-ky-to-hoai","og_locale":"vi_VN","og_type":"article","og_title":"D\u1ebf M\u00e8n Phi\u00eau L\u01b0u K\u00fd - T\u00f4 Ho\u00e0i ( T\u00e1i B\u1ea3n M\u1edbi Nh\u1ea5t) | G\u00f3c S\u00e1ch","og_description":"Mua ngay D\u1ebf M\u00e8n Phi\u00eau L\u01b0u K\u00fd T\u00f4 Ho\u00e0i t\u1ea1i G\u00f3c S\u00e1ch. \u0110\u1ea7y \u0111\u1ee7 c\u00e1c phi\u00ean b\u1ea3n t\u00e1i b\u1ea3n m\u1edbi nh\u1ea5t, b\u1ea3n k\u1ef7 ni\u1ec7m b\u00eca c\u1ee9ng v\u00e0 minh h\u1ecda m\u00e0u \u0111\u1eb7c s\u1eafc. Giao h\u00e0ng nhanh","og_url":"https:\/\/gocsach.azdigi.shop\/?product=de-men-phieu-luu-ky-to-hoai","og_site_name":"G\u00f3c s\u00e1ch","article_modified_time":"2026-04-15T07:08:48+00:00","og_image":[{"width":480,"height":480,"url":"https:\/\/gocsach.azdigi.shop\/wp-content\/uploads\/2026\/04\/250.jpg","type":"image\/jpeg"}],"twitter_card":"summary_large_image","twitter_misc":{"\u01af\u1edbc t\u00ednh th\u1eddi gian \u0111\u1ecdc":"2 ph\u00fat"},"schema":{"@context":"https:\/\/schema.org","@graph":[{"@type":"WebPage","@id":"https:\/\/gocsach.azdigi.shop\/?product=de-men-phieu-luu-ky-to-hoai","url":"https:\/\/gocsach.azdigi.shop\/?product=de-men-phieu-luu-ky-to-hoai","name":"D\u1ebf M\u00e8n Phi\u00eau L\u01b0u K\u00fd - T\u00f4 Ho\u00e0i ( T\u00e1i B\u1ea3n M\u1edbi Nh\u1ea5t) | G\u00f3c S\u00e1ch","isPartOf":{"@id":"https:\/\/gocsach.azdigi.shop\/#website"},"primaryImageOfPage":{"@id":"https:\/\/gocsach.azdigi.shop\/?product=de-men-phieu-luu-ky-to-hoai#primaryimage"},"image":{"@id":"https:\/\/gocsach.azdigi.shop\/?product=de-men-phieu-luu-ky-to-hoai#primaryimage"},"thumbnailUrl":"https:\/\/gocsach.azdigi.shop\/wp-content\/uploads\/2026\/04\/250.jpg","datePublished":"2026-04-11T18:24:46+00:00","dateModified":"2026-04-15T07:08:48+00:00","description":"Mua ngay D\u1ebf M\u00e8n Phi\u00eau L\u01b0u K\u00fd T\u00f4 Ho\u00e0i t\u1ea1i G\u00f3c S\u00e1ch. \u0110\u1ea7y \u0111\u1ee7 c\u00e1c phi\u00ean b\u1ea3n t\u00e1i b\u1ea3n m\u1edbi nh\u1ea5t, b\u1ea3n k\u1ef7 ni\u1ec7m b\u00eca c\u1ee9ng v\u00e0 minh h\u1ecda m\u00e0u \u0111\u1eb7c s\u1eafc. Giao h\u00e0ng nhanh","breadcrumb":{"@id":"https:\/\/gocsach.azdigi.shop\/?product=de-men-phieu-luu-ky-to-hoai#breadcrumb"},"inLanguage":"vi","potentialAction":[{"@type":"ReadAction","target":["https:\/\/gocsach.azdigi.shop\/?product=de-men-phieu-luu-ky-to-hoai"]}]},{"@type":"ImageObject","inLanguage":"vi","@id":"https:\/\/gocsach.azdigi.shop\/?product=de-men-phieu-luu-ky-to-hoai#primaryimage","url":"https:\/\/gocsach.azdigi.shop\/wp-content\/uploads\/2026\/04\/250.jpg","contentUrl":"https:\/\/gocsach.azdigi.shop\/wp-content\/uploads\/2026\/04\/250.jpg","width":480,"height":480},{"@type":"BreadcrumbList","@id":"https:\/\/gocsach.azdigi.shop\/?product=de-men-phieu-luu-ky-to-hoai#breadcrumb","itemListElement":[{"@type":"ListItem","position":1,"name":"Trang ch\u1ee7","item":"https:\/\/gocsach.azdigi.shop\/"},{"@type":"ListItem","position":2,"name":"C\u1eeda h\u00e0ng","item":"https:\/\/gocsach.azdigi.shop\/?page_id=146"},{"@type":"ListItem","position":3,"name":"D\u1ebf M\u00e8n Phi\u00eau L\u01b0u K\u00fd"}]},{"@type":"WebSite","@id":"https:\/\/gocsach.azdigi.shop\/#website","url":"https:\/\/gocsach.azdigi.shop\/","name":"G\u00f3c s\u00e1ch","description":"","potentialAction":[{"@type":"SearchAction","target":{"@type":"EntryPoint","urlTemplate":"https:\/\/gocsach.azdigi.shop\/?s={search_term_string}"},"query-input":{"@type":"PropertyValueSpecification","valueRequired":true,"valueName":"search_term_string"}}],"inLanguage":"vi"}]}},"_links":{"self":[{"href":"https:\/\/gocsach.azdigi.shop\/index.php?rest_route=\/wp\/v2\/product\/368","targetHints":{"allow":["GET"]}}],"collection":[{"href":"https:\/\/gocsach.azdigi.shop\/index.php?rest_route=\/wp\/v2\/product"}],"about":[{"href":"https:\/\/gocsach.azdigi.shop\/index.php?rest_route=\/wp\/v2\/types\/product"}],"replies":[{"embeddable":true,"href":"https:\/\/gocsach.azdigi.shop\/index.php?rest_route=%2Fwp%2Fv2%2Fcomments&post=368"}],"wp:featuredmedia":[{"embeddable":true,"href":"https:\/\/gocsach.azdigi.shop\/index.php?rest_route=\/wp\/v2\/media\/371"}],"wp:attachment":[{"href":"https:\/\/gocsach.azdigi.shop\/index.php?rest_route=%2Fwp%2Fv2%2Fmedia&parent=368"}],"wp:term":[{"taxonomy":"product_brand","embeddable":true,"href":"https:\/\/gocsach.azdigi.shop\/index.php?rest_route=%2Fwp%2Fv2%2Fproduct_brand&post=368"},{"taxonomy":"product_cat","embeddable":true,"href":"https:\/\/gocsach.azdigi.shop\/index.php?rest_route=%2Fwp%2Fv2%2Fproduct_cat&post=368"},{"taxonomy":"product_tag","embeddable":true,"href":"https:\/\/gocsach.azdigi.shop\/index.php?rest_route=%2Fwp%2Fv2%2Fproduct_tag&post=368"}],"curies":[{"name":"wp","href":"https:\/\/api.w.org\/{rel}","templated":true}]}}