{"id":362,"date":"2026-04-11T18:14:12","date_gmt":"2026-04-11T18:14:12","guid":{"rendered":"https:\/\/gocsach.azdigi.shop\/?post_type=product&#038;p=362"},"modified":"2026-04-11T18:14:12","modified_gmt":"2026-04-11T18:14:12","slug":"bai-tap-toan-10","status":"publish","type":"product","link":"https:\/\/gocsach.azdigi.shop\/?product=bai-tap-toan-10","title":{"rendered":"S\u00e1ch B\u00e0i T\u1eadp To\u00e1n"},"content":{"rendered":"<h1 data-path-to-node=\"6\"><b data-path-to-node=\"6\" data-index-in-node=\"0\">S\u00e1ch B\u00e0i T\u1eadp To\u00e1n 10<\/b><\/h1>\n<p data-path-to-node=\"7\">Cu\u1ed1n s\u00e1ch <b data-path-to-node=\"7\" data-index-in-node=\"10\">B\u00e0i t\u1eadp To\u00e1n 10 <\/b>\u00a0l\u00e0 t\u00e0i li\u1ec7u h\u1ed7 tr\u1ee3 h\u1ecdc t\u1eadp \u0111\u1eafc l\u1ef1c d\u00e0nh cho h\u1ecdc sinh l\u1edbp 10 theo ch\u01b0\u01a1ng tr\u00ecnh ph\u1ed5 th\u00f4ng m\u1edbi. V\u1edbi h\u1ec7 th\u1ed1ng b\u00e0i t\u1eadp \u0111a d\u1ea1ng t\u1eeb c\u01a1 b\u1ea3n \u0111\u1ebfn n\u00e2ng cao, s\u00e1ch gi\u00fap h\u1ecdc sinh c\u1ee7ng c\u1ed1 l\u00fd thuy\u1ebft, r\u00e8n luy\u1ec7n k\u1ef9 n\u0103ng gi\u1ea3i to\u00e1n v\u00e0 chu\u1ea9n b\u1ecb t\u1ed1t cho c\u00e1c k\u1ef3 thi h\u1ecdc k\u1ef3 v\u00e0 \u0111\u00e1nh gi\u00e1 n\u0103ng l\u1ef1c.<\/p>\n<h2 data-path-to-node=\"11\">C\u1ea5u tr\u00fac ki\u1ebfn th\u1ee9c trong B\u00e0i t\u1eadp To\u00e1n 10<\/h2>\n<p data-path-to-node=\"12\">S\u00e1ch \u0111\u01b0\u1ee3c chia l\u00e0m hai t\u1eadp t\u01b0\u01a1ng \u1ee9ng v\u1edbi hai h\u1ecdc k\u1ef3, bao qu\u00e1t to\u00e0n b\u1ed9 c\u00e1c ch\u1ee7 \u0111\u1ec1 quan tr\u1ecdng c\u1ee7a ch\u01b0\u01a1ng tr\u00ecnh To\u00e1n l\u1edbp 10 m\u1edbi:<\/p>\n<ul data-path-to-node=\"13\">\n<li>\n<p data-path-to-node=\"13,0,0\"><b data-path-to-node=\"13,0,0\" data-index-in-node=\"0\">T\u1eadp 1:<\/b> T\u1eadp trung v\u00e0o c\u00e1c ki\u1ebfn th\u1ee9c v\u1ec1 M\u1ec7nh \u0111\u1ec1 v\u00e0 T\u1eadp h\u1ee3p, B\u1ea5t ph\u01b0\u01a1ng tr\u00ecnh v\u00e0 H\u1ec7 b\u1ea5t ph\u01b0\u01a1ng tr\u00ecnh b\u1eadc nh\u1ea5t hai \u1ea9n, H\u00e0m s\u1ed1 b\u1eadc hai v\u00e0 \u0110\u1ed3 th\u1ecb, H\u1ec7 th\u1ee9c l\u01b0\u1ee3ng trong tam gi\u00e1c v\u00e0 Vect\u01a1.<\/p>\n<\/li>\n<li>\n<p data-path-to-node=\"13,1,0\"><b data-path-to-node=\"13,1,0\" data-index-in-node=\"0\">T\u1eadp 2:<\/b> \u0110i s\u00e2u v\u00e0o \u0110\u1ea1i s\u1ed1 t\u1ed5 h\u1ee3p, X\u00e1c su\u1ea5t, Ph\u01b0\u01a1ng ph\u00e1p t\u1ecda \u0111\u1ed9 trong m\u1eb7t ph\u1eb3ng (\u0110\u01b0\u1eddng th\u1eb3ng, \u0110\u01b0\u1eddng tr\u00f2n, \u0110\u01b0\u1eddng Parabol) v\u00e0 c\u00e1c b\u00e0i t\u1eadp \u00f4n t\u1eadp cu\u1ed1i n\u0103m.<\/p>\n<\/li>\n<\/ul>\n<h3 data-path-to-node=\"14\">\u00a0\u01afu \u0111i\u1ec3m n\u1ed5i b\u1eadt c\u1ee7a cu\u1ed1n s\u00e1ch<\/h3>\n<p data-path-to-node=\"15\">Vi\u1ec7c th\u1ef1c h\u00e0nh v\u1edbi <b data-path-to-node=\"15\" data-index-in-node=\"19\">B\u00e0i t\u1eadp To\u00e1n 10 <\/b>\u00a0mang l\u1ea1i nhi\u1ec1u l\u1ee3i \u00edch cho h\u1ecdc sinh:<\/p>\n<ol start=\"1\" data-path-to-node=\"16\">\n<li>\n<p data-path-to-node=\"16,0,0\"><b data-path-to-node=\"16,0,0\" data-index-in-node=\"0\">H\u1ec7 th\u1ed1ng c\u00e2u h\u1ecfi khoa h\u1ecdc:<\/b> C\u00e1c b\u00e0i t\u1eadp \u0111\u01b0\u1ee3c ph\u00e2n lo\u1ea1i r\u00f5 r\u00e0ng theo m\u1ee9c \u0111\u1ed9 nh\u1eadn bi\u1ebft, th\u00f4ng hi\u1ec3u v\u00e0 v\u1eadn d\u1ee5ng cao.<\/p>\n<\/li>\n<li>\n<p data-path-to-node=\"16,1,0\"><b data-path-to-node=\"16,1,0\" data-index-in-node=\"0\">S\u00e1t th\u1ef1c t\u1ebf:<\/b> Nhi\u1ec1u b\u00e0i to\u00e1n li\u00ean m\u00f4n v\u00e0 \u1ee9ng d\u1ee5ng th\u1ef1c ti\u1ec5n (nh\u01b0 b\u00e0i to\u00e1n qu\u1ef9 \u0111\u1ea1o m\u00e1y bay tr\u00ean b\u00eca s\u00e1ch) gi\u00fap m\u00f4n To\u00e1n tr\u1edf n\u00ean sinh \u0111\u1ed9ng h\u01a1n.<\/p>\n<\/li>\n<li>\n<p data-path-to-node=\"16,2,0\"><b data-path-to-node=\"16,2,0\" data-index-in-node=\"0\">H\u1ed7 tr\u1ee3 t\u1ef1 h\u1ecdc:<\/b> Ph\u1ea7n \u0111\u00e1p \u00e1n v\u00e0 h\u01b0\u1edbng d\u1eabn gi\u1ea3i gi\u00fap h\u1ecdc sinh c\u00f3 th\u1ec3 t\u1ef1 ki\u1ec3m tra v\u00e0 \u0111\u00e1nh gi\u00e1 n\u0103ng l\u1ef1c t\u1ea1i nh\u00e0.<\/p>\n<\/li>\n<\/ol>\n<h3 data-path-to-node=\"17\">\u00a0C\u00e1c l\u1ef1a ch\u1ecdn bi\u1ebfn th\u1ec3 t\u1ea1i G\u00f3c S\u00e1ch<\/h3>\n<p data-path-to-node=\"18\">\u0110\u1ec3 thu\u1eadn ti\u1ec7n cho vi\u1ec7c h\u1ecdc t\u1eadp, b\u1ea1n c\u00f3 th\u1ec3 ch\u1ecdn mua theo c\u00e1c h\u00ecnh th\u1ee9c:<\/p>\n<ul data-path-to-node=\"19\">\n<li>\n<p data-path-to-node=\"19,0,0\"><b data-path-to-node=\"19,0,0\" data-index-in-node=\"0\">T\u1eadp 1:<\/b> Chuy\u00ean s\u00e2u n\u1ed9i dung h\u1ecdc k\u1ef3 I.<\/p>\n<\/li>\n<li>\n<p data-path-to-node=\"19,1,0\"><b data-path-to-node=\"19,1,0\" data-index-in-node=\"0\">T\u1eadp 2:<\/b> Chuy\u00ean s\u00e2u n\u1ed9i dung h\u1ecdc k\u1ef3 II.<\/p>\n<\/li>\n<\/ul>\n","protected":false},"excerpt":{"rendered":"<p data-path-to-node=\"6\"><b data-path-to-node=\"6\" data-index-in-node=\"0\">S\u00e1ch B\u00e0i T\u1eadp To\u00e1n 10 &#8211; B\u1ed9 s\u00e1ch Ch\u00e2n tr\u1eddi s\u00e1ng t\u1ea1o<\/b><\/p>\n<p data-path-to-node=\"7\">Cu\u1ed1n s\u00e1ch <b data-path-to-node=\"7\" data-index-in-node=\"10\">B\u00e0i t\u1eadp To\u00e1n 10 Ch\u00e2n tr\u1eddi s\u00e1ng t\u1ea1o<\/b> l\u00e0 t\u00e0i li\u1ec7u h\u1ed7 tr\u1ee3 h\u1ecdc t\u1eadp \u0111\u1eafc l\u1ef1c d\u00e0nh cho h\u1ecdc sinh l\u1edbp 10 theo ch\u01b0\u01a1ng tr\u00ecnh ph\u1ed5 th\u00f4ng m\u1edbi. V\u1edbi h\u1ec7 th\u1ed1ng b\u00e0i t\u1eadp \u0111a d\u1ea1ng t\u1eeb c\u01a1 b\u1ea3n \u0111\u1ebfn n\u00e2ng cao, s\u00e1ch gi\u00fap h\u1ecdc sinh c\u1ee7ng c\u1ed1 l\u00fd thuy\u1ebft, r\u00e8n luy\u1ec7n k\u1ef9 n\u0103ng gi\u1ea3i to\u00e1n v\u00e0 chu\u1ea9n b\u1ecb t\u1ed1t cho c\u00e1c k\u1ef3 thi h\u1ecdc k\u1ef3 v\u00e0 \u0111\u00e1nh gi\u00e1 n\u0103ng l\u1ef1c.<\/p>\n<ul data-path-to-node=\"8\">\n<li>\n<p data-path-to-node=\"8,0,0\"><b data-path-to-node=\"8,0,0\" data-index-in-node=\"0\">Ch\u1ee7 bi\u00ean:<\/b> Tr\u1ea7n \u0110\u1ee9c Huy\u00ean v\u00e0 c\u00e1c c\u1ed9ng s\u1ef1.<\/p>\n<\/li>\n<li>\n<p data-path-to-node=\"8,1,0\"><b data-path-to-node=\"8,1,0\" data-index-in-node=\"0\">Nh\u00e0 xu\u1ea5t b\u1ea3n:<\/b> Gi\u00e1o d\u1ee5c Vi\u1ec7t Nam.<\/p>\n<\/li>\n<li>\n<p data-path-to-node=\"8,2,0\"><b data-path-to-node=\"8,2,0\" data-index-in-node=\"0\">B\u1ed9 s\u00e1ch:<\/b> Ch\u00e2n tr\u1eddi s\u00e1ng t\u1ea1o.<\/p>\n<\/li>\n<li>\n<p data-path-to-node=\"8,3,0\"><b data-path-to-node=\"8,3,0\" data-index-in-node=\"0\">Bi\u1ebfn th\u1ec3:<\/b> T\u1eadp 1 \/ T\u1eadp 2 \/<\/p>\n<\/li>\n<\/ul>\n","protected":false},"featured_media":367,"comment_status":"open","ping_status":"closed","template":"","meta":[],"product_brand":[],"product_cat":[17],"product_tag":[],"class_list":{"0":"post-362","1":"product","2":"type-product","3":"status-publish","4":"has-post-thumbnail","6":"product_cat-sach-giao-khoa","8":"first","9":"instock","10":"shipping-taxable","11":"purchasable","12":"product-type-variable"},"yoast_head":"<!-- This site is optimized with the Yoast SEO plugin v26.9 - https:\/\/yoast.com\/product\/yoast-seo-wordpress\/ -->\n<title>B\u00e0i T\u1eadp To\u00e1n 10 Ch\u00e2n Tr\u1eddi S\u00e1ng T\u1ea1o - T\u1eadp 1 &amp; T\u1eadp 2 | G\u00f3c S\u00e1ch<\/title>\n<meta name=\"description\" content=\"Mua B\u00e0i t\u1eadp To\u00e1n 10 t\u1ea1i G\u00f3c S\u00e1ch. T\u00e0i li\u1ec7u b\u1ed5 tr\u1ee3 chu\u1ea9n B\u1ed9 Gi\u00e1o d\u1ee5c gi\u00fap h\u1ecdc sinh n\u1eafm v\u1eefng ki\u1ebfn th\u1ee9c to\u00e1n h\u1ecdc l\u1edbp 10. \u0110\u1ea7y \u0111\u1ee7 T\u1eadp 1, T\u1eadp 2. Giao nhanh!\" \/>\n<meta name=\"robots\" content=\"index, follow, max-snippet:-1, max-image-preview:large, max-video-preview:-1\" \/>\n<link rel=\"canonical\" href=\"https:\/\/gocsach.azdigi.shop\/?product=bai-tap-toan-10\" \/>\n<meta property=\"og:locale\" content=\"vi_VN\" \/>\n<meta property=\"og:type\" content=\"article\" \/>\n<meta property=\"og:title\" content=\"B\u00e0i T\u1eadp To\u00e1n 10 Ch\u00e2n Tr\u1eddi S\u00e1ng T\u1ea1o - T\u1eadp 1 &amp; T\u1eadp 2 | G\u00f3c S\u00e1ch\" \/>\n<meta property=\"og:description\" content=\"Mua B\u00e0i t\u1eadp To\u00e1n 10 t\u1ea1i G\u00f3c S\u00e1ch. T\u00e0i li\u1ec7u b\u1ed5 tr\u1ee3 chu\u1ea9n B\u1ed9 Gi\u00e1o d\u1ee5c gi\u00fap h\u1ecdc sinh n\u1eafm v\u1eefng ki\u1ebfn th\u1ee9c to\u00e1n h\u1ecdc l\u1edbp 10. \u0110\u1ea7y \u0111\u1ee7 T\u1eadp 1, T\u1eadp 2. Giao nhanh!\" \/>\n<meta property=\"og:url\" content=\"https:\/\/gocsach.azdigi.shop\/?product=bai-tap-toan-10\" \/>\n<meta property=\"og:site_name\" content=\"G\u00f3c s\u00e1ch\" \/>\n<meta property=\"og:image\" content=\"https:\/\/gocsach.azdigi.shop\/wp-content\/uploads\/2026\/04\/247.jpg\" \/>\n\t<meta property=\"og:image:width\" content=\"1024\" \/>\n\t<meta property=\"og:image:height\" content=\"1024\" \/>\n\t<meta property=\"og:image:type\" content=\"image\/jpeg\" \/>\n<meta name=\"twitter:card\" content=\"summary_large_image\" \/>\n<meta name=\"twitter:label1\" content=\"\u01af\u1edbc t\u00ednh th\u1eddi gian \u0111\u1ecdc\" \/>\n\t<meta name=\"twitter:data1\" content=\"3 ph\u00fat\" \/>\n<script type=\"application\/ld+json\" class=\"yoast-schema-graph\">{\"@context\":\"https:\/\/schema.org\",\"@graph\":[{\"@type\":\"WebPage\",\"@id\":\"https:\/\/gocsach.azdigi.shop\/?product=bai-tap-toan-10\",\"url\":\"https:\/\/gocsach.azdigi.shop\/?product=bai-tap-toan-10\",\"name\":\"B\u00e0i T\u1eadp To\u00e1n 10 Ch\u00e2n Tr\u1eddi S\u00e1ng T\u1ea1o - T\u1eadp 1 & T\u1eadp 2 | G\u00f3c S\u00e1ch\",\"isPartOf\":{\"@id\":\"https:\/\/gocsach.azdigi.shop\/#website\"},\"primaryImageOfPage\":{\"@id\":\"https:\/\/gocsach.azdigi.shop\/?product=bai-tap-toan-10#primaryimage\"},\"image\":{\"@id\":\"https:\/\/gocsach.azdigi.shop\/?product=bai-tap-toan-10#primaryimage\"},\"thumbnailUrl\":\"https:\/\/gocsach.azdigi.shop\/wp-content\/uploads\/2026\/04\/247.jpg\",\"datePublished\":\"2026-04-11T18:14:12+00:00\",\"description\":\"Mua B\u00e0i t\u1eadp To\u00e1n 10 t\u1ea1i G\u00f3c S\u00e1ch. T\u00e0i li\u1ec7u b\u1ed5 tr\u1ee3 chu\u1ea9n B\u1ed9 Gi\u00e1o d\u1ee5c gi\u00fap h\u1ecdc sinh n\u1eafm v\u1eefng ki\u1ebfn th\u1ee9c to\u00e1n h\u1ecdc l\u1edbp 10. \u0110\u1ea7y \u0111\u1ee7 T\u1eadp 1, T\u1eadp 2. Giao nhanh!\",\"breadcrumb\":{\"@id\":\"https:\/\/gocsach.azdigi.shop\/?product=bai-tap-toan-10#breadcrumb\"},\"inLanguage\":\"vi\",\"potentialAction\":[{\"@type\":\"ReadAction\",\"target\":[\"https:\/\/gocsach.azdigi.shop\/?product=bai-tap-toan-10\"]}]},{\"@type\":\"ImageObject\",\"inLanguage\":\"vi\",\"@id\":\"https:\/\/gocsach.azdigi.shop\/?product=bai-tap-toan-10#primaryimage\",\"url\":\"https:\/\/gocsach.azdigi.shop\/wp-content\/uploads\/2026\/04\/247.jpg\",\"contentUrl\":\"https:\/\/gocsach.azdigi.shop\/wp-content\/uploads\/2026\/04\/247.jpg\",\"width\":1024,\"height\":1024},{\"@type\":\"BreadcrumbList\",\"@id\":\"https:\/\/gocsach.azdigi.shop\/?product=bai-tap-toan-10#breadcrumb\",\"itemListElement\":[{\"@type\":\"ListItem\",\"position\":1,\"name\":\"Trang ch\u1ee7\",\"item\":\"https:\/\/gocsach.azdigi.shop\/\"},{\"@type\":\"ListItem\",\"position\":2,\"name\":\"C\u1eeda h\u00e0ng\",\"item\":\"https:\/\/gocsach.azdigi.shop\/?page_id=146\"},{\"@type\":\"ListItem\",\"position\":3,\"name\":\"S\u00e1ch B\u00e0i T\u1eadp To\u00e1n\"}]},{\"@type\":\"WebSite\",\"@id\":\"https:\/\/gocsach.azdigi.shop\/#website\",\"url\":\"https:\/\/gocsach.azdigi.shop\/\",\"name\":\"G\u00f3c s\u00e1ch\",\"description\":\"\",\"potentialAction\":[{\"@type\":\"SearchAction\",\"target\":{\"@type\":\"EntryPoint\",\"urlTemplate\":\"https:\/\/gocsach.azdigi.shop\/?s={search_term_string}\"},\"query-input\":{\"@type\":\"PropertyValueSpecification\",\"valueRequired\":true,\"valueName\":\"search_term_string\"}}],\"inLanguage\":\"vi\"}]}<\/script>\n<!-- \/ Yoast SEO plugin. -->","yoast_head_json":{"title":"B\u00e0i T\u1eadp To\u00e1n 10 Ch\u00e2n Tr\u1eddi S\u00e1ng T\u1ea1o - T\u1eadp 1 & T\u1eadp 2 | G\u00f3c S\u00e1ch","description":"Mua B\u00e0i t\u1eadp To\u00e1n 10 t\u1ea1i G\u00f3c S\u00e1ch. T\u00e0i li\u1ec7u b\u1ed5 tr\u1ee3 chu\u1ea9n B\u1ed9 Gi\u00e1o d\u1ee5c gi\u00fap h\u1ecdc sinh n\u1eafm v\u1eefng ki\u1ebfn th\u1ee9c to\u00e1n h\u1ecdc l\u1edbp 10. \u0110\u1ea7y \u0111\u1ee7 T\u1eadp 1, T\u1eadp 2. Giao nhanh!","robots":{"index":"index","follow":"follow","max-snippet":"max-snippet:-1","max-image-preview":"max-image-preview:large","max-video-preview":"max-video-preview:-1"},"canonical":"https:\/\/gocsach.azdigi.shop\/?product=bai-tap-toan-10","og_locale":"vi_VN","og_type":"article","og_title":"B\u00e0i T\u1eadp To\u00e1n 10 Ch\u00e2n Tr\u1eddi S\u00e1ng T\u1ea1o - T\u1eadp 1 & T\u1eadp 2 | G\u00f3c S\u00e1ch","og_description":"Mua B\u00e0i t\u1eadp To\u00e1n 10 t\u1ea1i G\u00f3c S\u00e1ch. T\u00e0i li\u1ec7u b\u1ed5 tr\u1ee3 chu\u1ea9n B\u1ed9 Gi\u00e1o d\u1ee5c gi\u00fap h\u1ecdc sinh n\u1eafm v\u1eefng ki\u1ebfn th\u1ee9c to\u00e1n h\u1ecdc l\u1edbp 10. \u0110\u1ea7y \u0111\u1ee7 T\u1eadp 1, T\u1eadp 2. Giao nhanh!","og_url":"https:\/\/gocsach.azdigi.shop\/?product=bai-tap-toan-10","og_site_name":"G\u00f3c s\u00e1ch","og_image":[{"width":1024,"height":1024,"url":"https:\/\/gocsach.azdigi.shop\/wp-content\/uploads\/2026\/04\/247.jpg","type":"image\/jpeg"}],"twitter_card":"summary_large_image","twitter_misc":{"\u01af\u1edbc t\u00ednh th\u1eddi gian \u0111\u1ecdc":"3 ph\u00fat"},"schema":{"@context":"https:\/\/schema.org","@graph":[{"@type":"WebPage","@id":"https:\/\/gocsach.azdigi.shop\/?product=bai-tap-toan-10","url":"https:\/\/gocsach.azdigi.shop\/?product=bai-tap-toan-10","name":"B\u00e0i T\u1eadp To\u00e1n 10 Ch\u00e2n Tr\u1eddi S\u00e1ng T\u1ea1o - T\u1eadp 1 & T\u1eadp 2 | G\u00f3c S\u00e1ch","isPartOf":{"@id":"https:\/\/gocsach.azdigi.shop\/#website"},"primaryImageOfPage":{"@id":"https:\/\/gocsach.azdigi.shop\/?product=bai-tap-toan-10#primaryimage"},"image":{"@id":"https:\/\/gocsach.azdigi.shop\/?product=bai-tap-toan-10#primaryimage"},"thumbnailUrl":"https:\/\/gocsach.azdigi.shop\/wp-content\/uploads\/2026\/04\/247.jpg","datePublished":"2026-04-11T18:14:12+00:00","description":"Mua B\u00e0i t\u1eadp To\u00e1n 10 t\u1ea1i G\u00f3c S\u00e1ch. T\u00e0i li\u1ec7u b\u1ed5 tr\u1ee3 chu\u1ea9n B\u1ed9 Gi\u00e1o d\u1ee5c gi\u00fap h\u1ecdc sinh n\u1eafm v\u1eefng ki\u1ebfn th\u1ee9c to\u00e1n h\u1ecdc l\u1edbp 10. \u0110\u1ea7y \u0111\u1ee7 T\u1eadp 1, T\u1eadp 2. Giao nhanh!","breadcrumb":{"@id":"https:\/\/gocsach.azdigi.shop\/?product=bai-tap-toan-10#breadcrumb"},"inLanguage":"vi","potentialAction":[{"@type":"ReadAction","target":["https:\/\/gocsach.azdigi.shop\/?product=bai-tap-toan-10"]}]},{"@type":"ImageObject","inLanguage":"vi","@id":"https:\/\/gocsach.azdigi.shop\/?product=bai-tap-toan-10#primaryimage","url":"https:\/\/gocsach.azdigi.shop\/wp-content\/uploads\/2026\/04\/247.jpg","contentUrl":"https:\/\/gocsach.azdigi.shop\/wp-content\/uploads\/2026\/04\/247.jpg","width":1024,"height":1024},{"@type":"BreadcrumbList","@id":"https:\/\/gocsach.azdigi.shop\/?product=bai-tap-toan-10#breadcrumb","itemListElement":[{"@type":"ListItem","position":1,"name":"Trang ch\u1ee7","item":"https:\/\/gocsach.azdigi.shop\/"},{"@type":"ListItem","position":2,"name":"C\u1eeda h\u00e0ng","item":"https:\/\/gocsach.azdigi.shop\/?page_id=146"},{"@type":"ListItem","position":3,"name":"S\u00e1ch B\u00e0i T\u1eadp To\u00e1n"}]},{"@type":"WebSite","@id":"https:\/\/gocsach.azdigi.shop\/#website","url":"https:\/\/gocsach.azdigi.shop\/","name":"G\u00f3c s\u00e1ch","description":"","potentialAction":[{"@type":"SearchAction","target":{"@type":"EntryPoint","urlTemplate":"https:\/\/gocsach.azdigi.shop\/?s={search_term_string}"},"query-input":{"@type":"PropertyValueSpecification","valueRequired":true,"valueName":"search_term_string"}}],"inLanguage":"vi"}]}},"_links":{"self":[{"href":"https:\/\/gocsach.azdigi.shop\/index.php?rest_route=\/wp\/v2\/product\/362","targetHints":{"allow":["GET"]}}],"collection":[{"href":"https:\/\/gocsach.azdigi.shop\/index.php?rest_route=\/wp\/v2\/product"}],"about":[{"href":"https:\/\/gocsach.azdigi.shop\/index.php?rest_route=\/wp\/v2\/types\/product"}],"replies":[{"embeddable":true,"href":"https:\/\/gocsach.azdigi.shop\/index.php?rest_route=%2Fwp%2Fv2%2Fcomments&post=362"}],"wp:featuredmedia":[{"embeddable":true,"href":"https:\/\/gocsach.azdigi.shop\/index.php?rest_route=\/wp\/v2\/media\/367"}],"wp:attachment":[{"href":"https:\/\/gocsach.azdigi.shop\/index.php?rest_route=%2Fwp%2Fv2%2Fmedia&parent=362"}],"wp:term":[{"taxonomy":"product_brand","embeddable":true,"href":"https:\/\/gocsach.azdigi.shop\/index.php?rest_route=%2Fwp%2Fv2%2Fproduct_brand&post=362"},{"taxonomy":"product_cat","embeddable":true,"href":"https:\/\/gocsach.azdigi.shop\/index.php?rest_route=%2Fwp%2Fv2%2Fproduct_cat&post=362"},{"taxonomy":"product_tag","embeddable":true,"href":"https:\/\/gocsach.azdigi.shop\/index.php?rest_route=%2Fwp%2Fv2%2Fproduct_tag&post=362"}],"curies":[{"name":"wp","href":"https:\/\/api.w.org\/{rel}","templated":true}]}}