{"id":355,"date":"2026-04-11T18:01:13","date_gmt":"2026-04-11T18:01:13","guid":{"rendered":"https:\/\/gocsach.azdigi.shop\/?post_type=product&#038;p=355"},"modified":"2026-04-11T18:01:13","modified_gmt":"2026-04-11T18:01:13","slug":"sgk-am-nhac-lop-12","status":"publish","type":"product","link":"https:\/\/gocsach.azdigi.shop\/?product=sgk-am-nhac-lop-12","title":{"rendered":"S\u00e1ch Gi\u00e1o Khoa \u00c2m Nh\u1ea1c l\u1edbp 12"},"content":{"rendered":"<h1 data-path-to-node=\"12\">N\u1ed9i dung tr\u1ecdng t\u00e2m trong S\u00e1ch gi\u00e1o khoa \u00c2m nh\u1ea1c l\u1edbp 12<\/h1>\n<p data-path-to-node=\"13\">S\u00e1ch Gi\u00e1o Khoa \u00c2m nh\u1ea1c l\u1edbp 12 kh\u00f4ng ch\u1ec9 d\u1eebng l\u1ea1i \u1edf vi\u1ec7c h\u00e1t, m\u00e0 c\u00f2n m\u1edf r\u1ed9ng sang c\u00e1c ki\u1ebfn th\u1ee9c chuy\u00ean s\u00e2u, h\u1ed7 tr\u1ee3 \u0111\u1eafc l\u1ef1c cho nh\u1eefng b\u1ea1n c\u00f3 \u0111\u1ecbnh h\u01b0\u1edbng thi v\u00e0o c\u00e1c kh\u1ed1i ng\u00e0nh ngh\u1ec7 thu\u1eadt.<\/p>\n<ul data-path-to-node=\"14\">\n<li>\n<p data-path-to-node=\"14,0,0\"><b data-path-to-node=\"14,0,0\" data-index-in-node=\"0\">L\u00fd thuy\u1ebft v\u00e0 \u0110\u1ecdc nh\u1ea1c:<\/b> C\u1ee7ng c\u1ed1 ki\u1ebfn th\u1ee9c v\u1ec1 qu\u00e3ng, h\u1ee3p \u00e2m v\u00e0 th\u1ef1c h\u00e0nh \u0111\u1ecdc c\u00e1c b\u1ea3n nh\u1ea1c ph\u1ee9c t\u1ea1p h\u01a1n.<\/p>\n<\/li>\n<li>\n<p data-path-to-node=\"14,1,0\"><b data-path-to-node=\"14,1,0\" data-index-in-node=\"0\">L\u1ecbch s\u1eed \u00e2m nh\u1ea1c:<\/b> T\u00ecm hi\u1ec3u v\u1ec1 c\u00e1c nh\u1ea1c s\u0129 thi\u00ean t\u00e0i th\u1ebf gi\u1edbi v\u00e0 nh\u1eefng \u0111\u00f3ng g\u00f3p to l\u1edbn c\u1ee7a \u00e2m nh\u1ea1c truy\u1ec1n th\u1ed1ng Vi\u1ec7t Nam qua c\u00e1c th\u1eddi k\u1ef3.<\/p>\n<\/li>\n<li>\n<p data-path-to-node=\"14,2,0\"><b data-path-to-node=\"14,2,0\" data-index-in-node=\"0\">Th\u01b0\u1edfng th\u1ee9c \u00e2m nh\u1ea1c:<\/b> Ph\u00e2n t\u00edch c\u00e1c t\u00e1c ph\u1ea9m kinh \u0111i\u1ec3n, gi\u00fap h\u1ecdc sinh h\u00ecnh th\u00e0nh t\u01b0 duy th\u1ea9m m\u1ef9 \u00e2m nh\u1ea1c tinh t\u1ebf.<\/p>\n<\/li>\n<\/ul>\n<h2 data-path-to-node=\"15\">\u00a0C\u00e1c bi\u1ebfn th\u1ec3 b\u1ed9 s\u00e1ch hi\u1ec7n c\u00f3 t\u1ea1i G\u00f3c S\u00e1ch<\/h2>\n<p data-path-to-node=\"16\">\u0110\u1ec3 \u0111\u00e1p \u1ee9ng nhu c\u1ea7u h\u1ecdc t\u1eadp theo t\u1eebng khu v\u1ef1c v\u00e0 tr\u01b0\u1eddng h\u1ecdc, G\u00f3c S\u00e1ch cung c\u1ea5p \u0111\u1ea7y \u0111\u1ee7 3 b\u1ed9 s\u00e1ch ch\u00ednh:<\/p>\n<ol start=\"1\" data-path-to-node=\"17\">\n<li>\n<p data-path-to-node=\"17,0,0\"><b data-path-to-node=\"17,0,0\" data-index-in-node=\"0\">B\u1ed9 K\u1ebft n\u1ed1i tri th\u1ee9c v\u1edbi cu\u1ed9c s\u1ed1ng:<\/b> Ch\u00fa tr\u1ecdng v\u00e0o t\u00ednh \u1ee9ng d\u1ee5ng, h\u00ecnh \u1ea3nh minh h\u1ecda sinh \u0111\u1ed9ng, gi\u00fap h\u1ecdc sinh d\u1ec5 d\u00e0ng ti\u1ebfp c\u1eadn ki\u1ebfn th\u1ee9c.<\/p>\n<\/li>\n<li>\n<p data-path-to-node=\"17,1,0\"><b data-path-to-node=\"17,1,0\" data-index-in-node=\"0\">B\u1ed9 Ch\u00e2n tr\u1eddi s\u00e1ng t\u1ea1o:<\/b> Khuy\u1ebfn kh\u00edch s\u1ef1 s\u00e1ng t\u1ea1o c\u00e1 nh\u00e2n, ph\u00f9 h\u1ee3p v\u1edbi nh\u1eefng h\u1ecdc sinh y\u00eau th\u00edch s\u1ef1 \u0111\u1ed5i m\u1edbi v\u00e0 kh\u00e1m ph\u00e1.<\/p>\n<\/li>\n<li>\n<p data-path-to-node=\"17,2,0\"><b data-path-to-node=\"17,2,0\" data-index-in-node=\"0\">B\u1ed9 C\u00e1nh di\u1ec1u:<\/b> N\u1ed9i dung s\u00fac t\u00edch, khoa h\u1ecdc, b\u00e1m s\u00e1t c\u1ea5u tr\u00fac b\u00e0i gi\u1ea3ng truy\u1ec1n th\u1ed1ng gi\u00fap h\u1ecdc sinh n\u1eafm v\u1eefng c\u1ed1t l\u00f5i m\u00f4n h\u1ecdc.<\/p>\n<\/li>\n<\/ol>\n<p>T\u1ea1i sao n\u00ean ch\u1ecdn mua s\u00e1ch t\u1ea1i G\u00f3c S\u00e1ch?<\/p>\n<ul data-path-to-node=\"19\">\n<li>\n<p data-path-to-node=\"19,0,0\"><b data-path-to-node=\"19,0,0\" data-index-in-node=\"0\">S\u00e1ch ch\u00ednh h\u00e3ng:<\/b> \u0110\u1ea3m b\u1ea3o 100% s\u00e1ch g\u1ed1c, m\u00e0u s\u1eafc in \u1ea5n trung th\u1ef1c, kh\u00f4ng g\u00e2y m\u1ecfi m\u1eaft.<\/p>\n<\/li>\n<li>\n<p data-path-to-node=\"19,1,0\"><b data-path-to-node=\"19,1,0\" data-index-in-node=\"0\">Giao h\u00e0ng si\u00eau t\u1ed1c:<\/b> H\u1ed7 tr\u1ee3 giao h\u00e0ng nhanh cho c\u00e1c b\u1ea1n h\u1ecdc sinh chu\u1ea9n b\u1ecb v\u00e0o n\u0103m h\u1ecdc m\u1edbi.<\/p>\n<\/li>\n<li>\n<p data-path-to-node=\"19,2,0\"><b data-path-to-node=\"19,2,0\" data-index-in-node=\"0\">T\u1ed1i \u01b0u chi ph\u00ed:<\/b> Gi\u00e1 c\u1ea3 c\u1ea1nh tranh, th\u01b0\u1eddng xuy\u00ean c\u00f3 c\u00e1c ch\u01b0\u01a1ng tr\u00ecnh combo s\u00e1ch gi\u00e1o khoa l\u1edbp 12 gi\u00e1 t\u1ed1t.<\/p>\n<\/li>\n<\/ul>\n","protected":false},"excerpt":{"rendered":"<p data-path-to-node=\"7\"><b data-path-to-node=\"7\" data-index-in-node=\"0\">S\u00e1ch Gi\u00e1o Khoa \u00c2m Nh\u1ea1c L\u1edbp 12 &#8211; Kh\u00e1m ph\u00e1 th\u1ebf gi\u1edbi ngh\u1ec7 thu\u1eadt \u00e2m thanh<\/b><\/p>\n<p data-path-to-node=\"8\">Cu\u1ed1n <b data-path-to-node=\"8\" data-index-in-node=\"5\">S\u00e1ch gi\u00e1o khoa \u00c2m nh\u1ea1c l\u1edbp 12<\/b> \u0111\u01b0\u1ee3c bi\u00ean so\u1ea1n b\u00e1m s\u00e1t ch\u01b0\u01a1ng tr\u00ecnh gi\u00e1o d\u1ee5c ph\u1ed5 th\u00f4ng m\u1edbi, gi\u00fap h\u1ecdc sinh ph\u00e1t tri\u1ec3n to\u00e0n di\u1ec7n n\u0103ng l\u1ef1c \u00e2m nh\u1ea1c. T\u1eeb l\u00fd thuy\u1ebft \u00e2m nh\u1ea1c c\u01a1 b\u1ea3n, \u0111\u1ecdc nh\u1ea1c \u0111\u1ebfn t\u00ecm hi\u1ec3u c\u00e1c d\u00f2ng nh\u1ea1c d\u00e2n t\u1ed9c v\u00e0 hi\u1ec7n \u0111\u1ea1i, cu\u1ed1n s\u00e1ch l\u00e0 h\u00e0nh tr\u00ecnh kh\u01a1i g\u1ee3i ni\u1ec1m \u0111am m\u00ea ngh\u1ec7 thu\u1eadt v\u00e0 b\u1ed3i \u0111\u1eafp t\u00e2m h\u1ed3n cho c\u00e1c em h\u1ecdc sinh cu\u1ed1i c\u1ea5p.<\/p>\n<ul data-path-to-node=\"9\">\n<li>\n<p data-path-to-node=\"9,0,0\"><b data-path-to-node=\"9,0,0\" data-index-in-node=\"0\">Nh\u00e0 s\u1ea3n xu\u1ea5t:<\/b> NXB Gi\u00e1o d\u1ee5c Vi\u1ec7t Nam \/ NXB \u0110\u1ea1i h\u1ecdc S\u01b0 ph\u1ea1m.<\/p>\n<\/li>\n<li>\n<p data-path-to-node=\"9,1,0\"><b data-path-to-node=\"9,1,0\" data-index-in-node=\"0\">B\u1ed9 s\u00e1ch:<\/b> K\u1ebft n\u1ed1i tri th\u1ee9c \/ Ch\u00e2n tr\u1eddi s\u00e1ng t\u1ea1o \/ C\u00e1nh di\u1ec1u.<\/p>\n<\/li>\n<li>\n<p data-path-to-node=\"9,2,0\"><b data-path-to-node=\"9,2,0\" data-index-in-node=\"0\">T\u00ecnh tr\u1ea1ng:<\/b> S\u00e1ch m\u1edbi 100%, in \u1ea5n s\u1eafc n\u00e9t.<\/p>\n<\/li>\n<\/ul>\n","protected":false},"featured_media":361,"comment_status":"open","ping_status":"closed","template":"","meta":[],"product_brand":[],"product_cat":[17],"product_tag":[],"class_list":{"0":"post-355","1":"product","2":"type-product","3":"status-publish","4":"has-post-thumbnail","6":"product_cat-sach-giao-khoa","8":"first","9":"instock","10":"shipping-taxable","11":"purchasable","12":"product-type-variable"},"yoast_head":"<!-- This site is optimized with the Yoast SEO plugin v26.9 - https:\/\/yoast.com\/product\/yoast-seo-wordpress\/ -->\n<title>S\u00e1ch Gi\u00e1o Khoa \u00c2m Nh\u1ea1c L\u1edbp 12 - Tr\u1ecdn B\u1ed9 Phi\u00ean B\u1ea3n | G\u00f3c S\u00e1ch<\/title>\n<meta name=\"description\" content=\"Mua ngay S\u00e1ch gi\u00e1o khoa \u00c2m nh\u1ea1c l\u1edbp 12 ch\u00ednh h\u00e3ng t\u1ea1i G\u00f3c S\u00e1ch. \u0110\u1ea7y \u0111\u1ee7 c\u00e1c b\u1ed9 K\u1ebft n\u1ed1i tri th\u1ee9c, Ch\u00e2n tr\u1eddi s\u00e1ng t\u1ea1o, C\u00e1nh di\u1ec1u. Giao h\u00e0ng, \u0111\u00f3ng g\u00f3i chu \u0111\u00e1o.\" \/>\n<meta name=\"robots\" content=\"index, follow, max-snippet:-1, max-image-preview:large, max-video-preview:-1\" \/>\n<link rel=\"canonical\" href=\"https:\/\/gocsach.azdigi.shop\/?product=sgk-am-nhac-lop-12\" \/>\n<meta property=\"og:locale\" content=\"vi_VN\" \/>\n<meta property=\"og:type\" content=\"article\" \/>\n<meta property=\"og:title\" content=\"S\u00e1ch Gi\u00e1o Khoa \u00c2m Nh\u1ea1c L\u1edbp 12 - Tr\u1ecdn B\u1ed9 Phi\u00ean B\u1ea3n | G\u00f3c S\u00e1ch\" \/>\n<meta property=\"og:description\" content=\"Mua ngay S\u00e1ch gi\u00e1o khoa \u00c2m nh\u1ea1c l\u1edbp 12 ch\u00ednh h\u00e3ng t\u1ea1i G\u00f3c S\u00e1ch. \u0110\u1ea7y \u0111\u1ee7 c\u00e1c b\u1ed9 K\u1ebft n\u1ed1i tri th\u1ee9c, Ch\u00e2n tr\u1eddi s\u00e1ng t\u1ea1o, C\u00e1nh di\u1ec1u. Giao h\u00e0ng, \u0111\u00f3ng g\u00f3i chu \u0111\u00e1o.\" \/>\n<meta property=\"og:url\" content=\"https:\/\/gocsach.azdigi.shop\/?product=sgk-am-nhac-lop-12\" \/>\n<meta property=\"og:site_name\" content=\"G\u00f3c s\u00e1ch\" \/>\n<meta property=\"og:image\" content=\"https:\/\/gocsach.azdigi.shop\/wp-content\/uploads\/2026\/04\/243.jpg\" \/>\n\t<meta property=\"og:image:width\" content=\"345\" \/>\n\t<meta property=\"og:image:height\" content=\"480\" \/>\n\t<meta property=\"og:image:type\" content=\"image\/jpeg\" \/>\n<meta name=\"twitter:card\" content=\"summary_large_image\" \/>\n<meta name=\"twitter:label1\" content=\"\u01af\u1edbc t\u00ednh th\u1eddi gian \u0111\u1ecdc\" \/>\n\t<meta name=\"twitter:data1\" content=\"2 ph\u00fat\" \/>\n<script type=\"application\/ld+json\" class=\"yoast-schema-graph\">{\"@context\":\"https:\/\/schema.org\",\"@graph\":[{\"@type\":\"WebPage\",\"@id\":\"https:\/\/gocsach.azdigi.shop\/?product=sgk-am-nhac-lop-12\",\"url\":\"https:\/\/gocsach.azdigi.shop\/?product=sgk-am-nhac-lop-12\",\"name\":\"S\u00e1ch Gi\u00e1o Khoa \u00c2m Nh\u1ea1c L\u1edbp 12 - Tr\u1ecdn B\u1ed9 Phi\u00ean B\u1ea3n | G\u00f3c S\u00e1ch\",\"isPartOf\":{\"@id\":\"https:\/\/gocsach.azdigi.shop\/#website\"},\"primaryImageOfPage\":{\"@id\":\"https:\/\/gocsach.azdigi.shop\/?product=sgk-am-nhac-lop-12#primaryimage\"},\"image\":{\"@id\":\"https:\/\/gocsach.azdigi.shop\/?product=sgk-am-nhac-lop-12#primaryimage\"},\"thumbnailUrl\":\"https:\/\/gocsach.azdigi.shop\/wp-content\/uploads\/2026\/04\/243.jpg\",\"datePublished\":\"2026-04-11T18:01:13+00:00\",\"description\":\"Mua ngay S\u00e1ch gi\u00e1o khoa \u00c2m nh\u1ea1c l\u1edbp 12 ch\u00ednh h\u00e3ng t\u1ea1i G\u00f3c S\u00e1ch. \u0110\u1ea7y \u0111\u1ee7 c\u00e1c b\u1ed9 K\u1ebft n\u1ed1i tri th\u1ee9c, Ch\u00e2n tr\u1eddi s\u00e1ng t\u1ea1o, C\u00e1nh di\u1ec1u. Giao h\u00e0ng, \u0111\u00f3ng g\u00f3i chu \u0111\u00e1o.\",\"breadcrumb\":{\"@id\":\"https:\/\/gocsach.azdigi.shop\/?product=sgk-am-nhac-lop-12#breadcrumb\"},\"inLanguage\":\"vi\",\"potentialAction\":[{\"@type\":\"ReadAction\",\"target\":[\"https:\/\/gocsach.azdigi.shop\/?product=sgk-am-nhac-lop-12\"]}]},{\"@type\":\"ImageObject\",\"inLanguage\":\"vi\",\"@id\":\"https:\/\/gocsach.azdigi.shop\/?product=sgk-am-nhac-lop-12#primaryimage\",\"url\":\"https:\/\/gocsach.azdigi.shop\/wp-content\/uploads\/2026\/04\/243.jpg\",\"contentUrl\":\"https:\/\/gocsach.azdigi.shop\/wp-content\/uploads\/2026\/04\/243.jpg\",\"width\":345,\"height\":480},{\"@type\":\"BreadcrumbList\",\"@id\":\"https:\/\/gocsach.azdigi.shop\/?product=sgk-am-nhac-lop-12#breadcrumb\",\"itemListElement\":[{\"@type\":\"ListItem\",\"position\":1,\"name\":\"Trang ch\u1ee7\",\"item\":\"https:\/\/gocsach.azdigi.shop\/\"},{\"@type\":\"ListItem\",\"position\":2,\"name\":\"C\u1eeda h\u00e0ng\",\"item\":\"https:\/\/gocsach.azdigi.shop\/?page_id=146\"},{\"@type\":\"ListItem\",\"position\":3,\"name\":\"S\u00e1ch Gi\u00e1o Khoa \u00c2m Nh\u1ea1c l\u1edbp 12\"}]},{\"@type\":\"WebSite\",\"@id\":\"https:\/\/gocsach.azdigi.shop\/#website\",\"url\":\"https:\/\/gocsach.azdigi.shop\/\",\"name\":\"G\u00f3c s\u00e1ch\",\"description\":\"\",\"potentialAction\":[{\"@type\":\"SearchAction\",\"target\":{\"@type\":\"EntryPoint\",\"urlTemplate\":\"https:\/\/gocsach.azdigi.shop\/?s={search_term_string}\"},\"query-input\":{\"@type\":\"PropertyValueSpecification\",\"valueRequired\":true,\"valueName\":\"search_term_string\"}}],\"inLanguage\":\"vi\"}]}<\/script>\n<!-- \/ Yoast SEO plugin. -->","yoast_head_json":{"title":"S\u00e1ch Gi\u00e1o Khoa \u00c2m Nh\u1ea1c L\u1edbp 12 - Tr\u1ecdn B\u1ed9 Phi\u00ean B\u1ea3n | G\u00f3c S\u00e1ch","description":"Mua ngay S\u00e1ch gi\u00e1o khoa \u00c2m nh\u1ea1c l\u1edbp 12 ch\u00ednh h\u00e3ng t\u1ea1i G\u00f3c S\u00e1ch. \u0110\u1ea7y \u0111\u1ee7 c\u00e1c b\u1ed9 K\u1ebft n\u1ed1i tri th\u1ee9c, Ch\u00e2n tr\u1eddi s\u00e1ng t\u1ea1o, C\u00e1nh di\u1ec1u. Giao h\u00e0ng, \u0111\u00f3ng g\u00f3i chu \u0111\u00e1o.","robots":{"index":"index","follow":"follow","max-snippet":"max-snippet:-1","max-image-preview":"max-image-preview:large","max-video-preview":"max-video-preview:-1"},"canonical":"https:\/\/gocsach.azdigi.shop\/?product=sgk-am-nhac-lop-12","og_locale":"vi_VN","og_type":"article","og_title":"S\u00e1ch Gi\u00e1o Khoa \u00c2m Nh\u1ea1c L\u1edbp 12 - Tr\u1ecdn B\u1ed9 Phi\u00ean B\u1ea3n | G\u00f3c S\u00e1ch","og_description":"Mua ngay S\u00e1ch gi\u00e1o khoa \u00c2m nh\u1ea1c l\u1edbp 12 ch\u00ednh h\u00e3ng t\u1ea1i G\u00f3c S\u00e1ch. \u0110\u1ea7y \u0111\u1ee7 c\u00e1c b\u1ed9 K\u1ebft n\u1ed1i tri th\u1ee9c, Ch\u00e2n tr\u1eddi s\u00e1ng t\u1ea1o, C\u00e1nh di\u1ec1u. Giao h\u00e0ng, \u0111\u00f3ng g\u00f3i chu \u0111\u00e1o.","og_url":"https:\/\/gocsach.azdigi.shop\/?product=sgk-am-nhac-lop-12","og_site_name":"G\u00f3c s\u00e1ch","og_image":[{"width":345,"height":480,"url":"https:\/\/gocsach.azdigi.shop\/wp-content\/uploads\/2026\/04\/243.jpg","type":"image\/jpeg"}],"twitter_card":"summary_large_image","twitter_misc":{"\u01af\u1edbc t\u00ednh th\u1eddi gian \u0111\u1ecdc":"2 ph\u00fat"},"schema":{"@context":"https:\/\/schema.org","@graph":[{"@type":"WebPage","@id":"https:\/\/gocsach.azdigi.shop\/?product=sgk-am-nhac-lop-12","url":"https:\/\/gocsach.azdigi.shop\/?product=sgk-am-nhac-lop-12","name":"S\u00e1ch Gi\u00e1o Khoa \u00c2m Nh\u1ea1c L\u1edbp 12 - Tr\u1ecdn B\u1ed9 Phi\u00ean B\u1ea3n | G\u00f3c S\u00e1ch","isPartOf":{"@id":"https:\/\/gocsach.azdigi.shop\/#website"},"primaryImageOfPage":{"@id":"https:\/\/gocsach.azdigi.shop\/?product=sgk-am-nhac-lop-12#primaryimage"},"image":{"@id":"https:\/\/gocsach.azdigi.shop\/?product=sgk-am-nhac-lop-12#primaryimage"},"thumbnailUrl":"https:\/\/gocsach.azdigi.shop\/wp-content\/uploads\/2026\/04\/243.jpg","datePublished":"2026-04-11T18:01:13+00:00","description":"Mua ngay S\u00e1ch gi\u00e1o khoa \u00c2m nh\u1ea1c l\u1edbp 12 ch\u00ednh h\u00e3ng t\u1ea1i G\u00f3c S\u00e1ch. \u0110\u1ea7y \u0111\u1ee7 c\u00e1c b\u1ed9 K\u1ebft n\u1ed1i tri th\u1ee9c, Ch\u00e2n tr\u1eddi s\u00e1ng t\u1ea1o, C\u00e1nh di\u1ec1u. Giao h\u00e0ng, \u0111\u00f3ng g\u00f3i chu \u0111\u00e1o.","breadcrumb":{"@id":"https:\/\/gocsach.azdigi.shop\/?product=sgk-am-nhac-lop-12#breadcrumb"},"inLanguage":"vi","potentialAction":[{"@type":"ReadAction","target":["https:\/\/gocsach.azdigi.shop\/?product=sgk-am-nhac-lop-12"]}]},{"@type":"ImageObject","inLanguage":"vi","@id":"https:\/\/gocsach.azdigi.shop\/?product=sgk-am-nhac-lop-12#primaryimage","url":"https:\/\/gocsach.azdigi.shop\/wp-content\/uploads\/2026\/04\/243.jpg","contentUrl":"https:\/\/gocsach.azdigi.shop\/wp-content\/uploads\/2026\/04\/243.jpg","width":345,"height":480},{"@type":"BreadcrumbList","@id":"https:\/\/gocsach.azdigi.shop\/?product=sgk-am-nhac-lop-12#breadcrumb","itemListElement":[{"@type":"ListItem","position":1,"name":"Trang ch\u1ee7","item":"https:\/\/gocsach.azdigi.shop\/"},{"@type":"ListItem","position":2,"name":"C\u1eeda h\u00e0ng","item":"https:\/\/gocsach.azdigi.shop\/?page_id=146"},{"@type":"ListItem","position":3,"name":"S\u00e1ch Gi\u00e1o Khoa \u00c2m Nh\u1ea1c l\u1edbp 12"}]},{"@type":"WebSite","@id":"https:\/\/gocsach.azdigi.shop\/#website","url":"https:\/\/gocsach.azdigi.shop\/","name":"G\u00f3c s\u00e1ch","description":"","potentialAction":[{"@type":"SearchAction","target":{"@type":"EntryPoint","urlTemplate":"https:\/\/gocsach.azdigi.shop\/?s={search_term_string}"},"query-input":{"@type":"PropertyValueSpecification","valueRequired":true,"valueName":"search_term_string"}}],"inLanguage":"vi"}]}},"_links":{"self":[{"href":"https:\/\/gocsach.azdigi.shop\/index.php?rest_route=\/wp\/v2\/product\/355","targetHints":{"allow":["GET"]}}],"collection":[{"href":"https:\/\/gocsach.azdigi.shop\/index.php?rest_route=\/wp\/v2\/product"}],"about":[{"href":"https:\/\/gocsach.azdigi.shop\/index.php?rest_route=\/wp\/v2\/types\/product"}],"replies":[{"embeddable":true,"href":"https:\/\/gocsach.azdigi.shop\/index.php?rest_route=%2Fwp%2Fv2%2Fcomments&post=355"}],"wp:featuredmedia":[{"embeddable":true,"href":"https:\/\/gocsach.azdigi.shop\/index.php?rest_route=\/wp\/v2\/media\/361"}],"wp:attachment":[{"href":"https:\/\/gocsach.azdigi.shop\/index.php?rest_route=%2Fwp%2Fv2%2Fmedia&parent=355"}],"wp:term":[{"taxonomy":"product_brand","embeddable":true,"href":"https:\/\/gocsach.azdigi.shop\/index.php?rest_route=%2Fwp%2Fv2%2Fproduct_brand&post=355"},{"taxonomy":"product_cat","embeddable":true,"href":"https:\/\/gocsach.azdigi.shop\/index.php?rest_route=%2Fwp%2Fv2%2Fproduct_cat&post=355"},{"taxonomy":"product_tag","embeddable":true,"href":"https:\/\/gocsach.azdigi.shop\/index.php?rest_route=%2Fwp%2Fv2%2Fproduct_tag&post=355"}],"curies":[{"name":"wp","href":"https:\/\/api.w.org\/{rel}","templated":true}]}}