{"id":350,"date":"2026-04-11T17:44:11","date_gmt":"2026-04-11T17:44:11","guid":{"rendered":"https:\/\/gocsach.azdigi.shop\/?post_type=product&#038;p=350"},"modified":"2026-04-15T07:09:12","modified_gmt":"2026-04-15T07:09:12","slug":"tuoi-tre-dang-gia-bao-nhieu","status":"publish","type":"product","link":"https:\/\/gocsach.azdigi.shop\/?product=tuoi-tre-dang-gia-bao-nhieu","title":{"rendered":"Tu\u1ed5i tr\u1ebb \u0111\u00e1ng gi\u00e1 bao nhi\u00eau"},"content":{"rendered":"<h1 data-path-to-node=\"3\">Gi\u1edbi thi\u1ec7u t\u1ed5ng quan v\u1ec1 t\u00e1c ph\u1ea9m<\/h1>\n<p data-path-to-node=\"4\"><b data-path-to-node=\"4\" data-index-in-node=\"0\">Tu\u1ed5i tr\u1ebb \u0111\u00e1ng gi\u00e1 bao nhi\u00eau<\/b> kh\u00f4ng \u0111\u01a1n thu\u1ea7n l\u00e0 m\u1ed9t cu\u1ed1n s\u00e1ch k\u1ef9 n\u0103ng; n\u00f3 l\u00e0 t\u1eadp h\u1ee3p nh\u1eefng l\u1eddi t\u1ef1 s\u1ef1, nh\u1eefng \u0111\u00fac k\u1ebft ch\u00e2n th\u00e0nh t\u1eeb ch\u00ednh cu\u1ed9c \u0111\u1eddi c\u1ee7a t\u00e1c gi\u1ea3 <b data-path-to-node=\"4\" data-index-in-node=\"156\">Rosie Nguy\u1ec5n<\/b>. Cu\u1ed1n s\u00e1ch ra \u0111\u1eddi nh\u01b0 m\u1ed9t chi\u1ebfc la b\u00e0n d\u00e0nh cho nh\u1eefng ai \u0111ang c\u1ea3m th\u1ea5y l\u1ea1c l\u1ed1i trong nh\u1eefng n\u0103m th\u00e1ng thanh xu\u00e2n r\u1ef1c r\u1ee1 nh\u01b0ng c\u0169ng \u0111\u1ea7y ch\u00eanh v\u00eanh.<\/p>\n<p data-path-to-node=\"5\">B\u1eb1ng v\u0103n phong nh\u1eb9 nh\u00e0ng, g\u1ea7n g\u0169i nh\u01b0ng kh\u00f4ng k\u00e9m ph\u1ea7n s\u1eafc s\u1ea3o, Rosie Nguy\u1ec5n \u0111\u00e3 truy\u1ec1n c\u1ea3m h\u1ee9ng m\u1ea1nh m\u1ebd v\u1ec1 tinh th\u1ea7n t\u1ef1 h\u1ecdc, \u00fd th\u1ee9c r\u00e8n luy\u1ec7n b\u1ea3n th\u00e2n v\u00e0 l\u00f2ng can \u0111\u1ea3m \u0111\u1ec3 s\u1ed1ng cu\u1ed9c \u0111\u1eddi m\u00e0 m\u00ecnh h\u1eb1ng mong \u01b0\u1edbc.<\/p>\n<h2 data-path-to-node=\"6\">C\u1ea5u tr\u00fac n\u1ed9i dung s\u00e2u s\u1eafc<\/h2>\n<p data-path-to-node=\"7\">Cu\u1ed1n s\u00e1ch \u0111\u01b0\u1ee3c chia th\u00e0nh 3 ph\u1ea7n r\u00f5 r\u1ec7t, t\u01b0\u01a1ng \u1ee9ng v\u1edbi 3 h\u00e0nh \u0111\u1ed9ng quan tr\u1ecdng nh\u1ea5t c\u1ee7a tu\u1ed5i tr\u1ebb:<\/p>\n<ul data-path-to-node=\"8\">\n<li>\n<p data-path-to-node=\"8,0,0\"><b data-path-to-node=\"8,0,0\" data-index-in-node=\"0\">PH\u1ea6N 1: H\u1eccC<\/b> \u2013 T\u00e1c gi\u1ea3 nh\u1ea5n m\u1ea1nh t\u1ea7m quan tr\u1ecdng c\u1ee7a vi\u1ec7c t\u1ef1 h\u1ecdc v\u00e0 \u0111\u1ecdc s\u00e1ch. \u0110\u00e2y l\u00e0 n\u1ec1n t\u1ea3ng c\u1ed1t l\u00f5i gi\u00fap b\u1ea1n m\u1edf r\u1ed9ng t\u01b0 duy v\u00e0 chu\u1ea9n b\u1ecb h\u00e0nh trang tri th\u1ee9c v\u1eefng ch\u1eafc.<\/p>\n<\/li>\n<li>\n<p data-path-to-node=\"8,1,0\"><b data-path-to-node=\"8,1,0\" data-index-in-node=\"0\">PH\u1ea6N 2: L\u00c0M<\/b> \u2013 Kh\u00f4ng ch\u1ec9 d\u1eebng l\u1ea1i \u1edf l\u00fd thuy\u1ebft, ch\u01b0\u01a1ng n\u00e0y khuy\u1ebfn kh\u00edch b\u1ea1n d\u1ea5n th\u00e2n v\u00e0o th\u1ef1c t\u1ebf, l\u00e0m vi\u1ec7c h\u1ebft m\u00ecnh \u0111\u1ec3 kh\u00e1m ph\u00e1 \u0111am m\u00ea v\u00e0 th\u1ebf m\u1ea1nh c\u1ee7a b\u1ea3n th\u00e2n.<\/p>\n<\/li>\n<li>\n<p data-path-to-node=\"8,2,0\"><b data-path-to-node=\"8,2,0\" data-index-in-node=\"0\">PH\u1ea6N 3: \u0110I<\/b> \u2013 Nh\u1eefng chuy\u1ebfn \u0111i xa kh\u00f4ng ch\u1ec9 l\u00e0 du l\u1ecbch, m\u00e0 l\u00e0 c\u00e1ch \u0111\u1ec3 b\u1ea1n va ch\u1ea1m v\u1edbi th\u1ebf gi\u1edbi, h\u1ecdc c\u00e1ch th\u00edch nghi v\u00e0 tr\u01b0\u1edfng th\u00e0nh h\u01a1n sau m\u1ed7i cung \u0111\u01b0\u1eddng.<\/p>\n<\/li>\n<\/ul>\n<h3 data-path-to-node=\"9\">\u00a0T\u1ea1i sao &#8220;Tu\u1ed5i tr\u1ebb \u0111\u00e1ng gi\u00e1 bao nhi\u00eau&#8221; lu\u00f4n n\u1eb1m trong danh m\u1ee5c b\u00e1n ch\u1ea1y?<\/h3>\n<p data-path-to-node=\"10\">Gi\u1eefa h\u00e0ng ng\u00e0n cu\u1ed1n s\u00e1ch k\u1ef9 n\u0103ng, t\u00e1c ph\u1ea9m c\u1ee7a Rosie Nguy\u1ec5n v\u1eabn gi\u1eef v\u1eefng s\u1ee9c h\u00fat nh\u1edd t\u00ednh th\u1ef1c t\u1ebf. B\u1ea1n s\u1ebd kh\u00f4ng t\u00ecm th\u1ea5y nh\u1eefng l\u1eddi khuy\u00ean s\u00e1o r\u1ed7ng hay gi\u00e1o \u0111i\u1ec1u. Thay v\u00e0o \u0111\u00f3 l\u00e0 nh\u1eefng ch\u1ec9 d\u1eabn c\u1ee5 th\u1ec3: <i data-path-to-node=\"10\" data-index-in-node=\"199\">\u0110\u1ecdc s\u00e1ch g\u00ec? H\u1ecdc ngo\u1ea1i ng\u1eef nh\u01b0 th\u1ebf n\u00e0o? L\u00e0m sao \u0111\u1ec3 v\u01b0\u1ee3t qua kh\u1ee7ng ho\u1ea3ng tu\u1ed5i \u0111\u00f4i m\u01b0\u01a1i?<\/i><\/p>\n<p data-path-to-node=\"11\">Cu\u1ed1n s\u00e1ch ch\u00ednh l\u00e0 c\u00e2u tr\u1ea3 l\u1eddi cho c\u00e2u h\u1ecfi: &#8220;Ch\u00fang ta n\u00ean l\u00e0m g\u00ec v\u1edbi nh\u1eefng n\u0103m th\u00e1ng qu\u00fd gi\u00e1 nh\u1ea5t c\u1ee7a \u0111\u1eddi m\u00ecnh?&#8221;.<\/p>\n<p data-path-to-node=\"11,0,0\">\n","protected":false},"excerpt":{"rendered":"<p data-path-to-node=\"3\"><b data-path-to-node=\"3\" data-index-in-node=\"0\">S\u00e1ch Tu\u1ed5i Tr\u1ebb \u0110\u00e1ng Gi\u00e1 Bao Nhi\u00eau &#8211; Rosie Nguy\u1ec5n<\/b><\/p>\n<p data-path-to-node=\"4\">&#8220;B\u1ea1n h\u1ed1i ti\u1ebfc v\u00ec kh\u00f4ng n\u1eafm b\u1eaft l\u1ea5y m\u1ed9t c\u01a1 h\u1ed9i n\u00e0o \u0111\u00f3, ch\u1eb3ng c\u00f3 ai ph\u1ea3i tr\u1ea3 gi\u00e1 cho s\u1ef1 th\u1ea5t b\u1ea1i c\u1ee7a b\u1ea1n ngo\u00e0i ch\u00ednh b\u1ea1n.&#8221; \u2014 <b data-path-to-node=\"4\" data-index-in-node=\"123\">Tu\u1ed5i tr\u1ebb \u0111\u00e1ng gi\u00e1 bao nhi\u00eau<\/b> l\u00e0 cu\u1ed1n s\u00e1ch k\u1ef9 n\u0103ng s\u1ed1ng b\u00e1n ch\u1ea1y nh\u1ea5t c\u1ee7a t\u00e1c gi\u1ea3 <b data-path-to-node=\"4\" data-index-in-node=\"203\">Rosie Nguy\u1ec5n<\/b>, mang \u0111\u1ebfn nh\u1eefng b\u00e0i h\u1ecdc qu\u00fd gi\u00e1 v\u1ec1 vi\u1ec7c t\u1ef1 h\u1ecdc, d\u1ea5n th\u00e2n v\u00e0 kh\u00e1m ph\u00e1 b\u1ea3n th\u00e2n d\u00e0nh ri\u00eang cho ng\u01b0\u1eddi tr\u1ebb Vi\u1ec7t.<\/p>\n<ul data-path-to-node=\"5\">\n<li>\n<p data-path-to-node=\"5,0,0\"><b data-path-to-node=\"5,0,0\" data-index-in-node=\"0\">T\u00e1c gi\u1ea3:<\/b> Rosie Nguy\u1ec5n.<\/p>\n<\/li>\n<li>\n<p data-path-to-node=\"5,1,0\"><b data-path-to-node=\"5,1,0\" data-index-in-node=\"0\">Th\u1ec3 lo\u1ea1i:<\/b> K\u1ef9 n\u0103ng s\u1ed1ng \/ Truy\u1ec1n c\u1ea3m h\u1ee9ng.<\/p>\n<\/li>\n<li>\n<p data-path-to-node=\"5,2,0\"><b data-path-to-node=\"5,2,0\" data-index-in-node=\"0\">T\u00ecnh tr\u1ea1ng:<\/b> S\u00e1ch m\u1edbi ch\u00ednh h\u00e3ng, b\u1ecdc m\u00e0ng co.<\/p>\n<\/li>\n<\/ul>\n","protected":false},"featured_media":353,"comment_status":"open","ping_status":"closed","template":"","meta":[],"product_brand":[],"product_cat":[19,32],"product_tag":[],"class_list":{"0":"post-350","1":"product","2":"type-product","3":"status-publish","4":"has-post-thumbnail","6":"product_cat-ky-nang-song-song-dep","7":"product_cat-sach-moi","9":"first","10":"instock","11":"shipping-taxable","12":"purchasable","13":"product-type-variable"},"yoast_head":"<!-- This site is optimized with the Yoast SEO plugin v26.9 - https:\/\/yoast.com\/product\/yoast-seo-wordpress\/ -->\n<title>Tu\u1ed5i Tr\u1ebb \u0110\u00e1ng Gi\u00e1 Bao Nhi\u00eau - Rosie Nguy\u1ec5n | G\u00f3c S\u00e1ch<\/title>\n<meta name=\"description\" content=\"Mua s\u00e1ch Tu\u1ed5i tr\u1ebb \u0111\u00e1ng gi\u00e1 bao nhi\u00eau c\u1ee7a Rosie Nguy\u1ec5n t\u1ea1i G\u00f3c S\u00e1ch. Cu\u1ed1n s\u00e1ch truy\u1ec1n c\u1ea3m h\u1ee9ng h\u1ecdc t\u1eadp, l\u00e0m vi\u1ec7c v\u00e0 \u0111i \u0111\u1ec3 tr\u01b0\u1edfng th\u00e0nh. Giao nhanh, gi\u00e1 t\u1ed1t!\" \/>\n<meta name=\"robots\" content=\"index, follow, max-snippet:-1, max-image-preview:large, max-video-preview:-1\" \/>\n<link rel=\"canonical\" href=\"https:\/\/gocsach.azdigi.shop\/?product=tuoi-tre-dang-gia-bao-nhieu\" \/>\n<meta property=\"og:locale\" content=\"vi_VN\" \/>\n<meta property=\"og:type\" content=\"article\" \/>\n<meta property=\"og:title\" content=\"Tu\u1ed5i Tr\u1ebb \u0110\u00e1ng Gi\u00e1 Bao Nhi\u00eau - Rosie Nguy\u1ec5n | G\u00f3c S\u00e1ch\" \/>\n<meta property=\"og:description\" content=\"Mua s\u00e1ch Tu\u1ed5i tr\u1ebb \u0111\u00e1ng gi\u00e1 bao nhi\u00eau c\u1ee7a Rosie Nguy\u1ec5n t\u1ea1i G\u00f3c S\u00e1ch. Cu\u1ed1n s\u00e1ch truy\u1ec1n c\u1ea3m h\u1ee9ng h\u1ecdc t\u1eadp, l\u00e0m vi\u1ec7c v\u00e0 \u0111i \u0111\u1ec3 tr\u01b0\u1edfng th\u00e0nh. Giao nhanh, gi\u00e1 t\u1ed1t!\" \/>\n<meta property=\"og:url\" content=\"https:\/\/gocsach.azdigi.shop\/?product=tuoi-tre-dang-gia-bao-nhieu\" \/>\n<meta property=\"og:site_name\" content=\"G\u00f3c s\u00e1ch\" \/>\n<meta property=\"article:modified_time\" content=\"2026-04-15T07:09:12+00:00\" \/>\n<meta property=\"og:image\" content=\"https:\/\/gocsach.azdigi.shop\/wp-content\/uploads\/2026\/04\/217.jpg\" \/>\n\t<meta property=\"og:image:width\" content=\"480\" \/>\n\t<meta property=\"og:image:height\" content=\"480\" \/>\n\t<meta property=\"og:image:type\" content=\"image\/jpeg\" \/>\n<meta name=\"twitter:card\" content=\"summary_large_image\" \/>\n<meta name=\"twitter:label1\" content=\"\u01af\u1edbc t\u00ednh th\u1eddi gian \u0111\u1ecdc\" \/>\n\t<meta name=\"twitter:data1\" content=\"3 ph\u00fat\" \/>\n<script type=\"application\/ld+json\" class=\"yoast-schema-graph\">{\"@context\":\"https:\/\/schema.org\",\"@graph\":[{\"@type\":\"WebPage\",\"@id\":\"https:\/\/gocsach.azdigi.shop\/?product=tuoi-tre-dang-gia-bao-nhieu\",\"url\":\"https:\/\/gocsach.azdigi.shop\/?product=tuoi-tre-dang-gia-bao-nhieu\",\"name\":\"Tu\u1ed5i Tr\u1ebb \u0110\u00e1ng Gi\u00e1 Bao Nhi\u00eau - Rosie Nguy\u1ec5n | G\u00f3c S\u00e1ch\",\"isPartOf\":{\"@id\":\"https:\/\/gocsach.azdigi.shop\/#website\"},\"primaryImageOfPage\":{\"@id\":\"https:\/\/gocsach.azdigi.shop\/?product=tuoi-tre-dang-gia-bao-nhieu#primaryimage\"},\"image\":{\"@id\":\"https:\/\/gocsach.azdigi.shop\/?product=tuoi-tre-dang-gia-bao-nhieu#primaryimage\"},\"thumbnailUrl\":\"https:\/\/gocsach.azdigi.shop\/wp-content\/uploads\/2026\/04\/217.jpg\",\"datePublished\":\"2026-04-11T17:44:11+00:00\",\"dateModified\":\"2026-04-15T07:09:12+00:00\",\"description\":\"Mua s\u00e1ch Tu\u1ed5i tr\u1ebb \u0111\u00e1ng gi\u00e1 bao nhi\u00eau c\u1ee7a Rosie Nguy\u1ec5n t\u1ea1i G\u00f3c S\u00e1ch. Cu\u1ed1n s\u00e1ch truy\u1ec1n c\u1ea3m h\u1ee9ng h\u1ecdc t\u1eadp, l\u00e0m vi\u1ec7c v\u00e0 \u0111i \u0111\u1ec3 tr\u01b0\u1edfng th\u00e0nh. Giao nhanh, gi\u00e1 t\u1ed1t!\",\"breadcrumb\":{\"@id\":\"https:\/\/gocsach.azdigi.shop\/?product=tuoi-tre-dang-gia-bao-nhieu#breadcrumb\"},\"inLanguage\":\"vi\",\"potentialAction\":[{\"@type\":\"ReadAction\",\"target\":[\"https:\/\/gocsach.azdigi.shop\/?product=tuoi-tre-dang-gia-bao-nhieu\"]}]},{\"@type\":\"ImageObject\",\"inLanguage\":\"vi\",\"@id\":\"https:\/\/gocsach.azdigi.shop\/?product=tuoi-tre-dang-gia-bao-nhieu#primaryimage\",\"url\":\"https:\/\/gocsach.azdigi.shop\/wp-content\/uploads\/2026\/04\/217.jpg\",\"contentUrl\":\"https:\/\/gocsach.azdigi.shop\/wp-content\/uploads\/2026\/04\/217.jpg\",\"width\":480,\"height\":480},{\"@type\":\"BreadcrumbList\",\"@id\":\"https:\/\/gocsach.azdigi.shop\/?product=tuoi-tre-dang-gia-bao-nhieu#breadcrumb\",\"itemListElement\":[{\"@type\":\"ListItem\",\"position\":1,\"name\":\"Trang ch\u1ee7\",\"item\":\"https:\/\/gocsach.azdigi.shop\/\"},{\"@type\":\"ListItem\",\"position\":2,\"name\":\"C\u1eeda h\u00e0ng\",\"item\":\"https:\/\/gocsach.azdigi.shop\/?page_id=146\"},{\"@type\":\"ListItem\",\"position\":3,\"name\":\"Tu\u1ed5i tr\u1ebb \u0111\u00e1ng gi\u00e1 bao nhi\u00eau\"}]},{\"@type\":\"WebSite\",\"@id\":\"https:\/\/gocsach.azdigi.shop\/#website\",\"url\":\"https:\/\/gocsach.azdigi.shop\/\",\"name\":\"G\u00f3c s\u00e1ch\",\"description\":\"\",\"potentialAction\":[{\"@type\":\"SearchAction\",\"target\":{\"@type\":\"EntryPoint\",\"urlTemplate\":\"https:\/\/gocsach.azdigi.shop\/?s={search_term_string}\"},\"query-input\":{\"@type\":\"PropertyValueSpecification\",\"valueRequired\":true,\"valueName\":\"search_term_string\"}}],\"inLanguage\":\"vi\"}]}<\/script>\n<!-- \/ Yoast SEO plugin. -->","yoast_head_json":{"title":"Tu\u1ed5i Tr\u1ebb \u0110\u00e1ng Gi\u00e1 Bao Nhi\u00eau - Rosie Nguy\u1ec5n | G\u00f3c S\u00e1ch","description":"Mua s\u00e1ch Tu\u1ed5i tr\u1ebb \u0111\u00e1ng gi\u00e1 bao nhi\u00eau c\u1ee7a Rosie Nguy\u1ec5n t\u1ea1i G\u00f3c S\u00e1ch. Cu\u1ed1n s\u00e1ch truy\u1ec1n c\u1ea3m h\u1ee9ng h\u1ecdc t\u1eadp, l\u00e0m vi\u1ec7c v\u00e0 \u0111i \u0111\u1ec3 tr\u01b0\u1edfng th\u00e0nh. Giao nhanh, gi\u00e1 t\u1ed1t!","robots":{"index":"index","follow":"follow","max-snippet":"max-snippet:-1","max-image-preview":"max-image-preview:large","max-video-preview":"max-video-preview:-1"},"canonical":"https:\/\/gocsach.azdigi.shop\/?product=tuoi-tre-dang-gia-bao-nhieu","og_locale":"vi_VN","og_type":"article","og_title":"Tu\u1ed5i Tr\u1ebb \u0110\u00e1ng Gi\u00e1 Bao Nhi\u00eau - Rosie Nguy\u1ec5n | G\u00f3c S\u00e1ch","og_description":"Mua s\u00e1ch Tu\u1ed5i tr\u1ebb \u0111\u00e1ng gi\u00e1 bao nhi\u00eau c\u1ee7a Rosie Nguy\u1ec5n t\u1ea1i G\u00f3c S\u00e1ch. Cu\u1ed1n s\u00e1ch truy\u1ec1n c\u1ea3m h\u1ee9ng h\u1ecdc t\u1eadp, l\u00e0m vi\u1ec7c v\u00e0 \u0111i \u0111\u1ec3 tr\u01b0\u1edfng th\u00e0nh. Giao nhanh, gi\u00e1 t\u1ed1t!","og_url":"https:\/\/gocsach.azdigi.shop\/?product=tuoi-tre-dang-gia-bao-nhieu","og_site_name":"G\u00f3c s\u00e1ch","article_modified_time":"2026-04-15T07:09:12+00:00","og_image":[{"width":480,"height":480,"url":"https:\/\/gocsach.azdigi.shop\/wp-content\/uploads\/2026\/04\/217.jpg","type":"image\/jpeg"}],"twitter_card":"summary_large_image","twitter_misc":{"\u01af\u1edbc t\u00ednh th\u1eddi gian \u0111\u1ecdc":"3 ph\u00fat"},"schema":{"@context":"https:\/\/schema.org","@graph":[{"@type":"WebPage","@id":"https:\/\/gocsach.azdigi.shop\/?product=tuoi-tre-dang-gia-bao-nhieu","url":"https:\/\/gocsach.azdigi.shop\/?product=tuoi-tre-dang-gia-bao-nhieu","name":"Tu\u1ed5i Tr\u1ebb \u0110\u00e1ng Gi\u00e1 Bao Nhi\u00eau - Rosie Nguy\u1ec5n | G\u00f3c S\u00e1ch","isPartOf":{"@id":"https:\/\/gocsach.azdigi.shop\/#website"},"primaryImageOfPage":{"@id":"https:\/\/gocsach.azdigi.shop\/?product=tuoi-tre-dang-gia-bao-nhieu#primaryimage"},"image":{"@id":"https:\/\/gocsach.azdigi.shop\/?product=tuoi-tre-dang-gia-bao-nhieu#primaryimage"},"thumbnailUrl":"https:\/\/gocsach.azdigi.shop\/wp-content\/uploads\/2026\/04\/217.jpg","datePublished":"2026-04-11T17:44:11+00:00","dateModified":"2026-04-15T07:09:12+00:00","description":"Mua s\u00e1ch Tu\u1ed5i tr\u1ebb \u0111\u00e1ng gi\u00e1 bao nhi\u00eau c\u1ee7a Rosie Nguy\u1ec5n t\u1ea1i G\u00f3c S\u00e1ch. Cu\u1ed1n s\u00e1ch truy\u1ec1n c\u1ea3m h\u1ee9ng h\u1ecdc t\u1eadp, l\u00e0m vi\u1ec7c v\u00e0 \u0111i \u0111\u1ec3 tr\u01b0\u1edfng th\u00e0nh. Giao nhanh, gi\u00e1 t\u1ed1t!","breadcrumb":{"@id":"https:\/\/gocsach.azdigi.shop\/?product=tuoi-tre-dang-gia-bao-nhieu#breadcrumb"},"inLanguage":"vi","potentialAction":[{"@type":"ReadAction","target":["https:\/\/gocsach.azdigi.shop\/?product=tuoi-tre-dang-gia-bao-nhieu"]}]},{"@type":"ImageObject","inLanguage":"vi","@id":"https:\/\/gocsach.azdigi.shop\/?product=tuoi-tre-dang-gia-bao-nhieu#primaryimage","url":"https:\/\/gocsach.azdigi.shop\/wp-content\/uploads\/2026\/04\/217.jpg","contentUrl":"https:\/\/gocsach.azdigi.shop\/wp-content\/uploads\/2026\/04\/217.jpg","width":480,"height":480},{"@type":"BreadcrumbList","@id":"https:\/\/gocsach.azdigi.shop\/?product=tuoi-tre-dang-gia-bao-nhieu#breadcrumb","itemListElement":[{"@type":"ListItem","position":1,"name":"Trang ch\u1ee7","item":"https:\/\/gocsach.azdigi.shop\/"},{"@type":"ListItem","position":2,"name":"C\u1eeda h\u00e0ng","item":"https:\/\/gocsach.azdigi.shop\/?page_id=146"},{"@type":"ListItem","position":3,"name":"Tu\u1ed5i tr\u1ebb \u0111\u00e1ng gi\u00e1 bao nhi\u00eau"}]},{"@type":"WebSite","@id":"https:\/\/gocsach.azdigi.shop\/#website","url":"https:\/\/gocsach.azdigi.shop\/","name":"G\u00f3c s\u00e1ch","description":"","potentialAction":[{"@type":"SearchAction","target":{"@type":"EntryPoint","urlTemplate":"https:\/\/gocsach.azdigi.shop\/?s={search_term_string}"},"query-input":{"@type":"PropertyValueSpecification","valueRequired":true,"valueName":"search_term_string"}}],"inLanguage":"vi"}]}},"_links":{"self":[{"href":"https:\/\/gocsach.azdigi.shop\/index.php?rest_route=\/wp\/v2\/product\/350","targetHints":{"allow":["GET"]}}],"collection":[{"href":"https:\/\/gocsach.azdigi.shop\/index.php?rest_route=\/wp\/v2\/product"}],"about":[{"href":"https:\/\/gocsach.azdigi.shop\/index.php?rest_route=\/wp\/v2\/types\/product"}],"replies":[{"embeddable":true,"href":"https:\/\/gocsach.azdigi.shop\/index.php?rest_route=%2Fwp%2Fv2%2Fcomments&post=350"}],"wp:featuredmedia":[{"embeddable":true,"href":"https:\/\/gocsach.azdigi.shop\/index.php?rest_route=\/wp\/v2\/media\/353"}],"wp:attachment":[{"href":"https:\/\/gocsach.azdigi.shop\/index.php?rest_route=%2Fwp%2Fv2%2Fmedia&parent=350"}],"wp:term":[{"taxonomy":"product_brand","embeddable":true,"href":"https:\/\/gocsach.azdigi.shop\/index.php?rest_route=%2Fwp%2Fv2%2Fproduct_brand&post=350"},{"taxonomy":"product_cat","embeddable":true,"href":"https:\/\/gocsach.azdigi.shop\/index.php?rest_route=%2Fwp%2Fv2%2Fproduct_cat&post=350"},{"taxonomy":"product_tag","embeddable":true,"href":"https:\/\/gocsach.azdigi.shop\/index.php?rest_route=%2Fwp%2Fv2%2Fproduct_tag&post=350"}],"curies":[{"name":"wp","href":"https:\/\/api.w.org\/{rel}","templated":true}]}}