{"id":333,"date":"2026-04-11T17:02:20","date_gmt":"2026-04-11T17:02:20","guid":{"rendered":"https:\/\/gocsach.azdigi.shop\/?post_type=product&#038;p=333"},"modified":"2026-04-17T15:17:21","modified_gmt":"2026-04-17T15:17:21","slug":"sach-khong-gia-dinh-hector-malot","status":"publish","type":"product","link":"https:\/\/gocsach.azdigi.shop\/?product=sach-khong-gia-dinh-hector-malot","title":{"rendered":"Kh\u00f4ng Gia \u0110\u00ecnh"},"content":{"rendered":"<div class=\"title_module_main heading-bar d-flex justify-content-between align-items-center\">\n<h1 data-path-to-node=\"7\"><b data-path-to-node=\"7\" data-index-in-node=\"0\">S\u00e1ch Kh\u00f4ng Gia \u0110\u00ecnh &#8211; Ki\u1ec7t t\u00e1c v\u0103n h\u1ecdc Ph\u00e1p v\u1ec1 ngh\u1ecb l\u1ef1c s\u1ed1ng<\/b><\/h1>\n<p data-path-to-node=\"8\"><b data-path-to-node=\"8\" data-index-in-node=\"0\">Kh\u00f4ng Gia \u0110\u00ecnh<\/b> l\u00e0 t\u00e1c ph\u1ea9m n\u1ed5i ti\u1ebfng nh\u1ea5t c\u1ee7a v\u0103n h\u00e0o <b data-path-to-node=\"8\" data-index-in-node=\"54\">Hector Malot<\/b>, k\u1ec3 v\u1ec1 cu\u1ed9c phi\u00eau l\u01b0u \u0111\u1ea7y gian kh\u1ed5 nh\u01b0ng \u1ea5m \u00e1p t\u00ecnh ng\u01b0\u1eddi c\u1ee7a c\u1eadu b\u00e9 R\u00e9mi. V\u1edbi nh\u1eefng b\u00e0i h\u1ecdc s\u00e2u s\u1eafc v\u1ec1 s\u1ef1 t\u1ef1 l\u1eadp, l\u00f2ng nh\u00e2n \u00e1i v\u00e0 t\u00ecnh b\u1ea1n, \u0111\u00e2y l\u00e0 cu\u1ed1n s\u00e1ch g\u1ed1i \u0111\u1ea7u gi\u01b0\u1eddng c\u1ee7a nhi\u1ec1u th\u1ebf h\u1ec7 \u0111\u1ed9c gi\u1ea3 tr\u00ean to\u00e0n th\u1ebf gi\u1edbi.<\/p>\n<\/div>\n<div class=\"rte product_getcontent py-3 pos-relative\">\n<div id=\"content\" class=\"\">\n<h2 data-path-to-node=\"12\">H\u00e0nh tr\u00ecnh \u0111\u1ea7y c\u1ea3m x\u00fac trong Kh\u00f4ng Gia \u0110\u00ecnh Hector Malot<\/h2>\n<p><strong>Kh\u00f4ng gia \u0111\u00ecnh<\/strong>\u00a0k\u1ec3 v\u1ec1 c\u1eadu b\u00e9 R\u00ea-mi. R\u00ea-mi b\u1ecb b\u1eaft c\u00f3c khi c\u00f2n nh\u1ecf. Sau \u0111\u00f3, b\u1ecb b\u00e1n \u0111\u1ec3 theo m\u1ed9t \u0111o\u00e0n xi\u1ebfc th\u00fa, r\u1ed3i d\u1eabn \u0111\u1ea7u \u0111o\u00e0n \u1ea5y \u0111i l\u01b0u l\u1ea1c kh\u1eafc n\u01b0\u1edbc Ph\u00e1p v\u00e0 cu\u1ed1i c\u00f9ng t\u00ecm th\u1ea5y gia \u0111\u00ecnh. Em b\u00e9 \u1ea5y \u0111\u00e3 l\u1edbn l\u00ean trong gian kh\u1ed5, va ch\u1ea1m v\u1edbi m\u1ecdi h\u1ea1ng ng\u01b0\u1eddi, s\u1ed1ng kh\u1eafp m\u1ecdi n\u01a1i. Nh\u01b0ng d\u00f9 \u1edf \u0111\u00e2u, trong c\u1ea3nh ng\u1ed9 n\u00e0o, em v\u1eabn noi theo n\u1ebfp r\u00e8n d\u1ea1y c\u1ee7a c\u1ee5 Vi-ta-li gi\u1eef ph\u1ea9m ch\u1ea5t l\u00e0m ng\u01b0\u1eddi, \u0111\u00f3 l\u00e0 l\u00f2ng y\u00eau lao \u0111\u1ed9ng, t\u1ef1 tr\u1ecdng, ngay th\u1eb3ng, bi\u1ebft nh\u1edb \u01a1n ngh\u0129a v\u00e0 lu\u00f4n lu\u00f4n mu\u1ed1n l\u00e0m ng\u01b0\u1eddi c\u00f3 \u00edch.<\/p>\n<ul>\n<li>\n<p data-path-to-node=\"9,0,0\"><b data-path-to-node=\"9,0,0\" data-index-in-node=\"0\">T\u00e1c gi\u1ea3:<\/b> Hector Malot.<\/p>\n<\/li>\n<li>\n<p data-path-to-node=\"9,1,0\"><b data-path-to-node=\"9,1,0\" data-index-in-node=\"0\">Th\u1ec3 lo\u1ea1i:<\/b> V\u0103n h\u1ecdc n\u01b0\u1edbc ngo\u00e0i \/ C\u1ed5 \u0111i\u1ec3n.<\/p>\n<\/li>\n<li>\n<p data-path-to-node=\"9,2,0\"><b data-path-to-node=\"9,2,0\" data-index-in-node=\"0\">T\u00ecnh tr\u1ea1ng:<\/b> S\u00e1ch m\u1edbi, m\u00e0ng co ch\u1eafc ch\u1eafn.<\/p>\n<\/li>\n<\/ul>\n<p>Qua c\u00e2u chuy\u1ec7n, ng\u01b0\u1eddi ta th\u1ea5y to\u00e1t l\u00ean t\u00ecnh y\u00eau lao \u0111\u1ed9ng, tinh th\u1ea7n t\u1ef1 l\u1eadp t\u1ef1 tin c\u1ee7a tu\u1ed5i tr\u1ebb, \u00fd th\u1ee9c ch\u1ecbu \u0111\u1ef1ng gian kh\u1ed5, ca ng\u1ee3i lao \u0111\u1ed9ng ngh\u1ec7 thu\u1eadt v\u00e0 khuy\u1ebfn kh\u00edch t\u00ecnh b\u1ea1n ch\u00e2n ch\u00ednh.<\/p>\n<\/div>\n<\/div>\n","protected":false},"excerpt":{"rendered":"<p data-path-to-node=\"7\"><b data-path-to-node=\"7\" data-index-in-node=\"0\">S\u00e1ch Kh\u00f4ng Gia \u0110\u00ecnh &#8211; Ki\u1ec7t t\u00e1c v\u0103n h\u1ecdc Ph\u00e1p v\u1ec1 ngh\u1ecb l\u1ef1c s\u1ed1ng<\/b><\/p>\n<p data-path-to-node=\"8\"><b data-path-to-node=\"8\" data-index-in-node=\"0\">Kh\u00f4ng Gia \u0110\u00ecnh<\/b> l\u00e0 t\u00e1c ph\u1ea9m n\u1ed5i ti\u1ebfng nh\u1ea5t c\u1ee7a v\u0103n h\u00e0o <b data-path-to-node=\"8\" data-index-in-node=\"54\">Hector Malot<\/b>, k\u1ec3 v\u1ec1 cu\u1ed9c phi\u00eau l\u01b0u \u0111\u1ea7y gian kh\u1ed5 nh\u01b0ng \u1ea5m \u00e1p t\u00ecnh ng\u01b0\u1eddi c\u1ee7a c\u1eadu b\u00e9 R\u00e9mi. V\u1edbi nh\u1eefng b\u00e0i h\u1ecdc s\u00e2u s\u1eafc v\u1ec1 s\u1ef1 t\u1ef1 l\u1eadp, l\u00f2ng nh\u00e2n \u00e1i v\u00e0 t\u00ecnh b\u1ea1n, \u0111\u00e2y l\u00e0 cu\u1ed1n s\u00e1ch g\u1ed1i \u0111\u1ea7u gi\u01b0\u1eddng c\u1ee7a nhi\u1ec1u th\u1ebf h\u1ec7 \u0111\u1ed9c gi\u1ea3 tr\u00ean to\u00e0n th\u1ebf gi\u1edbi.<\/p>\n<ul data-path-to-node=\"9\">\n<li>\n<p data-path-to-node=\"9,0,0\"><b data-path-to-node=\"9,0,0\" data-index-in-node=\"0\">T\u00e1c gi\u1ea3:<\/b> Hector Malot.<\/p>\n<\/li>\n<li>\n<p data-path-to-node=\"9,1,0\"><b data-path-to-node=\"9,1,0\" data-index-in-node=\"0\">Th\u1ec3 lo\u1ea1i:<\/b> V\u0103n h\u1ecdc n\u01b0\u1edbc ngo\u00e0i \/ C\u1ed5 \u0111i\u1ec3n.<\/p>\n<\/li>\n<li>\n<p data-path-to-node=\"9,2,0\"><b data-path-to-node=\"9,2,0\" data-index-in-node=\"0\">T\u00ecnh tr\u1ea1ng:<\/b> S\u00e1ch m\u1edbi, m\u00e0ng co ch\u1eafc ch\u1eafn.<\/p>\n<\/li>\n<\/ul>\n","protected":false},"featured_media":337,"comment_status":"open","ping_status":"closed","template":"","meta":[],"product_brand":[],"product_cat":[31,18],"product_tag":[],"class_list":{"0":"post-333","1":"product","2":"type-product","3":"status-publish","4":"has-post-thumbnail","6":"product_cat-sale-off","7":"product_cat-van-hoc","9":"first","10":"instock","11":"sale","12":"shipping-taxable","13":"purchasable","14":"product-type-variable"},"yoast_head":"<!-- This site is optimized with the Yoast SEO plugin v26.9 - https:\/\/yoast.com\/product\/yoast-seo-wordpress\/ -->\n<title>Kh\u00f4ng Gia \u0110\u00ecnh - Hector Malot ( T\u00e1i b\u1ea3n 2021\/2022 ) | G\u00f3c S\u00e1ch<\/title>\n<meta name=\"description\" content=\"Mua ngay s\u00e1ch Kh\u00f4ng Gia \u0110\u00ecnh Hector Malot t\u1ea1i G\u00f3c S\u00e1ch. T\u00e1c ph\u1ea9m kinh \u0111i\u1ec3n v\u1ec1 ngh\u1ecb l\u1ef1c c\u1ee7a c\u1eadu b\u00e9 R\u00e9mi. \u0110\u1ea7y \u0111\u1ee7 ph\u1ea7n t\u00e1i b\u1ea3n. Giao h\u00e0ng nhanh, gi\u00e1 t\u1ed1t nh\u1ea5t!\" \/>\n<meta name=\"robots\" content=\"index, follow, max-snippet:-1, max-image-preview:large, max-video-preview:-1\" \/>\n<link rel=\"canonical\" href=\"https:\/\/gocsach.azdigi.shop\/?product=sach-khong-gia-dinh-hector-malot\" \/>\n<meta property=\"og:locale\" content=\"vi_VN\" \/>\n<meta property=\"og:type\" content=\"article\" \/>\n<meta property=\"og:title\" content=\"Kh\u00f4ng Gia \u0110\u00ecnh - Hector Malot ( T\u00e1i b\u1ea3n 2021\/2022 ) | G\u00f3c S\u00e1ch\" \/>\n<meta property=\"og:description\" content=\"Mua ngay s\u00e1ch Kh\u00f4ng Gia \u0110\u00ecnh Hector Malot t\u1ea1i G\u00f3c S\u00e1ch. T\u00e1c ph\u1ea9m kinh \u0111i\u1ec3n v\u1ec1 ngh\u1ecb l\u1ef1c c\u1ee7a c\u1eadu b\u00e9 R\u00e9mi. \u0110\u1ea7y \u0111\u1ee7 ph\u1ea7n t\u00e1i b\u1ea3n. Giao h\u00e0ng nhanh, gi\u00e1 t\u1ed1t nh\u1ea5t!\" \/>\n<meta property=\"og:url\" content=\"https:\/\/gocsach.azdigi.shop\/?product=sach-khong-gia-dinh-hector-malot\" \/>\n<meta property=\"og:site_name\" content=\"G\u00f3c s\u00e1ch\" \/>\n<meta property=\"article:modified_time\" content=\"2026-04-17T15:17:21+00:00\" \/>\n<meta property=\"og:image\" content=\"https:\/\/gocsach.azdigi.shop\/wp-content\/uploads\/2026\/04\/212.jpg\" \/>\n\t<meta property=\"og:image:width\" content=\"326\" \/>\n\t<meta property=\"og:image:height\" content=\"480\" \/>\n\t<meta property=\"og:image:type\" content=\"image\/jpeg\" \/>\n<meta name=\"twitter:card\" content=\"summary_large_image\" \/>\n<meta name=\"twitter:label1\" content=\"\u01af\u1edbc t\u00ednh th\u1eddi gian \u0111\u1ecdc\" \/>\n\t<meta name=\"twitter:data1\" content=\"2 ph\u00fat\" \/>\n<script type=\"application\/ld+json\" class=\"yoast-schema-graph\">{\"@context\":\"https:\/\/schema.org\",\"@graph\":[{\"@type\":\"WebPage\",\"@id\":\"https:\/\/gocsach.azdigi.shop\/?product=sach-khong-gia-dinh-hector-malot\",\"url\":\"https:\/\/gocsach.azdigi.shop\/?product=sach-khong-gia-dinh-hector-malot\",\"name\":\"Kh\u00f4ng Gia \u0110\u00ecnh - Hector Malot ( T\u00e1i b\u1ea3n 2021\/2022 ) | G\u00f3c S\u00e1ch\",\"isPartOf\":{\"@id\":\"https:\/\/gocsach.azdigi.shop\/#website\"},\"primaryImageOfPage\":{\"@id\":\"https:\/\/gocsach.azdigi.shop\/?product=sach-khong-gia-dinh-hector-malot#primaryimage\"},\"image\":{\"@id\":\"https:\/\/gocsach.azdigi.shop\/?product=sach-khong-gia-dinh-hector-malot#primaryimage\"},\"thumbnailUrl\":\"https:\/\/gocsach.azdigi.shop\/wp-content\/uploads\/2026\/04\/212.jpg\",\"datePublished\":\"2026-04-11T17:02:20+00:00\",\"dateModified\":\"2026-04-17T15:17:21+00:00\",\"description\":\"Mua ngay s\u00e1ch Kh\u00f4ng Gia \u0110\u00ecnh Hector Malot t\u1ea1i G\u00f3c S\u00e1ch. T\u00e1c ph\u1ea9m kinh \u0111i\u1ec3n v\u1ec1 ngh\u1ecb l\u1ef1c c\u1ee7a c\u1eadu b\u00e9 R\u00e9mi. \u0110\u1ea7y \u0111\u1ee7 ph\u1ea7n t\u00e1i b\u1ea3n. Giao h\u00e0ng nhanh, gi\u00e1 t\u1ed1t nh\u1ea5t!\",\"breadcrumb\":{\"@id\":\"https:\/\/gocsach.azdigi.shop\/?product=sach-khong-gia-dinh-hector-malot#breadcrumb\"},\"inLanguage\":\"vi\",\"potentialAction\":[{\"@type\":\"ReadAction\",\"target\":[\"https:\/\/gocsach.azdigi.shop\/?product=sach-khong-gia-dinh-hector-malot\"]}]},{\"@type\":\"ImageObject\",\"inLanguage\":\"vi\",\"@id\":\"https:\/\/gocsach.azdigi.shop\/?product=sach-khong-gia-dinh-hector-malot#primaryimage\",\"url\":\"https:\/\/gocsach.azdigi.shop\/wp-content\/uploads\/2026\/04\/212.jpg\",\"contentUrl\":\"https:\/\/gocsach.azdigi.shop\/wp-content\/uploads\/2026\/04\/212.jpg\",\"width\":326,\"height\":480},{\"@type\":\"BreadcrumbList\",\"@id\":\"https:\/\/gocsach.azdigi.shop\/?product=sach-khong-gia-dinh-hector-malot#breadcrumb\",\"itemListElement\":[{\"@type\":\"ListItem\",\"position\":1,\"name\":\"Trang ch\u1ee7\",\"item\":\"https:\/\/gocsach.azdigi.shop\/\"},{\"@type\":\"ListItem\",\"position\":2,\"name\":\"C\u1eeda h\u00e0ng\",\"item\":\"https:\/\/gocsach.azdigi.shop\/?page_id=146\"},{\"@type\":\"ListItem\",\"position\":3,\"name\":\"Kh\u00f4ng Gia \u0110\u00ecnh\"}]},{\"@type\":\"WebSite\",\"@id\":\"https:\/\/gocsach.azdigi.shop\/#website\",\"url\":\"https:\/\/gocsach.azdigi.shop\/\",\"name\":\"G\u00f3c s\u00e1ch\",\"description\":\"\",\"potentialAction\":[{\"@type\":\"SearchAction\",\"target\":{\"@type\":\"EntryPoint\",\"urlTemplate\":\"https:\/\/gocsach.azdigi.shop\/?s={search_term_string}\"},\"query-input\":{\"@type\":\"PropertyValueSpecification\",\"valueRequired\":true,\"valueName\":\"search_term_string\"}}],\"inLanguage\":\"vi\"}]}<\/script>\n<!-- \/ Yoast SEO plugin. -->","yoast_head_json":{"title":"Kh\u00f4ng Gia \u0110\u00ecnh - Hector Malot ( T\u00e1i b\u1ea3n 2021\/2022 ) | G\u00f3c S\u00e1ch","description":"Mua ngay s\u00e1ch Kh\u00f4ng Gia \u0110\u00ecnh Hector Malot t\u1ea1i G\u00f3c S\u00e1ch. T\u00e1c ph\u1ea9m kinh \u0111i\u1ec3n v\u1ec1 ngh\u1ecb l\u1ef1c c\u1ee7a c\u1eadu b\u00e9 R\u00e9mi. \u0110\u1ea7y \u0111\u1ee7 ph\u1ea7n t\u00e1i b\u1ea3n. Giao h\u00e0ng nhanh, gi\u00e1 t\u1ed1t nh\u1ea5t!","robots":{"index":"index","follow":"follow","max-snippet":"max-snippet:-1","max-image-preview":"max-image-preview:large","max-video-preview":"max-video-preview:-1"},"canonical":"https:\/\/gocsach.azdigi.shop\/?product=sach-khong-gia-dinh-hector-malot","og_locale":"vi_VN","og_type":"article","og_title":"Kh\u00f4ng Gia \u0110\u00ecnh - Hector Malot ( T\u00e1i b\u1ea3n 2021\/2022 ) | G\u00f3c S\u00e1ch","og_description":"Mua ngay s\u00e1ch Kh\u00f4ng Gia \u0110\u00ecnh Hector Malot t\u1ea1i G\u00f3c S\u00e1ch. T\u00e1c ph\u1ea9m kinh \u0111i\u1ec3n v\u1ec1 ngh\u1ecb l\u1ef1c c\u1ee7a c\u1eadu b\u00e9 R\u00e9mi. \u0110\u1ea7y \u0111\u1ee7 ph\u1ea7n t\u00e1i b\u1ea3n. Giao h\u00e0ng nhanh, gi\u00e1 t\u1ed1t nh\u1ea5t!","og_url":"https:\/\/gocsach.azdigi.shop\/?product=sach-khong-gia-dinh-hector-malot","og_site_name":"G\u00f3c s\u00e1ch","article_modified_time":"2026-04-17T15:17:21+00:00","og_image":[{"width":326,"height":480,"url":"https:\/\/gocsach.azdigi.shop\/wp-content\/uploads\/2026\/04\/212.jpg","type":"image\/jpeg"}],"twitter_card":"summary_large_image","twitter_misc":{"\u01af\u1edbc t\u00ednh th\u1eddi gian \u0111\u1ecdc":"2 ph\u00fat"},"schema":{"@context":"https:\/\/schema.org","@graph":[{"@type":"WebPage","@id":"https:\/\/gocsach.azdigi.shop\/?product=sach-khong-gia-dinh-hector-malot","url":"https:\/\/gocsach.azdigi.shop\/?product=sach-khong-gia-dinh-hector-malot","name":"Kh\u00f4ng Gia \u0110\u00ecnh - Hector Malot ( T\u00e1i b\u1ea3n 2021\/2022 ) | G\u00f3c S\u00e1ch","isPartOf":{"@id":"https:\/\/gocsach.azdigi.shop\/#website"},"primaryImageOfPage":{"@id":"https:\/\/gocsach.azdigi.shop\/?product=sach-khong-gia-dinh-hector-malot#primaryimage"},"image":{"@id":"https:\/\/gocsach.azdigi.shop\/?product=sach-khong-gia-dinh-hector-malot#primaryimage"},"thumbnailUrl":"https:\/\/gocsach.azdigi.shop\/wp-content\/uploads\/2026\/04\/212.jpg","datePublished":"2026-04-11T17:02:20+00:00","dateModified":"2026-04-17T15:17:21+00:00","description":"Mua ngay s\u00e1ch Kh\u00f4ng Gia \u0110\u00ecnh Hector Malot t\u1ea1i G\u00f3c S\u00e1ch. T\u00e1c ph\u1ea9m kinh \u0111i\u1ec3n v\u1ec1 ngh\u1ecb l\u1ef1c c\u1ee7a c\u1eadu b\u00e9 R\u00e9mi. \u0110\u1ea7y \u0111\u1ee7 ph\u1ea7n t\u00e1i b\u1ea3n. Giao h\u00e0ng nhanh, gi\u00e1 t\u1ed1t nh\u1ea5t!","breadcrumb":{"@id":"https:\/\/gocsach.azdigi.shop\/?product=sach-khong-gia-dinh-hector-malot#breadcrumb"},"inLanguage":"vi","potentialAction":[{"@type":"ReadAction","target":["https:\/\/gocsach.azdigi.shop\/?product=sach-khong-gia-dinh-hector-malot"]}]},{"@type":"ImageObject","inLanguage":"vi","@id":"https:\/\/gocsach.azdigi.shop\/?product=sach-khong-gia-dinh-hector-malot#primaryimage","url":"https:\/\/gocsach.azdigi.shop\/wp-content\/uploads\/2026\/04\/212.jpg","contentUrl":"https:\/\/gocsach.azdigi.shop\/wp-content\/uploads\/2026\/04\/212.jpg","width":326,"height":480},{"@type":"BreadcrumbList","@id":"https:\/\/gocsach.azdigi.shop\/?product=sach-khong-gia-dinh-hector-malot#breadcrumb","itemListElement":[{"@type":"ListItem","position":1,"name":"Trang ch\u1ee7","item":"https:\/\/gocsach.azdigi.shop\/"},{"@type":"ListItem","position":2,"name":"C\u1eeda h\u00e0ng","item":"https:\/\/gocsach.azdigi.shop\/?page_id=146"},{"@type":"ListItem","position":3,"name":"Kh\u00f4ng Gia \u0110\u00ecnh"}]},{"@type":"WebSite","@id":"https:\/\/gocsach.azdigi.shop\/#website","url":"https:\/\/gocsach.azdigi.shop\/","name":"G\u00f3c s\u00e1ch","description":"","potentialAction":[{"@type":"SearchAction","target":{"@type":"EntryPoint","urlTemplate":"https:\/\/gocsach.azdigi.shop\/?s={search_term_string}"},"query-input":{"@type":"PropertyValueSpecification","valueRequired":true,"valueName":"search_term_string"}}],"inLanguage":"vi"}]}},"_links":{"self":[{"href":"https:\/\/gocsach.azdigi.shop\/index.php?rest_route=\/wp\/v2\/product\/333","targetHints":{"allow":["GET"]}}],"collection":[{"href":"https:\/\/gocsach.azdigi.shop\/index.php?rest_route=\/wp\/v2\/product"}],"about":[{"href":"https:\/\/gocsach.azdigi.shop\/index.php?rest_route=\/wp\/v2\/types\/product"}],"replies":[{"embeddable":true,"href":"https:\/\/gocsach.azdigi.shop\/index.php?rest_route=%2Fwp%2Fv2%2Fcomments&post=333"}],"wp:featuredmedia":[{"embeddable":true,"href":"https:\/\/gocsach.azdigi.shop\/index.php?rest_route=\/wp\/v2\/media\/337"}],"wp:attachment":[{"href":"https:\/\/gocsach.azdigi.shop\/index.php?rest_route=%2Fwp%2Fv2%2Fmedia&parent=333"}],"wp:term":[{"taxonomy":"product_brand","embeddable":true,"href":"https:\/\/gocsach.azdigi.shop\/index.php?rest_route=%2Fwp%2Fv2%2Fproduct_brand&post=333"},{"taxonomy":"product_cat","embeddable":true,"href":"https:\/\/gocsach.azdigi.shop\/index.php?rest_route=%2Fwp%2Fv2%2Fproduct_cat&post=333"},{"taxonomy":"product_tag","embeddable":true,"href":"https:\/\/gocsach.azdigi.shop\/index.php?rest_route=%2Fwp%2Fv2%2Fproduct_tag&post=333"}],"curies":[{"name":"wp","href":"https:\/\/api.w.org\/{rel}","templated":true}]}}