{"id":328,"date":"2026-04-11T16:47:59","date_gmt":"2026-04-11T16:47:59","guid":{"rendered":"https:\/\/gocsach.azdigi.shop\/?post_type=product&#038;p=328"},"modified":"2026-04-11T16:47:59","modified_gmt":"2026-04-11T16:47:59","slug":"canh-dong-bat-tan-nguyen-ngoc-tu","status":"publish","type":"product","link":"https:\/\/gocsach.azdigi.shop\/?product=canh-dong-bat-tan-nguyen-ngoc-tu","title":{"rendered":"C\u00e1nh \u0110\u1ed3ng B\u1ea5t T\u1eadn"},"content":{"rendered":"<h1><strong>C\u00e1nh \u0110\u1ed3ng B\u1ea5t T\u1eadn<\/strong><\/h1>\n<p>&#8220;C\u00e1nh \u0111\u1ed3ng b\u1ea5t t\u1eadn&#8221; bao g\u1ed3m nh\u1eefng truy\u1ec7n hay v\u00e0 m\u1edbi nh\u1ea5t c\u1ee7a nh\u00e0 v\u0103n Nguy\u1ec5n Ng\u1ecdc T\u01b0. \u0110\u00e2y l\u00e0 t\u00e1c ph\u1ea9m \u0111ang g\u00e2y x\u00f4n xao trong \u0111\u1eddi s\u1ed1ng v\u0103n h\u1ecdc, b\u1edfi \u1edf \u0111\u00f3 ng\u01b0\u1eddi ta t\u00ecm th\u1ea5y s\u1ef1 d\u1eef d\u1ed9i, kh\u1ed1c li\u1ec7t c\u1ee7a \u0111\u1eddi s\u1ed1ng th\u00f4n d\u00e3 qua c\u00e1i nh\u00ecn c\u1ee7a m\u1ed9t c\u00f4 g\u00e1i. Bi k\u1ecbch v\u1ec1 n\u1ed7i m\u1ea5t m\u00e1t, s\u1ef1 c\u00f4 \u0111\u01a1n \u0111\u01b0\u1ee3c \u0111\u1ea9y l\u00ean \u0111\u1ebfn t\u1eadn c\u00f9ng, khi\u1ebfn ng\u01b0\u1eddi \u0111\u1ecdc c\u00f3 l\u00fac c\u1ea3m th\u1ea5y nh\u00f3i tim&#8230;<\/p>\n<h2><strong>C\u00c1NH \u0110\u1ed2NG B\u1ea4T T\u1eacN &#8211; N\u1ed6I \u0110AU CH\u1eacT K\u00cdN GI\u1eeeA MI\u1ec0N S\u00d4NG N\u01af\u1edaC M\u00caNH M\u00d4NG<\/strong><\/h2>\n<p>M\u1ed9t c\u00e1nh \u0111\u1ed3ng r\u1ed9ng l\u1edbn, nh\u01b0ng ch\u1eb3ng c\u00f3 l\u1ed1i tho\u00e1t.<\/p>\n<p>M\u1ed9t cu\u1ed9c \u0111\u1eddi l\u00eanh \u0111\u00eanh, nh\u01b0ng kh\u00f4ng t\u00ecm th\u1ea5y b\u1ebfn b\u1edd.<\/p>\n<p>M\u1ed9t v\u1ebft th\u01b0\u01a1ng t\u01b0\u1edfng \u0111\u00e3 kh\u00f4, nh\u01b0ng v\u1eabn r\u1ec9 m\u00e1u m\u00e3i m\u00e3i\u2026<\/p>\n<p>H\u00e3y b\u01b0\u1edbc v\u00e0o \u201cC\u00e1nh \u0110\u1ed3ng B\u1ea5t T\u1eadn\u201d c\u1ee7a Nguy\u1ec5n Ng\u1ecdc T\u01b0, n\u01a1i m\u1ed7i con ch\u1eef nh\u01b0 m\u1ed9t nh\u00e1t dao c\u1ee9a v\u00e0o tr\u00e1i tim, n\u01a1i con ng\u01b0\u1eddi y\u00eau th\u01b0\u01a1ng nhau b\u1eb1ng nh\u1eefng c\u00e1ch \u0111au \u0111\u1edbn nh\u1ea5t.<\/p>\n<h3><u><strong>Th\u00f4ng tin t\u00e1c gi\u1ea3<\/strong><\/u><\/h3>\n<p><strong>Nguy\u1ec5n Ng\u1ecdc T\u01b0<\/strong><\/p>\n<p>&#8211; L\u00e0 m\u1ed9t trong nh\u1eefng nh\u00e0 v\u0103n xu\u1ea5t s\u1eafc nh\u1ea5t c\u1ee7a v\u0103n h\u1ecdc Vi\u1ec7t Nam \u0111\u01b0\u01a1ng \u0111\u1ea1i, Nguy\u1ec5n Ng\u1ecdc T\u01b0 kh\u00f4ng ch\u1ec9 vi\u1ebft v\u1ec1 mi\u1ec1n T\u00e2y s\u00f4ng n\u01b0\u1edbc, m\u00e0 c\u00f2n vi\u1ebft v\u1ec1 nh\u1eefng v\u1ebft th\u01b0\u01a1ng kh\u00f4ng bao gi\u1edd li\u1ec1n s\u1eb9o trong t\u00e2m h\u1ed3n con ng\u01b0\u1eddi.<\/p>\n<p>&#8211; \u201cC\u00e1nh \u0110\u1ed3ng B\u1ea5t T\u1eadn\u201d \u0111\u00e3 mang v\u1ec1 cho b\u00e0 Gi\u1ea3i th\u01b0\u1edfng V\u0103n h\u1ecdc ASEAN 2008, \u0111\u1ed3ng th\u1eddi t\u1ea1o ra nh\u1eefng cu\u1ed9c tranh lu\u1eadn s\u00e2u s\u1eafc v\u1ec1 hi\u1ec7n th\u1ef1c x\u00e3 h\u1ed9i.<\/p>\n","protected":false},"excerpt":{"rendered":"<p data-path-to-node=\"3\"><b data-path-to-node=\"3\" data-index-in-node=\"0\">S\u00e1ch C\u00e1nh \u0111\u1ed3ng b\u1ea5t t\u1eadn &#8211; T\u00e1c gi\u1ea3 Nguy\u1ec5n Ng\u1ecdc T\u01b0<\/b><\/p>\n<p data-path-to-node=\"4\">M\u1ed9t trong nh\u1eefng t\u00e1c ph\u1ea9m xu\u1ea5t s\u1eafc nh\u1ea5t c\u1ee7a v\u0103n h\u1ecdc Vi\u1ec7t Nam \u0111\u01b0\u01a1ng \u0111\u1ea1i, \u0111o\u1ea1t gi\u1ea3i th\u01b0\u1edfng V\u0103n h\u1ecdc ASEAN. Qua ng\u00f2i b\u00fat t\u00e0i hoa v\u00e0 \u0111\u1eadm ch\u1ea5t tr\u1ea3i \u0111\u1eddi c\u1ee7a Nguy\u1ec5n Ng\u1ecdc T\u01b0, <b data-path-to-node=\"4\" data-index-in-node=\"165\">C\u00e1nh \u0111\u1ed3ng b\u1ea5t t\u1eadn<\/b> m\u1edf ra m\u1ed9t th\u1ebf gi\u1edbi \u0111\u1ea7y \u00e1m \u1ea3nh, th\u1ea5m \u0111\u1eabm t\u00ecnh ng\u01b0\u1eddi v\u00e0 n\u1ed7i \u0111au th\u00e2n ph\u1eadn tr\u00ean nh\u1eefng d\u1ea3i c\u00f9 lao mi\u1ec1n T\u00e2y s\u00f4ng n\u01b0\u1edbc.<\/p>\n<p data-path-to-node=\"5,0,0\">\n","protected":false},"featured_media":331,"comment_status":"open","ping_status":"closed","template":"","meta":[],"product_brand":[],"product_cat":[18],"product_tag":[],"class_list":{"0":"post-328","1":"product","2":"type-product","3":"status-publish","4":"has-post-thumbnail","6":"product_cat-van-hoc","8":"first","9":"instock","10":"shipping-taxable","11":"purchasable","12":"product-type-variable"},"yoast_head":"<!-- This site is optimized with the Yoast SEO plugin v26.9 - https:\/\/yoast.com\/product\/yoast-seo-wordpress\/ -->\n<title>C\u00e1nh \u0111\u1ed3ng b\u1ea5t t\u1eadn - Nguy\u1ec5n Ng\u1ecdc T\u01b0 | G\u00f3c S\u00e1ch<\/title>\n<meta name=\"description\" content=\"Mua ngay s\u00e1ch C\u00e1nh \u0111\u1ed3ng b\u1ea5t t\u1eadn Nguy\u1ec5n Ng\u1ecdc T\u01b0 t\u1ea1i G\u00f3c S\u00e1ch. Cung c\u1ea5p \u0111\u1ea7y \u0111\u1ee7 b\u1ea3n b\u00eca m\u1ec1m v\u00e0 b\u1ea3n \u0111\u1eb7c bi\u1ec7t b\u00eca c\u1ee9ng. T\u00e1c ph\u1ea9m kinh \u0111i\u1ec3n v\u1ec1 con ng\u01b0\u1eddi mi\u1ec1n T\u00e2y.\" \/>\n<meta name=\"robots\" content=\"index, follow, max-snippet:-1, max-image-preview:large, max-video-preview:-1\" \/>\n<link rel=\"canonical\" href=\"https:\/\/gocsach.azdigi.shop\/?product=canh-dong-bat-tan-nguyen-ngoc-tu\" \/>\n<meta property=\"og:locale\" content=\"vi_VN\" \/>\n<meta property=\"og:type\" content=\"article\" \/>\n<meta property=\"og:title\" content=\"C\u00e1nh \u0111\u1ed3ng b\u1ea5t t\u1eadn - Nguy\u1ec5n Ng\u1ecdc T\u01b0 | G\u00f3c S\u00e1ch\" \/>\n<meta property=\"og:description\" content=\"Mua ngay s\u00e1ch C\u00e1nh \u0111\u1ed3ng b\u1ea5t t\u1eadn Nguy\u1ec5n Ng\u1ecdc T\u01b0 t\u1ea1i G\u00f3c S\u00e1ch. Cung c\u1ea5p \u0111\u1ea7y \u0111\u1ee7 b\u1ea3n b\u00eca m\u1ec1m v\u00e0 b\u1ea3n \u0111\u1eb7c bi\u1ec7t b\u00eca c\u1ee9ng. T\u00e1c ph\u1ea9m kinh \u0111i\u1ec3n v\u1ec1 con ng\u01b0\u1eddi mi\u1ec1n T\u00e2y.\" \/>\n<meta property=\"og:url\" content=\"https:\/\/gocsach.azdigi.shop\/?product=canh-dong-bat-tan-nguyen-ngoc-tu\" \/>\n<meta property=\"og:site_name\" content=\"G\u00f3c s\u00e1ch\" \/>\n<meta property=\"og:image\" content=\"https:\/\/gocsach.azdigi.shop\/wp-content\/uploads\/2026\/04\/207.jpg\" \/>\n\t<meta property=\"og:image:width\" content=\"480\" \/>\n\t<meta property=\"og:image:height\" content=\"480\" \/>\n\t<meta property=\"og:image:type\" content=\"image\/jpeg\" \/>\n<meta name=\"twitter:card\" content=\"summary_large_image\" \/>\n<meta name=\"twitter:label1\" content=\"\u01af\u1edbc t\u00ednh th\u1eddi gian \u0111\u1ecdc\" \/>\n\t<meta name=\"twitter:data1\" content=\"2 ph\u00fat\" \/>\n<script type=\"application\/ld+json\" class=\"yoast-schema-graph\">{\"@context\":\"https:\/\/schema.org\",\"@graph\":[{\"@type\":\"WebPage\",\"@id\":\"https:\/\/gocsach.azdigi.shop\/?product=canh-dong-bat-tan-nguyen-ngoc-tu\",\"url\":\"https:\/\/gocsach.azdigi.shop\/?product=canh-dong-bat-tan-nguyen-ngoc-tu\",\"name\":\"C\u00e1nh \u0111\u1ed3ng b\u1ea5t t\u1eadn - Nguy\u1ec5n Ng\u1ecdc T\u01b0 | G\u00f3c S\u00e1ch\",\"isPartOf\":{\"@id\":\"https:\/\/gocsach.azdigi.shop\/#website\"},\"primaryImageOfPage\":{\"@id\":\"https:\/\/gocsach.azdigi.shop\/?product=canh-dong-bat-tan-nguyen-ngoc-tu#primaryimage\"},\"image\":{\"@id\":\"https:\/\/gocsach.azdigi.shop\/?product=canh-dong-bat-tan-nguyen-ngoc-tu#primaryimage\"},\"thumbnailUrl\":\"https:\/\/gocsach.azdigi.shop\/wp-content\/uploads\/2026\/04\/207.jpg\",\"datePublished\":\"2026-04-11T16:47:59+00:00\",\"description\":\"Mua ngay s\u00e1ch C\u00e1nh \u0111\u1ed3ng b\u1ea5t t\u1eadn Nguy\u1ec5n Ng\u1ecdc T\u01b0 t\u1ea1i G\u00f3c S\u00e1ch. Cung c\u1ea5p \u0111\u1ea7y \u0111\u1ee7 b\u1ea3n b\u00eca m\u1ec1m v\u00e0 b\u1ea3n \u0111\u1eb7c bi\u1ec7t b\u00eca c\u1ee9ng. T\u00e1c ph\u1ea9m kinh \u0111i\u1ec3n v\u1ec1 con ng\u01b0\u1eddi mi\u1ec1n T\u00e2y.\",\"breadcrumb\":{\"@id\":\"https:\/\/gocsach.azdigi.shop\/?product=canh-dong-bat-tan-nguyen-ngoc-tu#breadcrumb\"},\"inLanguage\":\"vi\",\"potentialAction\":[{\"@type\":\"ReadAction\",\"target\":[\"https:\/\/gocsach.azdigi.shop\/?product=canh-dong-bat-tan-nguyen-ngoc-tu\"]}]},{\"@type\":\"ImageObject\",\"inLanguage\":\"vi\",\"@id\":\"https:\/\/gocsach.azdigi.shop\/?product=canh-dong-bat-tan-nguyen-ngoc-tu#primaryimage\",\"url\":\"https:\/\/gocsach.azdigi.shop\/wp-content\/uploads\/2026\/04\/207.jpg\",\"contentUrl\":\"https:\/\/gocsach.azdigi.shop\/wp-content\/uploads\/2026\/04\/207.jpg\",\"width\":480,\"height\":480},{\"@type\":\"BreadcrumbList\",\"@id\":\"https:\/\/gocsach.azdigi.shop\/?product=canh-dong-bat-tan-nguyen-ngoc-tu#breadcrumb\",\"itemListElement\":[{\"@type\":\"ListItem\",\"position\":1,\"name\":\"Trang ch\u1ee7\",\"item\":\"https:\/\/gocsach.azdigi.shop\/\"},{\"@type\":\"ListItem\",\"position\":2,\"name\":\"C\u1eeda h\u00e0ng\",\"item\":\"https:\/\/gocsach.azdigi.shop\/?page_id=146\"},{\"@type\":\"ListItem\",\"position\":3,\"name\":\"C\u00e1nh \u0110\u1ed3ng B\u1ea5t T\u1eadn\"}]},{\"@type\":\"WebSite\",\"@id\":\"https:\/\/gocsach.azdigi.shop\/#website\",\"url\":\"https:\/\/gocsach.azdigi.shop\/\",\"name\":\"G\u00f3c s\u00e1ch\",\"description\":\"\",\"potentialAction\":[{\"@type\":\"SearchAction\",\"target\":{\"@type\":\"EntryPoint\",\"urlTemplate\":\"https:\/\/gocsach.azdigi.shop\/?s={search_term_string}\"},\"query-input\":{\"@type\":\"PropertyValueSpecification\",\"valueRequired\":true,\"valueName\":\"search_term_string\"}}],\"inLanguage\":\"vi\"}]}<\/script>\n<!-- \/ Yoast SEO plugin. -->","yoast_head_json":{"title":"C\u00e1nh \u0111\u1ed3ng b\u1ea5t t\u1eadn - Nguy\u1ec5n Ng\u1ecdc T\u01b0 | G\u00f3c S\u00e1ch","description":"Mua ngay s\u00e1ch C\u00e1nh \u0111\u1ed3ng b\u1ea5t t\u1eadn Nguy\u1ec5n Ng\u1ecdc T\u01b0 t\u1ea1i G\u00f3c S\u00e1ch. Cung c\u1ea5p \u0111\u1ea7y \u0111\u1ee7 b\u1ea3n b\u00eca m\u1ec1m v\u00e0 b\u1ea3n \u0111\u1eb7c bi\u1ec7t b\u00eca c\u1ee9ng. T\u00e1c ph\u1ea9m kinh \u0111i\u1ec3n v\u1ec1 con ng\u01b0\u1eddi mi\u1ec1n T\u00e2y.","robots":{"index":"index","follow":"follow","max-snippet":"max-snippet:-1","max-image-preview":"max-image-preview:large","max-video-preview":"max-video-preview:-1"},"canonical":"https:\/\/gocsach.azdigi.shop\/?product=canh-dong-bat-tan-nguyen-ngoc-tu","og_locale":"vi_VN","og_type":"article","og_title":"C\u00e1nh \u0111\u1ed3ng b\u1ea5t t\u1eadn - Nguy\u1ec5n Ng\u1ecdc T\u01b0 | G\u00f3c S\u00e1ch","og_description":"Mua ngay s\u00e1ch C\u00e1nh \u0111\u1ed3ng b\u1ea5t t\u1eadn Nguy\u1ec5n Ng\u1ecdc T\u01b0 t\u1ea1i G\u00f3c S\u00e1ch. Cung c\u1ea5p \u0111\u1ea7y \u0111\u1ee7 b\u1ea3n b\u00eca m\u1ec1m v\u00e0 b\u1ea3n \u0111\u1eb7c bi\u1ec7t b\u00eca c\u1ee9ng. T\u00e1c ph\u1ea9m kinh \u0111i\u1ec3n v\u1ec1 con ng\u01b0\u1eddi mi\u1ec1n T\u00e2y.","og_url":"https:\/\/gocsach.azdigi.shop\/?product=canh-dong-bat-tan-nguyen-ngoc-tu","og_site_name":"G\u00f3c s\u00e1ch","og_image":[{"width":480,"height":480,"url":"https:\/\/gocsach.azdigi.shop\/wp-content\/uploads\/2026\/04\/207.jpg","type":"image\/jpeg"}],"twitter_card":"summary_large_image","twitter_misc":{"\u01af\u1edbc t\u00ednh th\u1eddi gian \u0111\u1ecdc":"2 ph\u00fat"},"schema":{"@context":"https:\/\/schema.org","@graph":[{"@type":"WebPage","@id":"https:\/\/gocsach.azdigi.shop\/?product=canh-dong-bat-tan-nguyen-ngoc-tu","url":"https:\/\/gocsach.azdigi.shop\/?product=canh-dong-bat-tan-nguyen-ngoc-tu","name":"C\u00e1nh \u0111\u1ed3ng b\u1ea5t t\u1eadn - Nguy\u1ec5n Ng\u1ecdc T\u01b0 | G\u00f3c S\u00e1ch","isPartOf":{"@id":"https:\/\/gocsach.azdigi.shop\/#website"},"primaryImageOfPage":{"@id":"https:\/\/gocsach.azdigi.shop\/?product=canh-dong-bat-tan-nguyen-ngoc-tu#primaryimage"},"image":{"@id":"https:\/\/gocsach.azdigi.shop\/?product=canh-dong-bat-tan-nguyen-ngoc-tu#primaryimage"},"thumbnailUrl":"https:\/\/gocsach.azdigi.shop\/wp-content\/uploads\/2026\/04\/207.jpg","datePublished":"2026-04-11T16:47:59+00:00","description":"Mua ngay s\u00e1ch C\u00e1nh \u0111\u1ed3ng b\u1ea5t t\u1eadn Nguy\u1ec5n Ng\u1ecdc T\u01b0 t\u1ea1i G\u00f3c S\u00e1ch. Cung c\u1ea5p \u0111\u1ea7y \u0111\u1ee7 b\u1ea3n b\u00eca m\u1ec1m v\u00e0 b\u1ea3n \u0111\u1eb7c bi\u1ec7t b\u00eca c\u1ee9ng. T\u00e1c ph\u1ea9m kinh \u0111i\u1ec3n v\u1ec1 con ng\u01b0\u1eddi mi\u1ec1n T\u00e2y.","breadcrumb":{"@id":"https:\/\/gocsach.azdigi.shop\/?product=canh-dong-bat-tan-nguyen-ngoc-tu#breadcrumb"},"inLanguage":"vi","potentialAction":[{"@type":"ReadAction","target":["https:\/\/gocsach.azdigi.shop\/?product=canh-dong-bat-tan-nguyen-ngoc-tu"]}]},{"@type":"ImageObject","inLanguage":"vi","@id":"https:\/\/gocsach.azdigi.shop\/?product=canh-dong-bat-tan-nguyen-ngoc-tu#primaryimage","url":"https:\/\/gocsach.azdigi.shop\/wp-content\/uploads\/2026\/04\/207.jpg","contentUrl":"https:\/\/gocsach.azdigi.shop\/wp-content\/uploads\/2026\/04\/207.jpg","width":480,"height":480},{"@type":"BreadcrumbList","@id":"https:\/\/gocsach.azdigi.shop\/?product=canh-dong-bat-tan-nguyen-ngoc-tu#breadcrumb","itemListElement":[{"@type":"ListItem","position":1,"name":"Trang ch\u1ee7","item":"https:\/\/gocsach.azdigi.shop\/"},{"@type":"ListItem","position":2,"name":"C\u1eeda h\u00e0ng","item":"https:\/\/gocsach.azdigi.shop\/?page_id=146"},{"@type":"ListItem","position":3,"name":"C\u00e1nh \u0110\u1ed3ng B\u1ea5t T\u1eadn"}]},{"@type":"WebSite","@id":"https:\/\/gocsach.azdigi.shop\/#website","url":"https:\/\/gocsach.azdigi.shop\/","name":"G\u00f3c s\u00e1ch","description":"","potentialAction":[{"@type":"SearchAction","target":{"@type":"EntryPoint","urlTemplate":"https:\/\/gocsach.azdigi.shop\/?s={search_term_string}"},"query-input":{"@type":"PropertyValueSpecification","valueRequired":true,"valueName":"search_term_string"}}],"inLanguage":"vi"}]}},"_links":{"self":[{"href":"https:\/\/gocsach.azdigi.shop\/index.php?rest_route=\/wp\/v2\/product\/328","targetHints":{"allow":["GET"]}}],"collection":[{"href":"https:\/\/gocsach.azdigi.shop\/index.php?rest_route=\/wp\/v2\/product"}],"about":[{"href":"https:\/\/gocsach.azdigi.shop\/index.php?rest_route=\/wp\/v2\/types\/product"}],"replies":[{"embeddable":true,"href":"https:\/\/gocsach.azdigi.shop\/index.php?rest_route=%2Fwp%2Fv2%2Fcomments&post=328"}],"wp:featuredmedia":[{"embeddable":true,"href":"https:\/\/gocsach.azdigi.shop\/index.php?rest_route=\/wp\/v2\/media\/331"}],"wp:attachment":[{"href":"https:\/\/gocsach.azdigi.shop\/index.php?rest_route=%2Fwp%2Fv2%2Fmedia&parent=328"}],"wp:term":[{"taxonomy":"product_brand","embeddable":true,"href":"https:\/\/gocsach.azdigi.shop\/index.php?rest_route=%2Fwp%2Fv2%2Fproduct_brand&post=328"},{"taxonomy":"product_cat","embeddable":true,"href":"https:\/\/gocsach.azdigi.shop\/index.php?rest_route=%2Fwp%2Fv2%2Fproduct_cat&post=328"},{"taxonomy":"product_tag","embeddable":true,"href":"https:\/\/gocsach.azdigi.shop\/index.php?rest_route=%2Fwp%2Fv2%2Fproduct_tag&post=328"}],"curies":[{"name":"wp","href":"https:\/\/api.w.org\/{rel}","templated":true}]}}