{"id":254,"date":"2026-04-05T06:41:26","date_gmt":"2026-04-05T06:41:26","guid":{"rendered":"https:\/\/gocsach.azdigi.shop\/?post_type=product&#038;p=254"},"modified":"2026-04-11T16:15:55","modified_gmt":"2026-04-11T16:15:55","slug":"bai-tap-nang-cao-toan-lop-1","status":"publish","type":"product","link":"https:\/\/gocsach.azdigi.shop\/?product=bai-tap-nang-cao-toan-lop-1","title":{"rendered":"B\u00e0i T\u1eadp B\u1ed5 Tr\u1ee3 N\u00e2ng Cao To\u00e1n L\u1edbp 1"},"content":{"rendered":"<h1 data-path-to-node=\"13\"><b data-path-to-node=\"13\" data-index-in-node=\"0\">Gi\u1edbi thi\u1ec7u s\u00e1ch B\u00e0i t\u1eadp b\u1ed5 tr\u1ee3 n\u00e2ng cao To\u00e1n l\u1edbp 1\u00a0<\/b><\/h1>\n<p data-path-to-node=\"14\">Cu\u1ed1n s\u00e1ch <b data-path-to-node=\"14\" data-index-in-node=\"10\">B\u00e0i t\u1eadp b\u1ed5 tr\u1ee3 n\u00e2ng cao To\u00e1n l\u1edbp 1<\/b>\u00a0l\u00e0 ng\u01b0\u1eddi b\u1ea1n \u0111\u1ed3ng h\u00e0nh l\u00fd t\u01b0\u1edfng cho c\u00e1c em h\u1ecdc sinh b\u01b0\u1edbc v\u00e0o nh\u1eefng b\u01b0\u1edbc ch\u00e2n \u0111\u1ea7u \u0111\u1eddi c\u1ee7a b\u1eadc ti\u1ec3u h\u1ecdc. \u0110\u01b0\u1ee3c thi\u1ebft k\u1ebf b\u00e1m s\u00e1t ch\u01b0\u01a1ng tr\u00ecnh s\u00e1ch gi\u00e1o khoa m\u1edbi, cu\u1ed1n s\u00e1ch kh\u00f4ng ch\u1ec9 gi\u00fap c\u00e1c em \u00f4n t\u1eadp ki\u1ebfn th\u1ee9c m\u00e0 c\u00f2n kh\u01a1i g\u1ee3i ni\u1ec1m \u0111am m\u00ea v\u1edbi nh\u1eefng con s\u1ed1.<\/p>\n<h2 data-path-to-node=\"15\"><\/h2>\n<h2 data-path-to-node=\"15\"><b data-path-to-node=\"15\" data-index-in-node=\"0\">C\u1ea5u tr\u00fac n\u1ed9i dung khoa h\u1ecdc v\u00e0 logic<\/b><\/h2>\n<p data-path-to-node=\"16\">Trong cu\u1ed1n n\u00e0y, n\u1ed9i dung \u0111\u01b0\u1ee3c chia l\u00e0m hai ph\u1ea7n r\u00f5 r\u1ec7t gi\u00fap ph\u1ee5 huynh d\u1ec5 d\u00e0ng theo d\u00f5i ti\u1ebfn \u0111\u1ed9 c\u1ee7a con:<\/p>\n<ul data-path-to-node=\"17\">\n<li>\n<p data-path-to-node=\"17,0,0\"><b data-path-to-node=\"17,0,0\" data-index-in-node=\"0\">Ph\u1ea7n tr\u1eafc nghi\u1ec7m:<\/b> T\u1eeb b\u00e0i 1 \u0111\u1ebfn b\u00e0i 6, bao g\u1ed3m c\u00e1c c\u00e2u h\u1ecfi ng\u1eafn, h\u00ecnh \u1ea3nh sinh \u0111\u1ed9ng gi\u00fap c\u00e1c em \u00f4n t\u1eadp nhanh v\u00e0 n\u1eafm ch\u1eafc c\u00e1c kh\u00e1i ni\u1ec7m to\u00e1n h\u1ecdc c\u01a1 b\u1ea3n.<\/p>\n<\/li>\n<li>\n<p data-path-to-node=\"17,1,0\"><b data-path-to-node=\"17,1,0\" data-index-in-node=\"0\">Ph\u1ea7n t\u1ef1 lu\u1eadn:<\/b> T\u1eeb b\u00e0i 7 \u0111\u1ebfn b\u00e0i 10, t\u1eadp trung v\u00e0o k\u1ef9 n\u0103ng l\u00e0m b\u00e0i t\u00ednh to\u00e1n, r\u00e8n luy\u1ec7n t\u01b0 duy logic v\u00e0 c\u00e1c d\u1ea1ng b\u00e0i t\u1eadp n\u00e2ng cao \u0111\u1ec3 b\u00e9 b\u1ee9t ph\u00e1 \u0111i\u1ec3m s\u1ed1.<\/p>\n<\/li>\n<\/ul>\n<h2 data-path-to-node=\"18\"><\/h2>\n<h2 data-path-to-node=\"18\"><b data-path-to-node=\"18\" data-index-in-node=\"0\">T\u1ea1i sao ph\u1ee5 huynh n\u00ean ch\u1ecdn cu\u1ed1n s\u00e1ch n\u00e0y cho b\u00e9?<\/b><\/h2>\n<p data-path-to-node=\"19\">\u0110i\u1ec3m \u0111\u1eb7c bi\u1ec7t khi\u1ebfn cu\u1ed1n s\u00e1ch <b data-path-to-node=\"19\" data-index-in-node=\"30\">b\u00e0i t\u1eadp b\u1ed5 tr\u1ee3 n\u00e2ng cao To\u00e1n l\u1edbp 1<\/b> t\u1eadp 1 tr\u1edf n\u00ean n\u1ed5i b\u1eadt ch\u00ednh l\u00e0:<\/p>\n<ol start=\"1\" data-path-to-node=\"20\">\n<li>\n<p data-path-to-node=\"20,0,0\"><b data-path-to-node=\"20,0,0\" data-index-in-node=\"0\">Ki\u1ebfn th\u1ee9c tr\u1ecdng t\u00e2m:<\/b> M\u1ecdi b\u00e0i t\u1eadp \u0111\u1ec1u xoay quanh khung ch\u01b0\u01a1ng tr\u00ecnh chu\u1ea9n c\u1ee7a B\u1ed9 Gi\u00e1o d\u1ee5c d\u00e0nh cho m\u00f4n To\u00e1n l\u1edbp 1.<\/p>\n<\/li>\n<li>\n<p data-path-to-node=\"20,1,0\"><b data-path-to-node=\"20,1,0\" data-index-in-node=\"0\">H\u1ec7 th\u1ed1ng b\u00e0i t\u1eadp \u0111a d\u1ea1ng:<\/b> B\u00e9 s\u1ebd kh\u00f4ng c\u1ea3m th\u1ea5y nh\u00e0m ch\u00e1n nh\u1edd s\u1ef1 thay \u0111\u1ed5i linh ho\u1ea1t gi\u1eefa c\u00e1c d\u1ea1ng b\u00e0i t\u1eadp v\u1ebd, n\u1ed1i, v\u00e0 t\u00ednh to\u00e1n.<\/p>\n<\/li>\n<li>\n<p data-path-to-node=\"20,2,0\"><b data-path-to-node=\"20,2,0\" data-index-in-node=\"0\">T\u0103ng c\u01b0\u1eddng s\u1ef1 h\u00e0o h\u1ee9ng:<\/b> H\u00ecnh \u1ea3nh minh h\u1ecda m\u00e0u s\u1eafc gi\u00fap b\u00e9 &#8220;h\u1ecdc m\u00e0 ch\u01a1i, ch\u01a1i m\u00e0 h\u1ecdc&#8221;, t\u1ea1o s\u1ef1 t\u1ef1 tin khi gi\u1ea3i quy\u1ebft c\u00e1c b\u00e0i to\u00e1n tr\u00ean l\u1edbp.<\/p>\n<\/li>\n<\/ol>\n<h2 data-path-to-node=\"21\"><\/h2>\n<h2 data-path-to-node=\"21\"><b data-path-to-node=\"21\" data-index-in-node=\"0\">L\u1ee3i \u00edch khi luy\u1ec7n t\u1eadp h\u00e0ng ng\u00e0y c\u00f9ng G\u00f3c S\u00e1ch<\/b><\/h2>\n<p data-path-to-node=\"22\">Vi\u1ec7c cho tr\u1ebb r\u00e8n luy\u1ec7n c\u00f9ng cu\u1ed1n th\u01b0\u1eddng xuy\u00ean s\u1ebd gi\u00fap con h\u00ecnh th\u00e0nh th\u00f3i quen t\u1ef1 gi\u00e1c v\u00e0 t\u01b0 duy \u0111\u1ed9c l\u1eadp. T\u1ea1i <b data-path-to-node=\"22\" data-index-in-node=\"145\">G\u00f3c S\u00e1ch<\/b>, ch\u00fang t\u00f4i cam k\u1ebft mang \u0111\u1ebfn nh\u1eefng \u0111\u1ea7u s\u00e1ch gi\u00e1o d\u1ee5c ch\u1ea5t l\u01b0\u1ee3ng nh\u1ea5t, h\u1ed7 tr\u1ee3 t\u1ed1i \u0111a h\u00e0nh tr\u00ecnh chinh ph\u1ee5c tri th\u1ee9c c\u1ee7a c\u00e1c b\u00e9.<\/p>\n","protected":false},"excerpt":{"rendered":"<p data-path-to-node=\"4,0\"><b data-path-to-node=\"4,0\" data-index-in-node=\"0\">S\u00e1ch B\u00e0i t\u1eadp b\u1ed5 tr\u1ee3 n\u00e2ng cao To\u00e1n l\u1edbp 1 <\/b><\/p>\n<p data-path-to-node=\"4,0\">\u00a0\u2013 Gi\u1ea3i ph\u00e1p ho\u00e0n h\u1ea3o gi\u00fap b\u00e9 y\u00eau th\u00edch m\u00f4n To\u00e1n ngay t\u1eeb l\u1edbp 1.<\/p>\n<ul data-path-to-node=\"4,1\">\n<li>\n<p data-path-to-node=\"4,1,0,0\"><b data-path-to-node=\"4,1,0,0\" data-index-in-node=\"0\">B\u00e1m s\u00e1t ch\u01b0\u01a1ng tr\u00ecnh m\u1edbi:<\/b> N\u1ed9i dung chu\u1ea9n b\u1ed9 GD&amp;\u0110T, gi\u00fap b\u00e9 \u00f4n luy\u1ec7n ki\u1ebfn th\u1ee9c tr\u1ecdng t\u00e2m tr\u00ean l\u1edbp.<\/p>\n<\/li>\n<li>\n<p data-path-to-node=\"4,1,1,0\"><b data-path-to-node=\"4,1,1,0\" data-index-in-node=\"0\">C\u1ea5u tr\u00fac khoa h\u1ecdc:<\/b> K\u1ebft h\u1ee3p h\u00e0i h\u00f2a gi\u1eefa b\u00e0i t\u1eadp tr\u1eafc nghi\u1ec7m sinh \u0111\u1ed9ng v\u00e0 t\u1ef1 lu\u1eadn t\u01b0 duy, gi\u00fap b\u00e9 ph\u00e1t tri\u1ec3n to\u00e0n di\u1ec7n.<\/p>\n<\/li>\n<li>\n<p data-path-to-node=\"4,1,3,0\"><b data-path-to-node=\"4,1,3,0\" data-index-in-node=\"0\">Ti\u1ec7n \u00edch th\u00f4ng minh:<\/b> T\u00edch h\u1ee3p \u1ee9ng d\u1ee5ng h\u1ecdc t\u1eadp \u0111i k\u00e8m, t\u0103ng hi\u1ec7u qu\u1ea3 ghi nh\u1edb v\u00e0 th\u1ef1c h\u00e0nh l\u00ean \u0111\u1ebfn 150%.<\/p>\n<\/li>\n<\/ul>\n","protected":false},"featured_media":322,"comment_status":"open","ping_status":"closed","template":"","meta":[],"product_brand":[],"product_cat":[17],"product_tag":[],"class_list":{"0":"post-254","1":"product","2":"type-product","3":"status-publish","4":"has-post-thumbnail","6":"product_cat-sach-giao-khoa","8":"first","9":"instock","10":"shipping-taxable","11":"purchasable","12":"product-type-variable"},"yoast_head":"<!-- This site is optimized with the Yoast SEO plugin v26.9 - https:\/\/yoast.com\/product\/yoast-seo-wordpress\/ -->\n<title>S\u00e1ch B\u00e0i T\u1eadp B\u1ed5 N\u00e2ng Cao To\u00e1n L\u1edbp 1- T\u1eadp 1 - G\u00f3c S\u00e1ch<\/title>\n<meta name=\"description\" content=\"Mua ngay s\u00e1ch B\u00e0i t\u1eadp b\u1ed5 tr\u1ee3 n\u00e2ng cao To\u00e1n l\u1edbp 1 gi\u00fap b\u00e9 n\u1eafm ch\u1eafc ki\u1ebfn th\u1ee9c c\u01a1 b\u1ea3n, ph\u00e1t tri\u1ec3n t\u01b0 duy to\u00e1n h\u1ecdc v\u00e0 n\u00e2ng cao \u0111i\u1ec3m s\u1ed1 theo ch\u01b0\u01a1ng tr\u00ecnh m\u1edbi.\" \/>\n<meta name=\"robots\" content=\"index, follow, max-snippet:-1, max-image-preview:large, max-video-preview:-1\" \/>\n<link rel=\"canonical\" href=\"https:\/\/gocsach.azdigi.shop\/?product=bai-tap-nang-cao-toan-lop-1\" \/>\n<meta property=\"og:locale\" content=\"vi_VN\" \/>\n<meta property=\"og:type\" content=\"article\" \/>\n<meta property=\"og:title\" content=\"S\u00e1ch B\u00e0i T\u1eadp B\u1ed5 N\u00e2ng Cao To\u00e1n L\u1edbp 1- T\u1eadp 1 - G\u00f3c S\u00e1ch\" \/>\n<meta property=\"og:description\" content=\"Mua ngay s\u00e1ch B\u00e0i t\u1eadp b\u1ed5 tr\u1ee3 n\u00e2ng cao To\u00e1n l\u1edbp 1 gi\u00fap b\u00e9 n\u1eafm ch\u1eafc ki\u1ebfn th\u1ee9c c\u01a1 b\u1ea3n, ph\u00e1t tri\u1ec3n t\u01b0 duy to\u00e1n h\u1ecdc v\u00e0 n\u00e2ng cao \u0111i\u1ec3m s\u1ed1 theo ch\u01b0\u01a1ng tr\u00ecnh m\u1edbi.\" \/>\n<meta property=\"og:url\" content=\"https:\/\/gocsach.azdigi.shop\/?product=bai-tap-nang-cao-toan-lop-1\" \/>\n<meta property=\"og:site_name\" content=\"G\u00f3c s\u00e1ch\" \/>\n<meta property=\"article:modified_time\" content=\"2026-04-11T16:15:55+00:00\" \/>\n<meta property=\"og:image\" content=\"https:\/\/gocsach.azdigi.shop\/wp-content\/uploads\/2026\/04\/206.jpg\" \/>\n\t<meta property=\"og:image:width\" content=\"1024\" \/>\n\t<meta property=\"og:image:height\" content=\"1024\" \/>\n\t<meta property=\"og:image:type\" content=\"image\/jpeg\" \/>\n<meta name=\"twitter:card\" content=\"summary_large_image\" \/>\n<meta name=\"twitter:label1\" content=\"\u01af\u1edbc t\u00ednh th\u1eddi gian \u0111\u1ecdc\" \/>\n\t<meta name=\"twitter:data1\" content=\"3 ph\u00fat\" \/>\n<script type=\"application\/ld+json\" class=\"yoast-schema-graph\">{\"@context\":\"https:\/\/schema.org\",\"@graph\":[{\"@type\":\"WebPage\",\"@id\":\"https:\/\/gocsach.azdigi.shop\/?product=bai-tap-nang-cao-toan-lop-1\",\"url\":\"https:\/\/gocsach.azdigi.shop\/?product=bai-tap-nang-cao-toan-lop-1\",\"name\":\"S\u00e1ch B\u00e0i T\u1eadp B\u1ed5 N\u00e2ng Cao To\u00e1n L\u1edbp 1- T\u1eadp 1 - G\u00f3c S\u00e1ch\",\"isPartOf\":{\"@id\":\"https:\/\/gocsach.azdigi.shop\/#website\"},\"primaryImageOfPage\":{\"@id\":\"https:\/\/gocsach.azdigi.shop\/?product=bai-tap-nang-cao-toan-lop-1#primaryimage\"},\"image\":{\"@id\":\"https:\/\/gocsach.azdigi.shop\/?product=bai-tap-nang-cao-toan-lop-1#primaryimage\"},\"thumbnailUrl\":\"https:\/\/gocsach.azdigi.shop\/wp-content\/uploads\/2026\/04\/206.jpg\",\"datePublished\":\"2026-04-05T06:41:26+00:00\",\"dateModified\":\"2026-04-11T16:15:55+00:00\",\"description\":\"Mua ngay s\u00e1ch B\u00e0i t\u1eadp b\u1ed5 tr\u1ee3 n\u00e2ng cao To\u00e1n l\u1edbp 1 gi\u00fap b\u00e9 n\u1eafm ch\u1eafc ki\u1ebfn th\u1ee9c c\u01a1 b\u1ea3n, ph\u00e1t tri\u1ec3n t\u01b0 duy to\u00e1n h\u1ecdc v\u00e0 n\u00e2ng cao \u0111i\u1ec3m s\u1ed1 theo ch\u01b0\u01a1ng tr\u00ecnh m\u1edbi.\",\"breadcrumb\":{\"@id\":\"https:\/\/gocsach.azdigi.shop\/?product=bai-tap-nang-cao-toan-lop-1#breadcrumb\"},\"inLanguage\":\"vi\",\"potentialAction\":[{\"@type\":\"ReadAction\",\"target\":[\"https:\/\/gocsach.azdigi.shop\/?product=bai-tap-nang-cao-toan-lop-1\"]}]},{\"@type\":\"ImageObject\",\"inLanguage\":\"vi\",\"@id\":\"https:\/\/gocsach.azdigi.shop\/?product=bai-tap-nang-cao-toan-lop-1#primaryimage\",\"url\":\"https:\/\/gocsach.azdigi.shop\/wp-content\/uploads\/2026\/04\/206.jpg\",\"contentUrl\":\"https:\/\/gocsach.azdigi.shop\/wp-content\/uploads\/2026\/04\/206.jpg\",\"width\":1024,\"height\":1024},{\"@type\":\"BreadcrumbList\",\"@id\":\"https:\/\/gocsach.azdigi.shop\/?product=bai-tap-nang-cao-toan-lop-1#breadcrumb\",\"itemListElement\":[{\"@type\":\"ListItem\",\"position\":1,\"name\":\"Trang ch\u1ee7\",\"item\":\"https:\/\/gocsach.azdigi.shop\/\"},{\"@type\":\"ListItem\",\"position\":2,\"name\":\"C\u1eeda h\u00e0ng\",\"item\":\"https:\/\/gocsach.azdigi.shop\/?page_id=146\"},{\"@type\":\"ListItem\",\"position\":3,\"name\":\"B\u00e0i T\u1eadp B\u1ed5 Tr\u1ee3 N\u00e2ng Cao To\u00e1n L\u1edbp 1\"}]},{\"@type\":\"WebSite\",\"@id\":\"https:\/\/gocsach.azdigi.shop\/#website\",\"url\":\"https:\/\/gocsach.azdigi.shop\/\",\"name\":\"G\u00f3c s\u00e1ch\",\"description\":\"\",\"potentialAction\":[{\"@type\":\"SearchAction\",\"target\":{\"@type\":\"EntryPoint\",\"urlTemplate\":\"https:\/\/gocsach.azdigi.shop\/?s={search_term_string}\"},\"query-input\":{\"@type\":\"PropertyValueSpecification\",\"valueRequired\":true,\"valueName\":\"search_term_string\"}}],\"inLanguage\":\"vi\"}]}<\/script>\n<!-- \/ Yoast SEO plugin. -->","yoast_head_json":{"title":"S\u00e1ch B\u00e0i T\u1eadp B\u1ed5 N\u00e2ng Cao To\u00e1n L\u1edbp 1- T\u1eadp 1 - G\u00f3c S\u00e1ch","description":"Mua ngay s\u00e1ch B\u00e0i t\u1eadp b\u1ed5 tr\u1ee3 n\u00e2ng cao To\u00e1n l\u1edbp 1 gi\u00fap b\u00e9 n\u1eafm ch\u1eafc ki\u1ebfn th\u1ee9c c\u01a1 b\u1ea3n, ph\u00e1t tri\u1ec3n t\u01b0 duy to\u00e1n h\u1ecdc v\u00e0 n\u00e2ng cao \u0111i\u1ec3m s\u1ed1 theo ch\u01b0\u01a1ng tr\u00ecnh m\u1edbi.","robots":{"index":"index","follow":"follow","max-snippet":"max-snippet:-1","max-image-preview":"max-image-preview:large","max-video-preview":"max-video-preview:-1"},"canonical":"https:\/\/gocsach.azdigi.shop\/?product=bai-tap-nang-cao-toan-lop-1","og_locale":"vi_VN","og_type":"article","og_title":"S\u00e1ch B\u00e0i T\u1eadp B\u1ed5 N\u00e2ng Cao To\u00e1n L\u1edbp 1- T\u1eadp 1 - G\u00f3c S\u00e1ch","og_description":"Mua ngay s\u00e1ch B\u00e0i t\u1eadp b\u1ed5 tr\u1ee3 n\u00e2ng cao To\u00e1n l\u1edbp 1 gi\u00fap b\u00e9 n\u1eafm ch\u1eafc ki\u1ebfn th\u1ee9c c\u01a1 b\u1ea3n, ph\u00e1t tri\u1ec3n t\u01b0 duy to\u00e1n h\u1ecdc v\u00e0 n\u00e2ng cao \u0111i\u1ec3m s\u1ed1 theo ch\u01b0\u01a1ng tr\u00ecnh m\u1edbi.","og_url":"https:\/\/gocsach.azdigi.shop\/?product=bai-tap-nang-cao-toan-lop-1","og_site_name":"G\u00f3c s\u00e1ch","article_modified_time":"2026-04-11T16:15:55+00:00","og_image":[{"width":1024,"height":1024,"url":"https:\/\/gocsach.azdigi.shop\/wp-content\/uploads\/2026\/04\/206.jpg","type":"image\/jpeg"}],"twitter_card":"summary_large_image","twitter_misc":{"\u01af\u1edbc t\u00ednh th\u1eddi gian \u0111\u1ecdc":"3 ph\u00fat"},"schema":{"@context":"https:\/\/schema.org","@graph":[{"@type":"WebPage","@id":"https:\/\/gocsach.azdigi.shop\/?product=bai-tap-nang-cao-toan-lop-1","url":"https:\/\/gocsach.azdigi.shop\/?product=bai-tap-nang-cao-toan-lop-1","name":"S\u00e1ch B\u00e0i T\u1eadp B\u1ed5 N\u00e2ng Cao To\u00e1n L\u1edbp 1- T\u1eadp 1 - G\u00f3c S\u00e1ch","isPartOf":{"@id":"https:\/\/gocsach.azdigi.shop\/#website"},"primaryImageOfPage":{"@id":"https:\/\/gocsach.azdigi.shop\/?product=bai-tap-nang-cao-toan-lop-1#primaryimage"},"image":{"@id":"https:\/\/gocsach.azdigi.shop\/?product=bai-tap-nang-cao-toan-lop-1#primaryimage"},"thumbnailUrl":"https:\/\/gocsach.azdigi.shop\/wp-content\/uploads\/2026\/04\/206.jpg","datePublished":"2026-04-05T06:41:26+00:00","dateModified":"2026-04-11T16:15:55+00:00","description":"Mua ngay s\u00e1ch B\u00e0i t\u1eadp b\u1ed5 tr\u1ee3 n\u00e2ng cao To\u00e1n l\u1edbp 1 gi\u00fap b\u00e9 n\u1eafm ch\u1eafc ki\u1ebfn th\u1ee9c c\u01a1 b\u1ea3n, ph\u00e1t tri\u1ec3n t\u01b0 duy to\u00e1n h\u1ecdc v\u00e0 n\u00e2ng cao \u0111i\u1ec3m s\u1ed1 theo ch\u01b0\u01a1ng tr\u00ecnh m\u1edbi.","breadcrumb":{"@id":"https:\/\/gocsach.azdigi.shop\/?product=bai-tap-nang-cao-toan-lop-1#breadcrumb"},"inLanguage":"vi","potentialAction":[{"@type":"ReadAction","target":["https:\/\/gocsach.azdigi.shop\/?product=bai-tap-nang-cao-toan-lop-1"]}]},{"@type":"ImageObject","inLanguage":"vi","@id":"https:\/\/gocsach.azdigi.shop\/?product=bai-tap-nang-cao-toan-lop-1#primaryimage","url":"https:\/\/gocsach.azdigi.shop\/wp-content\/uploads\/2026\/04\/206.jpg","contentUrl":"https:\/\/gocsach.azdigi.shop\/wp-content\/uploads\/2026\/04\/206.jpg","width":1024,"height":1024},{"@type":"BreadcrumbList","@id":"https:\/\/gocsach.azdigi.shop\/?product=bai-tap-nang-cao-toan-lop-1#breadcrumb","itemListElement":[{"@type":"ListItem","position":1,"name":"Trang ch\u1ee7","item":"https:\/\/gocsach.azdigi.shop\/"},{"@type":"ListItem","position":2,"name":"C\u1eeda h\u00e0ng","item":"https:\/\/gocsach.azdigi.shop\/?page_id=146"},{"@type":"ListItem","position":3,"name":"B\u00e0i T\u1eadp B\u1ed5 Tr\u1ee3 N\u00e2ng Cao To\u00e1n L\u1edbp 1"}]},{"@type":"WebSite","@id":"https:\/\/gocsach.azdigi.shop\/#website","url":"https:\/\/gocsach.azdigi.shop\/","name":"G\u00f3c s\u00e1ch","description":"","potentialAction":[{"@type":"SearchAction","target":{"@type":"EntryPoint","urlTemplate":"https:\/\/gocsach.azdigi.shop\/?s={search_term_string}"},"query-input":{"@type":"PropertyValueSpecification","valueRequired":true,"valueName":"search_term_string"}}],"inLanguage":"vi"}]}},"_links":{"self":[{"href":"https:\/\/gocsach.azdigi.shop\/index.php?rest_route=\/wp\/v2\/product\/254","targetHints":{"allow":["GET"]}}],"collection":[{"href":"https:\/\/gocsach.azdigi.shop\/index.php?rest_route=\/wp\/v2\/product"}],"about":[{"href":"https:\/\/gocsach.azdigi.shop\/index.php?rest_route=\/wp\/v2\/types\/product"}],"replies":[{"embeddable":true,"href":"https:\/\/gocsach.azdigi.shop\/index.php?rest_route=%2Fwp%2Fv2%2Fcomments&post=254"}],"wp:featuredmedia":[{"embeddable":true,"href":"https:\/\/gocsach.azdigi.shop\/index.php?rest_route=\/wp\/v2\/media\/322"}],"wp:attachment":[{"href":"https:\/\/gocsach.azdigi.shop\/index.php?rest_route=%2Fwp%2Fv2%2Fmedia&parent=254"}],"wp:term":[{"taxonomy":"product_brand","embeddable":true,"href":"https:\/\/gocsach.azdigi.shop\/index.php?rest_route=%2Fwp%2Fv2%2Fproduct_brand&post=254"},{"taxonomy":"product_cat","embeddable":true,"href":"https:\/\/gocsach.azdigi.shop\/index.php?rest_route=%2Fwp%2Fv2%2Fproduct_cat&post=254"},{"taxonomy":"product_tag","embeddable":true,"href":"https:\/\/gocsach.azdigi.shop\/index.php?rest_route=%2Fwp%2Fv2%2Fproduct_tag&post=254"}],"curies":[{"name":"wp","href":"https:\/\/api.w.org\/{rel}","templated":true}]}}