{"id":246,"date":"2026-04-05T06:15:30","date_gmt":"2026-04-05T06:15:30","guid":{"rendered":"https:\/\/gocsach.azdigi.shop\/?post_type=product&#038;p=246"},"modified":"2026-04-11T16:29:14","modified_gmt":"2026-04-11T16:29:14","slug":"bai-tap-nang-cao-tieng-viet-lop-1","status":"publish","type":"product","link":"https:\/\/gocsach.azdigi.shop\/?product=bai-tap-nang-cao-tieng-viet-lop-1","title":{"rendered":"B\u00e0i T\u1eadp B\u1ed5 Tr\u1ee3 N\u00e2ng Cao Ti\u1ebfng Vi\u1ec7t L\u1edbp 1"},"content":{"rendered":"<h1 data-path-to-node=\"20\"><b data-path-to-node=\"20\" data-index-in-node=\"0\">T\u1ea1i sao n\u00ean ch\u1ecdn cu\u1ed1n b\u00e0i t\u1eadp b\u1ed5 tr\u1ee3 n\u00e0y?<\/b><\/h1>\n<p data-path-to-node=\"21\">Cu\u1ed1n s\u00e1ch \u0111\u01b0\u1ee3c bi\u00ean so\u1ea1n b\u00e1m s\u00e1t ch\u01b0\u01a1ng tr\u00ecnh s\u00e1ch gi\u00e1o khoa m\u1edbi, gi\u00fap c\u00e1c em h\u1ecdc sinh l\u1edbp 1 c\u1ee7ng c\u1ed1 ki\u1ebfn th\u1ee9c tr\u00ean l\u1edbp m\u1ed9t c\u00e1ch nh\u1eb9 nh\u00e0ng nh\u01b0ng hi\u1ec7u qu\u1ea3. V\u1edbi h\u1ec7 th\u1ed1ng b\u00e0i t\u1eadp \u0111a d\u1ea1ng, h\u00ecnh \u1ea3nh minh h\u1ecda sinh \u0111\u1ed9ng, cu\u1ed1n s\u00e1ch kh\u01a1i g\u1ee3i h\u1ee9ng th\u00fa h\u1ecdc t\u1eadp cho tr\u1ebb ngay t\u1eeb nh\u1eefng b\u00e0i h\u1ecdc \u0111\u1ea7u ti\u00ean.<\/p>\n<h2 data-path-to-node=\"22\"><b data-path-to-node=\"22\" data-index-in-node=\"0\">\u0110\u1eb7c \u0111i\u1ec3m n\u1ed5i b\u1eadt c\u1ee7a cu\u1ed1n s\u00e1ch:<\/b><\/h2>\n<ul data-path-to-node=\"23\">\n<li>\n<p data-path-to-node=\"23,0,0\"><b data-path-to-node=\"23,0,0\" data-index-in-node=\"0\">Ki\u1ebfn th\u1ee9c tr\u1ecdng t\u00e2m:<\/b> T\u1ed5ng h\u1ee3p c\u00e1c ki\u1ebfn th\u1ee9c b\u00e1m s\u00e1t ch\u01b0\u01a1ng tr\u00ecnh h\u1ecdc t\u1ea1i tr\u01b0\u1eddng.<\/p>\n<\/li>\n<li>\n<p data-path-to-node=\"23,1,0\"><b data-path-to-node=\"23,1,0\" data-index-in-node=\"0\">B\u00e0i t\u1eadp \u0111a d\u1ea1ng:<\/b> T\u1eeb c\u01a1 b\u1ea3n \u0111\u1ebfn n\u00e2ng cao, gi\u00fap b\u00e9 r\u00e8n luy\u1ec7n k\u1ef9 n\u0103ng \u0111\u1ecdc, vi\u1ebft v\u00e0 t\u01b0 duy ng\u00f4n ng\u1eef.<\/p>\n<\/li>\n<li>\n<p data-path-to-node=\"23,2,0\"><b data-path-to-node=\"23,2,0\" data-index-in-node=\"0\">H\u00ecnh \u1ea3nh sinh \u0111\u1ed9ng:<\/b> Gi\u00fap b\u00e9 kh\u00f4ng c\u1ea3m th\u1ea5y \u00e1p l\u1ef1c khi h\u1ecdc t\u1eadp.<\/p>\n<\/li>\n<li>\n<p data-path-to-node=\"23,3,0\"><b data-path-to-node=\"23,3,0\" data-index-in-node=\"0\">Ti\u1ec7n \u00edch \u0111i k\u00e8m:<\/b> S\u00e1ch c\u00f3 t\u00edch h\u1ee3p \u1ee9ng d\u1ee5ng h\u1ecdc t\u1eadp gi\u00fap t\u0103ng hi\u1ec7u qu\u1ea3 l\u00ean \u0111\u1ebfn 150%.<\/p>\n<\/li>\n<\/ul>\n<h2 data-path-to-node=\"24\"><b data-path-to-node=\"24\" data-index-in-node=\"0\">L\u1ee3i \u00edch khi cho b\u00e9 luy\u1ec7n t\u1eadp h\u00e0ng ng\u00e0y<\/b><\/h2>\n<p data-path-to-node=\"25\">V\u1eadn d\u1ee5ng c\u00e1c ph\u01b0\u01a1ng ph\u00e1p h\u1ecdc t\u1eadp hi\u1ec7n \u0111\u1ea1i, cu\u1ed1n s\u00e1ch n\u00e0y gi\u00fap tr\u1ebb:<\/p>\n<ol start=\"1\" data-path-to-node=\"26\">\n<li>\n<p data-path-to-node=\"26,0,0\">N\u00e2ng cao \u0111i\u1ec3m s\u1ed1 tr\u00ean l\u1edbp.<\/p>\n<\/li>\n<li>\n<p data-path-to-node=\"26,1,0\">Ph\u00e1t tri\u1ec3n kh\u1ea3 n\u0103ng s\u1eed d\u1ee5ng t\u1eeb ng\u1eef linh ho\u1ea1t.<\/p>\n<\/li>\n<li>\n<p data-path-to-node=\"26,2,0\">H\u00ecnh th\u00e0nh th\u00f3i quen t\u1ef1 gi\u00e1c h\u1ecdc t\u1eadp ngay t\u1eeb nh\u1ecf.<\/p>\n<\/li>\n<\/ol>\n<p data-path-to-node=\"27\">N\u1ebfu b\u1ea1n \u0111ang t\u00ecm ki\u1ebfm m\u1ed9t cu\u1ed1n s\u00e1ch tham kh\u1ea3o ch\u1ea5t l\u01b0\u1ee3ng cho con, \u0111\u1eebng b\u1ecf qua <b data-path-to-node=\"27\" data-index-in-node=\"78\">B\u00e0i t\u1eadp b\u1ed5<\/b> tr\u1ee3<b data-path-to-node=\"27\" data-index-in-node=\"78\"> n\u00e2ng cao Ti\u1ebfng Vi\u1ec7t l\u1edbp 1 t\u1eadp 1<\/b> t\u1ea1i G\u00f3c S\u00e1ch.<\/p>\n","protected":false},"excerpt":{"rendered":"<p><b data-path-to-node=\"31,0\" data-index-in-node=\"0\">B\u00e0i t\u1eadp b\u1ed5 tr\u1ee3 n\u00e2ng cao Ti\u1ebfng Vi\u1ec7t l\u1edbp 1 t\u1eadp 1<\/b> \u2013 Gi\u1ea3i ph\u00e1p gi\u00fap b\u00e9 l\u1edbp 1 h\u1ecdc t\u1ed1t Ti\u1ebfng Vi\u1ec7t. S\u00e1ch b\u00e1m s\u00e1t ch\u01b0\u01a1ng tr\u00ecnh m\u1edbi, b\u00e0i t\u1eadp phong ph\u00fa, h\u00ecnh \u1ea3nh b\u1eaft m\u1eaft, k\u00e8m \u1ee9ng d\u1ee5ng h\u1ecdc t\u1eadp th\u00f4ng minh. Ph\u00f9 h\u1ee3p cho b\u00e9 \u00f4n luy\u1ec7n t\u1ea1i nh\u00e0.<\/p>\n","protected":false},"featured_media":324,"comment_status":"open","ping_status":"closed","template":"","meta":[],"product_brand":[],"product_cat":[17],"product_tag":[],"class_list":{"0":"post-246","1":"product","2":"type-product","3":"status-publish","4":"has-post-thumbnail","6":"product_cat-sach-giao-khoa","8":"first","9":"instock","10":"shipping-taxable","11":"purchasable","12":"product-type-variable"},"yoast_head":"<!-- This site is optimized with the Yoast SEO plugin v26.9 - https:\/\/yoast.com\/product\/yoast-seo-wordpress\/ -->\n<title>B\u00e0i t\u1eadp n\u00e2ng cao Ti\u1ebfng Vi\u1ec7t l\u1edbp 1 - S\u00e1ch b\u1ed5 tr\u1ee3 hay nh\u1ea5t.<\/title>\n<meta name=\"description\" content=\"Mua ngay B\u00e0i t\u1eadp b\u1ed5 tr\u1ee3 n\u00e2ng cao Ti\u1ebfng Vi\u1ec7t l\u1edbp 1 gi\u00fap b\u00e9 n\u1eafm v\u1eefng ki\u1ebfn th\u1ee9c l\u1edbp 1, ph\u00e1t tri\u1ec3n t\u01b0 duy ng\u00f4n ng\u1eef v\u00e0 t\u1ef1 tin h\u1ecdc t\u1eadp theo ch\u01b0\u01a1ng tr\u00ecnh m\u1edbi.\" \/>\n<meta name=\"robots\" content=\"index, follow, max-snippet:-1, max-image-preview:large, max-video-preview:-1\" \/>\n<link rel=\"canonical\" href=\"https:\/\/gocsach.azdigi.shop\/?product=bai-tap-nang-cao-tieng-viet-lop-1\" \/>\n<meta property=\"og:locale\" content=\"vi_VN\" \/>\n<meta property=\"og:type\" content=\"article\" \/>\n<meta property=\"og:title\" content=\"B\u00e0i t\u1eadp n\u00e2ng cao Ti\u1ebfng Vi\u1ec7t l\u1edbp 1 - S\u00e1ch b\u1ed5 tr\u1ee3 hay nh\u1ea5t.\" \/>\n<meta property=\"og:description\" content=\"Mua ngay B\u00e0i t\u1eadp b\u1ed5 tr\u1ee3 n\u00e2ng cao Ti\u1ebfng Vi\u1ec7t l\u1edbp 1 gi\u00fap b\u00e9 n\u1eafm v\u1eefng ki\u1ebfn th\u1ee9c l\u1edbp 1, ph\u00e1t tri\u1ec3n t\u01b0 duy ng\u00f4n ng\u1eef v\u00e0 t\u1ef1 tin h\u1ecdc t\u1eadp theo ch\u01b0\u01a1ng tr\u00ecnh m\u1edbi.\" \/>\n<meta property=\"og:url\" content=\"https:\/\/gocsach.azdigi.shop\/?product=bai-tap-nang-cao-tieng-viet-lop-1\" \/>\n<meta property=\"og:site_name\" content=\"G\u00f3c s\u00e1ch\" \/>\n<meta property=\"article:modified_time\" content=\"2026-04-11T16:29:14+00:00\" \/>\n<meta property=\"og:image\" content=\"https:\/\/gocsach.azdigi.shop\/wp-content\/uploads\/2026\/04\/205.jpg\" \/>\n\t<meta property=\"og:image:width\" content=\"726\" \/>\n\t<meta property=\"og:image:height\" content=\"1024\" \/>\n\t<meta property=\"og:image:type\" content=\"image\/jpeg\" \/>\n<meta name=\"twitter:card\" content=\"summary_large_image\" \/>\n<meta name=\"twitter:label1\" content=\"\u01af\u1edbc t\u00ednh th\u1eddi gian \u0111\u1ecdc\" \/>\n\t<meta name=\"twitter:data1\" content=\"2 ph\u00fat\" \/>\n<script type=\"application\/ld+json\" class=\"yoast-schema-graph\">{\"@context\":\"https:\/\/schema.org\",\"@graph\":[{\"@type\":\"WebPage\",\"@id\":\"https:\/\/gocsach.azdigi.shop\/?product=bai-tap-nang-cao-tieng-viet-lop-1\",\"url\":\"https:\/\/gocsach.azdigi.shop\/?product=bai-tap-nang-cao-tieng-viet-lop-1\",\"name\":\"B\u00e0i t\u1eadp n\u00e2ng cao Ti\u1ebfng Vi\u1ec7t l\u1edbp 1 - S\u00e1ch b\u1ed5 tr\u1ee3 hay nh\u1ea5t.\",\"isPartOf\":{\"@id\":\"https:\/\/gocsach.azdigi.shop\/#website\"},\"primaryImageOfPage\":{\"@id\":\"https:\/\/gocsach.azdigi.shop\/?product=bai-tap-nang-cao-tieng-viet-lop-1#primaryimage\"},\"image\":{\"@id\":\"https:\/\/gocsach.azdigi.shop\/?product=bai-tap-nang-cao-tieng-viet-lop-1#primaryimage\"},\"thumbnailUrl\":\"https:\/\/gocsach.azdigi.shop\/wp-content\/uploads\/2026\/04\/205.jpg\",\"datePublished\":\"2026-04-05T06:15:30+00:00\",\"dateModified\":\"2026-04-11T16:29:14+00:00\",\"description\":\"Mua ngay B\u00e0i t\u1eadp b\u1ed5 tr\u1ee3 n\u00e2ng cao Ti\u1ebfng Vi\u1ec7t l\u1edbp 1 gi\u00fap b\u00e9 n\u1eafm v\u1eefng ki\u1ebfn th\u1ee9c l\u1edbp 1, ph\u00e1t tri\u1ec3n t\u01b0 duy ng\u00f4n ng\u1eef v\u00e0 t\u1ef1 tin h\u1ecdc t\u1eadp theo ch\u01b0\u01a1ng tr\u00ecnh m\u1edbi.\",\"breadcrumb\":{\"@id\":\"https:\/\/gocsach.azdigi.shop\/?product=bai-tap-nang-cao-tieng-viet-lop-1#breadcrumb\"},\"inLanguage\":\"vi\",\"potentialAction\":[{\"@type\":\"ReadAction\",\"target\":[\"https:\/\/gocsach.azdigi.shop\/?product=bai-tap-nang-cao-tieng-viet-lop-1\"]}]},{\"@type\":\"ImageObject\",\"inLanguage\":\"vi\",\"@id\":\"https:\/\/gocsach.azdigi.shop\/?product=bai-tap-nang-cao-tieng-viet-lop-1#primaryimage\",\"url\":\"https:\/\/gocsach.azdigi.shop\/wp-content\/uploads\/2026\/04\/205.jpg\",\"contentUrl\":\"https:\/\/gocsach.azdigi.shop\/wp-content\/uploads\/2026\/04\/205.jpg\",\"width\":726,\"height\":1024},{\"@type\":\"BreadcrumbList\",\"@id\":\"https:\/\/gocsach.azdigi.shop\/?product=bai-tap-nang-cao-tieng-viet-lop-1#breadcrumb\",\"itemListElement\":[{\"@type\":\"ListItem\",\"position\":1,\"name\":\"Trang ch\u1ee7\",\"item\":\"https:\/\/gocsach.azdigi.shop\/\"},{\"@type\":\"ListItem\",\"position\":2,\"name\":\"C\u1eeda h\u00e0ng\",\"item\":\"https:\/\/gocsach.azdigi.shop\/?page_id=146\"},{\"@type\":\"ListItem\",\"position\":3,\"name\":\"B\u00e0i T\u1eadp B\u1ed5 Tr\u1ee3 N\u00e2ng Cao Ti\u1ebfng Vi\u1ec7t L\u1edbp 1\"}]},{\"@type\":\"WebSite\",\"@id\":\"https:\/\/gocsach.azdigi.shop\/#website\",\"url\":\"https:\/\/gocsach.azdigi.shop\/\",\"name\":\"G\u00f3c s\u00e1ch\",\"description\":\"\",\"potentialAction\":[{\"@type\":\"SearchAction\",\"target\":{\"@type\":\"EntryPoint\",\"urlTemplate\":\"https:\/\/gocsach.azdigi.shop\/?s={search_term_string}\"},\"query-input\":{\"@type\":\"PropertyValueSpecification\",\"valueRequired\":true,\"valueName\":\"search_term_string\"}}],\"inLanguage\":\"vi\"}]}<\/script>\n<!-- \/ Yoast SEO plugin. -->","yoast_head_json":{"title":"B\u00e0i t\u1eadp n\u00e2ng cao Ti\u1ebfng Vi\u1ec7t l\u1edbp 1 - S\u00e1ch b\u1ed5 tr\u1ee3 hay nh\u1ea5t.","description":"Mua ngay B\u00e0i t\u1eadp b\u1ed5 tr\u1ee3 n\u00e2ng cao Ti\u1ebfng Vi\u1ec7t l\u1edbp 1 gi\u00fap b\u00e9 n\u1eafm v\u1eefng ki\u1ebfn th\u1ee9c l\u1edbp 1, ph\u00e1t tri\u1ec3n t\u01b0 duy ng\u00f4n ng\u1eef v\u00e0 t\u1ef1 tin h\u1ecdc t\u1eadp theo ch\u01b0\u01a1ng tr\u00ecnh m\u1edbi.","robots":{"index":"index","follow":"follow","max-snippet":"max-snippet:-1","max-image-preview":"max-image-preview:large","max-video-preview":"max-video-preview:-1"},"canonical":"https:\/\/gocsach.azdigi.shop\/?product=bai-tap-nang-cao-tieng-viet-lop-1","og_locale":"vi_VN","og_type":"article","og_title":"B\u00e0i t\u1eadp n\u00e2ng cao Ti\u1ebfng Vi\u1ec7t l\u1edbp 1 - S\u00e1ch b\u1ed5 tr\u1ee3 hay nh\u1ea5t.","og_description":"Mua ngay B\u00e0i t\u1eadp b\u1ed5 tr\u1ee3 n\u00e2ng cao Ti\u1ebfng Vi\u1ec7t l\u1edbp 1 gi\u00fap b\u00e9 n\u1eafm v\u1eefng ki\u1ebfn th\u1ee9c l\u1edbp 1, ph\u00e1t tri\u1ec3n t\u01b0 duy ng\u00f4n ng\u1eef v\u00e0 t\u1ef1 tin h\u1ecdc t\u1eadp theo ch\u01b0\u01a1ng tr\u00ecnh m\u1edbi.","og_url":"https:\/\/gocsach.azdigi.shop\/?product=bai-tap-nang-cao-tieng-viet-lop-1","og_site_name":"G\u00f3c s\u00e1ch","article_modified_time":"2026-04-11T16:29:14+00:00","og_image":[{"width":726,"height":1024,"url":"https:\/\/gocsach.azdigi.shop\/wp-content\/uploads\/2026\/04\/205.jpg","type":"image\/jpeg"}],"twitter_card":"summary_large_image","twitter_misc":{"\u01af\u1edbc t\u00ednh th\u1eddi gian \u0111\u1ecdc":"2 ph\u00fat"},"schema":{"@context":"https:\/\/schema.org","@graph":[{"@type":"WebPage","@id":"https:\/\/gocsach.azdigi.shop\/?product=bai-tap-nang-cao-tieng-viet-lop-1","url":"https:\/\/gocsach.azdigi.shop\/?product=bai-tap-nang-cao-tieng-viet-lop-1","name":"B\u00e0i t\u1eadp n\u00e2ng cao Ti\u1ebfng Vi\u1ec7t l\u1edbp 1 - S\u00e1ch b\u1ed5 tr\u1ee3 hay nh\u1ea5t.","isPartOf":{"@id":"https:\/\/gocsach.azdigi.shop\/#website"},"primaryImageOfPage":{"@id":"https:\/\/gocsach.azdigi.shop\/?product=bai-tap-nang-cao-tieng-viet-lop-1#primaryimage"},"image":{"@id":"https:\/\/gocsach.azdigi.shop\/?product=bai-tap-nang-cao-tieng-viet-lop-1#primaryimage"},"thumbnailUrl":"https:\/\/gocsach.azdigi.shop\/wp-content\/uploads\/2026\/04\/205.jpg","datePublished":"2026-04-05T06:15:30+00:00","dateModified":"2026-04-11T16:29:14+00:00","description":"Mua ngay B\u00e0i t\u1eadp b\u1ed5 tr\u1ee3 n\u00e2ng cao Ti\u1ebfng Vi\u1ec7t l\u1edbp 1 gi\u00fap b\u00e9 n\u1eafm v\u1eefng ki\u1ebfn th\u1ee9c l\u1edbp 1, ph\u00e1t tri\u1ec3n t\u01b0 duy ng\u00f4n ng\u1eef v\u00e0 t\u1ef1 tin h\u1ecdc t\u1eadp theo ch\u01b0\u01a1ng tr\u00ecnh m\u1edbi.","breadcrumb":{"@id":"https:\/\/gocsach.azdigi.shop\/?product=bai-tap-nang-cao-tieng-viet-lop-1#breadcrumb"},"inLanguage":"vi","potentialAction":[{"@type":"ReadAction","target":["https:\/\/gocsach.azdigi.shop\/?product=bai-tap-nang-cao-tieng-viet-lop-1"]}]},{"@type":"ImageObject","inLanguage":"vi","@id":"https:\/\/gocsach.azdigi.shop\/?product=bai-tap-nang-cao-tieng-viet-lop-1#primaryimage","url":"https:\/\/gocsach.azdigi.shop\/wp-content\/uploads\/2026\/04\/205.jpg","contentUrl":"https:\/\/gocsach.azdigi.shop\/wp-content\/uploads\/2026\/04\/205.jpg","width":726,"height":1024},{"@type":"BreadcrumbList","@id":"https:\/\/gocsach.azdigi.shop\/?product=bai-tap-nang-cao-tieng-viet-lop-1#breadcrumb","itemListElement":[{"@type":"ListItem","position":1,"name":"Trang ch\u1ee7","item":"https:\/\/gocsach.azdigi.shop\/"},{"@type":"ListItem","position":2,"name":"C\u1eeda h\u00e0ng","item":"https:\/\/gocsach.azdigi.shop\/?page_id=146"},{"@type":"ListItem","position":3,"name":"B\u00e0i T\u1eadp B\u1ed5 Tr\u1ee3 N\u00e2ng Cao Ti\u1ebfng Vi\u1ec7t L\u1edbp 1"}]},{"@type":"WebSite","@id":"https:\/\/gocsach.azdigi.shop\/#website","url":"https:\/\/gocsach.azdigi.shop\/","name":"G\u00f3c s\u00e1ch","description":"","potentialAction":[{"@type":"SearchAction","target":{"@type":"EntryPoint","urlTemplate":"https:\/\/gocsach.azdigi.shop\/?s={search_term_string}"},"query-input":{"@type":"PropertyValueSpecification","valueRequired":true,"valueName":"search_term_string"}}],"inLanguage":"vi"}]}},"_links":{"self":[{"href":"https:\/\/gocsach.azdigi.shop\/index.php?rest_route=\/wp\/v2\/product\/246","targetHints":{"allow":["GET"]}}],"collection":[{"href":"https:\/\/gocsach.azdigi.shop\/index.php?rest_route=\/wp\/v2\/product"}],"about":[{"href":"https:\/\/gocsach.azdigi.shop\/index.php?rest_route=\/wp\/v2\/types\/product"}],"replies":[{"embeddable":true,"href":"https:\/\/gocsach.azdigi.shop\/index.php?rest_route=%2Fwp%2Fv2%2Fcomments&post=246"}],"wp:featuredmedia":[{"embeddable":true,"href":"https:\/\/gocsach.azdigi.shop\/index.php?rest_route=\/wp\/v2\/media\/324"}],"wp:attachment":[{"href":"https:\/\/gocsach.azdigi.shop\/index.php?rest_route=%2Fwp%2Fv2%2Fmedia&parent=246"}],"wp:term":[{"taxonomy":"product_brand","embeddable":true,"href":"https:\/\/gocsach.azdigi.shop\/index.php?rest_route=%2Fwp%2Fv2%2Fproduct_brand&post=246"},{"taxonomy":"product_cat","embeddable":true,"href":"https:\/\/gocsach.azdigi.shop\/index.php?rest_route=%2Fwp%2Fv2%2Fproduct_cat&post=246"},{"taxonomy":"product_tag","embeddable":true,"href":"https:\/\/gocsach.azdigi.shop\/index.php?rest_route=%2Fwp%2Fv2%2Fproduct_tag&post=246"}],"curies":[{"name":"wp","href":"https:\/\/api.w.org\/{rel}","templated":true}]}}