{"id":231,"date":"2026-03-29T07:49:38","date_gmt":"2026-03-29T07:49:38","guid":{"rendered":"https:\/\/gocsach.azdigi.shop\/?post_type=product&#038;p=231"},"modified":"2026-04-17T14:16:30","modified_gmt":"2026-04-17T14:16:30","slug":"sach-tu-duy-nguoc","status":"publish","type":"product","link":"https:\/\/gocsach.azdigi.shop\/?product=sach-tu-duy-nguoc","title":{"rendered":"T\u01b0 Duy Ng\u01b0\u1ee3c"},"content":{"rendered":"<h1 data-path-to-node=\"3\"><b data-path-to-node=\"3\" data-index-in-node=\"0\">S\u00e1ch T\u01b0 Duy Ng\u01b0\u1ee3c &#8211; Thay \u0110\u1ed5i C\u00e1ch Ngh\u0129 \u0110\u1ec3 Th\u00e0nh C\u00f4ng<\/b><\/h1>\n<p data-path-to-node=\"4\">Cu\u1ed1n s\u00e1ch <b data-path-to-node=\"4\" data-index-in-node=\"10\">T\u01b0 Duy Ng\u01b0\u1ee3c<\/b> \u0111\u1eb7t ra nh\u1eefng c\u00e2u h\u1ecfi c\u1ed1t l\u00f5i: Ch\u00fang ta th\u1ef1c s\u1ef1 c\u00f3 <span class=\"citation-390\">h\u1ea1nh ph\u00fac kh\u00f4ng? Ch\u00fang ta c\u00f3 \u0111ang s\u1ed1ng cu\u1ed9c \u0111\u1eddi m\u00ecnh kh\u00f4ng? Ch\u00fang ta c\u00f3 d<\/span><span class=\"citation-388 citation-389 citation-390 citation-end-390\">\u00e1m d\u0169ng c\u1ea3m chi\u1ebfn th\u1eafng m\u1ecdi khu\u00f4n m\u1eabu, \u0111\u1ecbnh ki\u1ebfn, \u0111i ng\u01b0\u1ee3c \u0111\u00e1m \u0111\u00f4ng \u0111\u1ec3 kh\u1eb3ng \u0111\u1ecbnh b\u1ea3n s\u1eafc <\/span><span class=\"citation-388 citation-389 citation-end-389\">ri\u00eang c\u1ee7a m\u00ecnh kh\u00f4ng? C\u00f3 bao gi\u1edd b\u1ea1n t\u1ef1 h\u1ecfi nh\u01b0 th\u1ebf, r\u1ed3i c\u00f3 c\u00e2u tr\u1ea3 l\u1eddi cho ch\u00ednh m\u00ecnh?<\/span><\/p>\n<h2 data-path-to-node=\"5\"><\/h2>\n<h2 data-path-to-node=\"5\"><b data-path-to-node=\"5\" data-index-in-node=\"0\"><span class=\"citation-387 citation-end-387\">T<\/span>\u01b0 duy ng\u01b0\u1ee3c l\u00e0 g\u00ec v\u00e0 t\u1ea1i sao b\u1ea1n c\u1ea7n n\u00f3?<\/b><\/h2>\n<p data-path-to-node=\"6\">Trong th\u1ef1c t\u1ebf, <span class=\"citation-385 citation-386 citation-end-386\">kh\u00f4ng ph\u1ea3i ai c\u0169ng \u0111ang s\u1ed1ng cu\u1ed9c \u0111\u1eddi c\u1ee7a m\u00ecnh, kh\u00f4ng ph\u1ea3i ai c\u0169ng d\u00e1m v\u01b0\u1ee3t qua m\u1ecdi l\u1ed1i m\u00f2n \u0111\u1ec3 s\u00e1ng t\u1ea1o v\u00e0 th\u00e0nh c\u00f4ng. D\u1ef1a tr\u00ean vi\u1ec7c nghi\u00ean c\u1ee9u, t\u00ecm hi\u1ec3u, ch\u1eaft l\u1ecdc, t\u00ecm ki\u1ebfm, ghi ch\u00e9p t\u1eeb<\/span><span class=\"citation-385 citation-end-385\"> c\u00e1c c\u00e2u chuy\u1ec7n trong \u0111\u1eddi s\u1ed1ng, c\u0169ng nh\u01b0 tr\u1ea3i nghi\u1ec7m c\u1ee7a b\u1ea3n th\u00e2n, t<\/span>\u00e1c gi\u1ea3 \u0111\u00e3 vi\u1ebft n\u00ean cu\u1ed1n s\u00e1ch n\u00e0y.<\/p>\n<p data-path-to-node=\"7\">V\u1eadn d\u1ee5ng <b data-path-to-node=\"7\" data-index-in-node=\"9\">t\u01b0 duy ng\u01b0\u1ee3c<\/b> gi\u00fap b\u1ea1n nh\u00ecn nh\u1eadn v\u1ea5n \u0111\u1ec1 t\u1eeb m\u1ed9t g\u00f3c \u0111\u1ed9 ho\u00e0n to\u00e0n kh\u00e1c, t\u1eeb \u0111\u00f3 t\u00ecm ra nh\u1eefng gi\u1ea3i ph\u00e1p \u0111\u1ed9t ph\u00e1 m\u00e0 nh\u1eefng c\u00e1ch suy ngh\u0129 th\u00f4ng th\u01b0\u1eddng kh\u00f4ng th\u1ec3 ch\u1ea1m t\u1edbi.<\/p>\n<h3 data-path-to-node=\"8\"><\/h3>\n<h3 data-path-to-node=\"8\"><b data-path-to-node=\"8\" data-index-in-node=\"0\">Gi\u00e1 tr\u1ecb c\u1ed1t l\u00f5i t\u1eeb cu\u1ed1n s\u00e1ch T\u01b0 Duy Ng\u01b0\u1ee3c<\/b><\/h3>\n<p data-path-to-node=\"9\">Cu\u1ed1n s\u00e1ch s\u1ebd l\u00e0 kim ch\u1ec9 nam gi\u00fap b\u1ea1n gi\u1ea3i m\u00e3 b\u1ea3n th\u00e2n l\u00e0 ai, b\u1ea1n c\u1ea7n <b data-path-to-node=\"9\" data-index-in-node=\"69\">t\u01b0 duy ng\u01b0\u1ee3c<\/b> \u0111\u1ec3 th\u00e0nh c\u00f4ng v\u00e0 h\u1ea1nh ph\u00fac nh\u01b0 th\u1ebf n\u00e0o. N\u1ed9i dung s\u00e1ch t\u1eadp trung v\u00e0o:<\/p>\n<ul data-path-to-node=\"10\">\n<li>\n<p data-path-to-node=\"10,0,0\"><b data-path-to-node=\"10,0,0\" data-index-in-node=\"0\">\u0110\u1ecbnh v\u1ecb b\u1ea3n th\u00e2n:<\/b> Hi\u1ec3u r\u00f5 gi\u00e1 tr\u1ecb ri\u00eang gi\u1eefa \u0111\u00e1m \u0111\u00f4ng.<\/p>\n<\/li>\n<li>\n<p data-path-to-node=\"10,1,0\"><b data-path-to-node=\"10,1,0\" data-index-in-node=\"0\">Ph\u00e1 v\u1ee1 gi\u1edbi h\u1ea1n:<\/b> V\u01b0\u1ee3t qua nh\u1eefng \u0111\u1ecbnh ki\u1ebfn v\u00e0 r\u00e0o c\u1ea3n x\u00e3 h\u1ed9i.<\/p>\n<\/li>\n<li>\n<p data-path-to-node=\"10,2,0\"><b data-path-to-node=\"10,2,0\" data-index-in-node=\"0\">Ph\u01b0\u01a1ng ph\u00e1p th\u1ef1c ti\u1ec5n:<\/b> C\u00e1c b\u01b0\u1edbc c\u1ee5 th\u1ec3 \u0111\u1ec3 d\u0169ng c\u1ea3m s\u1ed1ng cu\u1ed9c \u0111\u1eddi m\u00e0 b\u1ea1n mu\u1ed1n.<\/p>\n<\/li>\n<\/ul>\n<p data-path-to-node=\"11\">N\u1ebfu b\u1ea1n \u0111ang t\u00ecm ki\u1ebfm m\u1ed9t s\u1ef1 thay \u0111\u1ed5i m\u1ea1nh m\u1ebd trong c\u00e1ch suy ngh\u0129 v\u00e0 h\u00e0nh \u0111\u1ed9ng, <b data-path-to-node=\"11\" data-index-in-node=\"80\">T\u01b0 Duy Ng\u01b0\u1ee3c<\/b> ch\u00ednh l\u00e0 l\u1ef1a ch\u1ecdn ho\u00e0n h\u1ea3o d\u00e0nh cho t\u1ee7 s\u00e1ch c\u1ee7a b\u1ea1n. H\u00e3y b\u1eaft \u0111\u1ea7u h\u00e0nh tr\u00ecnh thay \u0111\u1ed5i ngay h\u00f4m nay \u0111\u1ec3 kh\u00f4ng c\u00f2n ph\u1ea3i h\u1ed1i ti\u1ebfc v\u1ec1 nh\u1eefng l\u1ed1i m\u00f2n c\u0169 k\u1ef9.<\/p>\n","protected":false},"excerpt":{"rendered":"<p><b data-path-to-node=\"31,0\" data-index-in-node=\"0\">S\u00e1ch T\u01b0 Duy Ng\u01b0\u1ee3c<\/b> \u2013 M\u1ed9t h\u00e0nh tr\u00ecnh gi\u00fap b\u1ea1n d\u0169ng c\u1ea3m ph\u00e1 v\u1ee1 m\u1ecdi khu\u00f4n m\u1eabu, \u0111\u1ecbnh ki\u1ebfn \u0111\u1ec3 t\u00ecm th\u1ea5y b\u1ea3n s\u1eafc ri\u00eang v\u00e0 th\u00e0nh c\u00f4ng theo c\u00e1ch kh\u00e1c bi\u1ec7t. M\u1ed9t cu\u1ed1n s\u00e1ch kh\u00f4ng th\u1ec3 thi\u1ebfu cho nh\u1eefng ai mu\u1ed1n thay \u0111\u1ed5i t\u01b0 duy v\u00e0 l\u00e0m ch\u1ee7 cu\u1ed9c \u0111\u1eddi.<\/p>\n","protected":false},"featured_media":143,"comment_status":"open","ping_status":"closed","template":"","meta":[],"product_brand":[],"product_cat":[19,32,31],"product_tag":[],"class_list":{"0":"post-231","1":"product","2":"type-product","3":"status-publish","4":"has-post-thumbnail","6":"product_cat-ky-nang-song-song-dep","7":"product_cat-sach-moi","8":"product_cat-sale-off","10":"first","11":"instock","12":"sale","13":"shipping-taxable","14":"purchasable","15":"product-type-variable"},"yoast_head":"<!-- This site is optimized with the Yoast SEO plugin v26.9 - https:\/\/yoast.com\/product\/yoast-seo-wordpress\/ -->\n<title>S\u00e1ch T\u01b0 Duy Ng\u01b0\u1ee3c - Thay \u0110\u1ed5i C\u00e1ch Ngh\u0129 \u0110\u1ec3 Th\u00e0nh C\u00f4ng<\/title>\n<meta name=\"description\" content=\"Kh\u00e1m ph\u00e1 cu\u1ed1n s\u00e1ch T\u01b0 Duy Ng\u01b0\u1ee3c \u0111\u1ec3 gi\u1ea3i m\u00e3 b\u1ea3n th\u00e2n, v\u01b0\u1ee3t qua \u0111\u1ecbnh ki\u1ebfn v\u00e0 t\u00ecm l\u1ea1i h\u1ea1nh ph\u00fac th\u1ef1c s\u1ef1. H\u1ecdc c\u00e1ch t\u01b0 duy ng\u01b0\u1ee3c \u0111\u1ec3 b\u1ee9t ph\u00e1 v\u00e0 th\u00e0nh c\u00f4ng ngay.\" \/>\n<meta name=\"robots\" content=\"index, follow, max-snippet:-1, max-image-preview:large, max-video-preview:-1\" \/>\n<link rel=\"canonical\" href=\"https:\/\/gocsach.azdigi.shop\/?product=sach-tu-duy-nguoc\" \/>\n<meta property=\"og:locale\" content=\"vi_VN\" \/>\n<meta property=\"og:type\" content=\"article\" \/>\n<meta property=\"og:title\" content=\"S\u00e1ch T\u01b0 Duy Ng\u01b0\u1ee3c - Thay \u0110\u1ed5i C\u00e1ch Ngh\u0129 \u0110\u1ec3 Th\u00e0nh C\u00f4ng\" \/>\n<meta property=\"og:description\" content=\"Kh\u00e1m ph\u00e1 cu\u1ed1n s\u00e1ch T\u01b0 Duy Ng\u01b0\u1ee3c \u0111\u1ec3 gi\u1ea3i m\u00e3 b\u1ea3n th\u00e2n, v\u01b0\u1ee3t qua \u0111\u1ecbnh ki\u1ebfn v\u00e0 t\u00ecm l\u1ea1i h\u1ea1nh ph\u00fac th\u1ef1c s\u1ef1. H\u1ecdc c\u00e1ch t\u01b0 duy ng\u01b0\u1ee3c \u0111\u1ec3 b\u1ee9t ph\u00e1 v\u00e0 th\u00e0nh c\u00f4ng ngay.\" \/>\n<meta property=\"og:url\" content=\"https:\/\/gocsach.azdigi.shop\/?product=sach-tu-duy-nguoc\" \/>\n<meta property=\"og:site_name\" content=\"G\u00f3c s\u00e1ch\" \/>\n<meta property=\"article:modified_time\" content=\"2026-04-17T14:16:30+00:00\" \/>\n<meta property=\"og:image\" content=\"https:\/\/gocsach.azdigi.shop\/wp-content\/uploads\/2026\/03\/34.webp\" \/>\n\t<meta property=\"og:image:width\" content=\"400\" \/>\n\t<meta property=\"og:image:height\" content=\"600\" \/>\n\t<meta property=\"og:image:type\" content=\"image\/webp\" \/>\n<meta name=\"twitter:card\" content=\"summary_large_image\" \/>\n<meta name=\"twitter:label1\" content=\"\u01af\u1edbc t\u00ednh th\u1eddi gian \u0111\u1ecdc\" \/>\n\t<meta name=\"twitter:data1\" content=\"3 ph\u00fat\" \/>\n<script type=\"application\/ld+json\" class=\"yoast-schema-graph\">{\"@context\":\"https:\/\/schema.org\",\"@graph\":[{\"@type\":\"WebPage\",\"@id\":\"https:\/\/gocsach.azdigi.shop\/?product=sach-tu-duy-nguoc\",\"url\":\"https:\/\/gocsach.azdigi.shop\/?product=sach-tu-duy-nguoc\",\"name\":\"S\u00e1ch T\u01b0 Duy Ng\u01b0\u1ee3c - Thay \u0110\u1ed5i C\u00e1ch Ngh\u0129 \u0110\u1ec3 Th\u00e0nh C\u00f4ng\",\"isPartOf\":{\"@id\":\"https:\/\/gocsach.azdigi.shop\/#website\"},\"primaryImageOfPage\":{\"@id\":\"https:\/\/gocsach.azdigi.shop\/?product=sach-tu-duy-nguoc#primaryimage\"},\"image\":{\"@id\":\"https:\/\/gocsach.azdigi.shop\/?product=sach-tu-duy-nguoc#primaryimage\"},\"thumbnailUrl\":\"https:\/\/gocsach.azdigi.shop\/wp-content\/uploads\/2026\/03\/34.webp\",\"datePublished\":\"2026-03-29T07:49:38+00:00\",\"dateModified\":\"2026-04-17T14:16:30+00:00\",\"description\":\"Kh\u00e1m ph\u00e1 cu\u1ed1n s\u00e1ch T\u01b0 Duy Ng\u01b0\u1ee3c \u0111\u1ec3 gi\u1ea3i m\u00e3 b\u1ea3n th\u00e2n, v\u01b0\u1ee3t qua \u0111\u1ecbnh ki\u1ebfn v\u00e0 t\u00ecm l\u1ea1i h\u1ea1nh ph\u00fac th\u1ef1c s\u1ef1. H\u1ecdc c\u00e1ch t\u01b0 duy ng\u01b0\u1ee3c \u0111\u1ec3 b\u1ee9t ph\u00e1 v\u00e0 th\u00e0nh c\u00f4ng ngay.\",\"breadcrumb\":{\"@id\":\"https:\/\/gocsach.azdigi.shop\/?product=sach-tu-duy-nguoc#breadcrumb\"},\"inLanguage\":\"vi\",\"potentialAction\":[{\"@type\":\"ReadAction\",\"target\":[\"https:\/\/gocsach.azdigi.shop\/?product=sach-tu-duy-nguoc\"]}]},{\"@type\":\"ImageObject\",\"inLanguage\":\"vi\",\"@id\":\"https:\/\/gocsach.azdigi.shop\/?product=sach-tu-duy-nguoc#primaryimage\",\"url\":\"https:\/\/gocsach.azdigi.shop\/wp-content\/uploads\/2026\/03\/34.webp\",\"contentUrl\":\"https:\/\/gocsach.azdigi.shop\/wp-content\/uploads\/2026\/03\/34.webp\",\"width\":400,\"height\":600},{\"@type\":\"BreadcrumbList\",\"@id\":\"https:\/\/gocsach.azdigi.shop\/?product=sach-tu-duy-nguoc#breadcrumb\",\"itemListElement\":[{\"@type\":\"ListItem\",\"position\":1,\"name\":\"Trang ch\u1ee7\",\"item\":\"https:\/\/gocsach.azdigi.shop\/\"},{\"@type\":\"ListItem\",\"position\":2,\"name\":\"C\u1eeda h\u00e0ng\",\"item\":\"https:\/\/gocsach.azdigi.shop\/?page_id=146\"},{\"@type\":\"ListItem\",\"position\":3,\"name\":\"T\u01b0 Duy Ng\u01b0\u1ee3c\"}]},{\"@type\":\"WebSite\",\"@id\":\"https:\/\/gocsach.azdigi.shop\/#website\",\"url\":\"https:\/\/gocsach.azdigi.shop\/\",\"name\":\"G\u00f3c s\u00e1ch\",\"description\":\"\",\"potentialAction\":[{\"@type\":\"SearchAction\",\"target\":{\"@type\":\"EntryPoint\",\"urlTemplate\":\"https:\/\/gocsach.azdigi.shop\/?s={search_term_string}\"},\"query-input\":{\"@type\":\"PropertyValueSpecification\",\"valueRequired\":true,\"valueName\":\"search_term_string\"}}],\"inLanguage\":\"vi\"}]}<\/script>\n<!-- \/ Yoast SEO plugin. -->","yoast_head_json":{"title":"S\u00e1ch T\u01b0 Duy Ng\u01b0\u1ee3c - Thay \u0110\u1ed5i C\u00e1ch Ngh\u0129 \u0110\u1ec3 Th\u00e0nh C\u00f4ng","description":"Kh\u00e1m ph\u00e1 cu\u1ed1n s\u00e1ch T\u01b0 Duy Ng\u01b0\u1ee3c \u0111\u1ec3 gi\u1ea3i m\u00e3 b\u1ea3n th\u00e2n, v\u01b0\u1ee3t qua \u0111\u1ecbnh ki\u1ebfn v\u00e0 t\u00ecm l\u1ea1i h\u1ea1nh ph\u00fac th\u1ef1c s\u1ef1. H\u1ecdc c\u00e1ch t\u01b0 duy ng\u01b0\u1ee3c \u0111\u1ec3 b\u1ee9t ph\u00e1 v\u00e0 th\u00e0nh c\u00f4ng ngay.","robots":{"index":"index","follow":"follow","max-snippet":"max-snippet:-1","max-image-preview":"max-image-preview:large","max-video-preview":"max-video-preview:-1"},"canonical":"https:\/\/gocsach.azdigi.shop\/?product=sach-tu-duy-nguoc","og_locale":"vi_VN","og_type":"article","og_title":"S\u00e1ch T\u01b0 Duy Ng\u01b0\u1ee3c - Thay \u0110\u1ed5i C\u00e1ch Ngh\u0129 \u0110\u1ec3 Th\u00e0nh C\u00f4ng","og_description":"Kh\u00e1m ph\u00e1 cu\u1ed1n s\u00e1ch T\u01b0 Duy Ng\u01b0\u1ee3c \u0111\u1ec3 gi\u1ea3i m\u00e3 b\u1ea3n th\u00e2n, v\u01b0\u1ee3t qua \u0111\u1ecbnh ki\u1ebfn v\u00e0 t\u00ecm l\u1ea1i h\u1ea1nh ph\u00fac th\u1ef1c s\u1ef1. H\u1ecdc c\u00e1ch t\u01b0 duy ng\u01b0\u1ee3c \u0111\u1ec3 b\u1ee9t ph\u00e1 v\u00e0 th\u00e0nh c\u00f4ng ngay.","og_url":"https:\/\/gocsach.azdigi.shop\/?product=sach-tu-duy-nguoc","og_site_name":"G\u00f3c s\u00e1ch","article_modified_time":"2026-04-17T14:16:30+00:00","og_image":[{"width":400,"height":600,"url":"https:\/\/gocsach.azdigi.shop\/wp-content\/uploads\/2026\/03\/34.webp","type":"image\/webp"}],"twitter_card":"summary_large_image","twitter_misc":{"\u01af\u1edbc t\u00ednh th\u1eddi gian \u0111\u1ecdc":"3 ph\u00fat"},"schema":{"@context":"https:\/\/schema.org","@graph":[{"@type":"WebPage","@id":"https:\/\/gocsach.azdigi.shop\/?product=sach-tu-duy-nguoc","url":"https:\/\/gocsach.azdigi.shop\/?product=sach-tu-duy-nguoc","name":"S\u00e1ch T\u01b0 Duy Ng\u01b0\u1ee3c - Thay \u0110\u1ed5i C\u00e1ch Ngh\u0129 \u0110\u1ec3 Th\u00e0nh C\u00f4ng","isPartOf":{"@id":"https:\/\/gocsach.azdigi.shop\/#website"},"primaryImageOfPage":{"@id":"https:\/\/gocsach.azdigi.shop\/?product=sach-tu-duy-nguoc#primaryimage"},"image":{"@id":"https:\/\/gocsach.azdigi.shop\/?product=sach-tu-duy-nguoc#primaryimage"},"thumbnailUrl":"https:\/\/gocsach.azdigi.shop\/wp-content\/uploads\/2026\/03\/34.webp","datePublished":"2026-03-29T07:49:38+00:00","dateModified":"2026-04-17T14:16:30+00:00","description":"Kh\u00e1m ph\u00e1 cu\u1ed1n s\u00e1ch T\u01b0 Duy Ng\u01b0\u1ee3c \u0111\u1ec3 gi\u1ea3i m\u00e3 b\u1ea3n th\u00e2n, v\u01b0\u1ee3t qua \u0111\u1ecbnh ki\u1ebfn v\u00e0 t\u00ecm l\u1ea1i h\u1ea1nh ph\u00fac th\u1ef1c s\u1ef1. H\u1ecdc c\u00e1ch t\u01b0 duy ng\u01b0\u1ee3c \u0111\u1ec3 b\u1ee9t ph\u00e1 v\u00e0 th\u00e0nh c\u00f4ng ngay.","breadcrumb":{"@id":"https:\/\/gocsach.azdigi.shop\/?product=sach-tu-duy-nguoc#breadcrumb"},"inLanguage":"vi","potentialAction":[{"@type":"ReadAction","target":["https:\/\/gocsach.azdigi.shop\/?product=sach-tu-duy-nguoc"]}]},{"@type":"ImageObject","inLanguage":"vi","@id":"https:\/\/gocsach.azdigi.shop\/?product=sach-tu-duy-nguoc#primaryimage","url":"https:\/\/gocsach.azdigi.shop\/wp-content\/uploads\/2026\/03\/34.webp","contentUrl":"https:\/\/gocsach.azdigi.shop\/wp-content\/uploads\/2026\/03\/34.webp","width":400,"height":600},{"@type":"BreadcrumbList","@id":"https:\/\/gocsach.azdigi.shop\/?product=sach-tu-duy-nguoc#breadcrumb","itemListElement":[{"@type":"ListItem","position":1,"name":"Trang ch\u1ee7","item":"https:\/\/gocsach.azdigi.shop\/"},{"@type":"ListItem","position":2,"name":"C\u1eeda h\u00e0ng","item":"https:\/\/gocsach.azdigi.shop\/?page_id=146"},{"@type":"ListItem","position":3,"name":"T\u01b0 Duy Ng\u01b0\u1ee3c"}]},{"@type":"WebSite","@id":"https:\/\/gocsach.azdigi.shop\/#website","url":"https:\/\/gocsach.azdigi.shop\/","name":"G\u00f3c s\u00e1ch","description":"","potentialAction":[{"@type":"SearchAction","target":{"@type":"EntryPoint","urlTemplate":"https:\/\/gocsach.azdigi.shop\/?s={search_term_string}"},"query-input":{"@type":"PropertyValueSpecification","valueRequired":true,"valueName":"search_term_string"}}],"inLanguage":"vi"}]}},"_links":{"self":[{"href":"https:\/\/gocsach.azdigi.shop\/index.php?rest_route=\/wp\/v2\/product\/231","targetHints":{"allow":["GET"]}}],"collection":[{"href":"https:\/\/gocsach.azdigi.shop\/index.php?rest_route=\/wp\/v2\/product"}],"about":[{"href":"https:\/\/gocsach.azdigi.shop\/index.php?rest_route=\/wp\/v2\/types\/product"}],"replies":[{"embeddable":true,"href":"https:\/\/gocsach.azdigi.shop\/index.php?rest_route=%2Fwp%2Fv2%2Fcomments&post=231"}],"wp:featuredmedia":[{"embeddable":true,"href":"https:\/\/gocsach.azdigi.shop\/index.php?rest_route=\/wp\/v2\/media\/143"}],"wp:attachment":[{"href":"https:\/\/gocsach.azdigi.shop\/index.php?rest_route=%2Fwp%2Fv2%2Fmedia&parent=231"}],"wp:term":[{"taxonomy":"product_brand","embeddable":true,"href":"https:\/\/gocsach.azdigi.shop\/index.php?rest_route=%2Fwp%2Fv2%2Fproduct_brand&post=231"},{"taxonomy":"product_cat","embeddable":true,"href":"https:\/\/gocsach.azdigi.shop\/index.php?rest_route=%2Fwp%2Fv2%2Fproduct_cat&post=231"},{"taxonomy":"product_tag","embeddable":true,"href":"https:\/\/gocsach.azdigi.shop\/index.php?rest_route=%2Fwp%2Fv2%2Fproduct_tag&post=231"}],"curies":[{"name":"wp","href":"https:\/\/api.w.org\/{rel}","templated":true}]}}